{"id":8,"date":"2020-04-01T12:06:16","date_gmt":"2020-04-01T12:06:16","guid":{"rendered":"http:\/\/www.semente-de-letras.pt\/website\/?page_id=8"},"modified":"2026-04-16T08:32:21","modified_gmt":"2026-04-16T08:32:21","slug":"literatura","status":"publish","type":"page","link":"http:\/\/www.semente-de-letras.pt\/website\/","title":{"rendered":""},"content":{"rendered":"<p style=\"text-align: center;\"><span style=\"font-size: 10pt; font-family: verdana, geneva, sans-serif;\"><strong>\u201c<em>Os livros s\u00e3o os mais silenciosos e constantes amigos; os mais acess\u00edveis e s\u00e1bios conselheiros; e os mais pacientes professores.\u201d<\/em><span style=\"font-size: 8pt;\">&nbsp;<\/span><\/strong><span style=\"font-size: 8pt;\">(Charles W. Elliot)<\/span><\/span><\/p>\n<hr>\n<p style=\"text-align: center;\"><img loading=\"lazy\" decoding=\"async\" class=\"aligncenter wp-image-1926 size-medium\" src=\"https:\/\/www.semente-de-letras.pt\/website\/wp-content\/uploads\/2025\/08\/enigma_templario_1-300x300.png\" alt=\"\" width=\"300\" height=\"300\" srcset=\"http:\/\/www.semente-de-letras.pt\/website\/wp-content\/uploads\/2025\/08\/enigma_templario_1-300x300.png 300w, http:\/\/www.semente-de-letras.pt\/website\/wp-content\/uploads\/2025\/08\/enigma_templario_1-150x150.png 150w, http:\/\/www.semente-de-letras.pt\/website\/wp-content\/uploads\/2025\/08\/enigma_templario_1-768x768.png 768w, http:\/\/www.semente-de-letras.pt\/website\/wp-content\/uploads\/2025\/08\/enigma_templario_1-100x100.png 100w, http:\/\/www.semente-de-letras.pt\/website\/wp-content\/uploads\/2025\/08\/enigma_templario_1.png 1024w\" sizes=\"auto, (max-width: 300px) 100vw, 300px\" \/><em><span style=\"font-size: 10pt; font-family: verdana, geneva, sans-serif;\"><strong>nos Caminhos para Compostela<\/strong><\/span><\/em><\/p>\n<p><span style=\"font-family: verdana, geneva, sans-serif; font-size: 8pt;\"><strong>20 de setembro de 2025<\/strong> &#8211; Centro de Mem\u00f3ria de Vila do Conde<\/span><br \/>\n<span style=\"font-family: verdana, geneva, sans-serif; font-size: 8pt;\"><strong>11 de outubro de 2025 <\/strong>&#8211; Museu Municipal da P\u00f3voa de Varzim<\/span><br \/>\n<span style=\"font-family: verdana, geneva, sans-serif; font-size: 8pt;\"><strong>Data a definir<\/strong>&nbsp;&#8211; Mosteiro de Moreira da Maia<\/span><\/p>\n<p style=\"text-align: center;\"><span style=\"font-family: verdana, geneva, sans-serif; font-size: 8pt;\">[<a href=\"https:\/\/www.semente-de-letras.pt\/website\/galeria-de-imagens\/\">ver fotografias dos eventos<\/a>]<\/span><\/p>\n<hr>\n<p style=\"text-align: center;\"><span style=\"font-family: verdana, geneva, sans-serif; font-size: 10pt;\">Lan\u00e7amento da obra &#8220;<em>Quem Desenha Quer Pintar &#8211; Vila do Conde<\/em>&#8221; | 21 de junho de 2025<br \/>\n<\/span><span style=\"font-family: verdana, geneva, sans-serif; font-size: 8pt;\">[<a href=\"https:\/\/www.semente-de-letras.pt\/website\/galeria-de-imagens\/\">ver fotografias do evento<\/a>]<\/span><\/p>\n<hr>\n<p style=\"text-align: center;\"><img loading=\"lazy\" decoding=\"async\" class=\"aligncenter wp-image-1736\" src=\"https:\/\/www.semente-de-letras.pt\/website\/wp-content\/uploads\/2025\/04\/cer_2-300x282.png\" alt=\"\" width=\"100\" height=\"94\" srcset=\"http:\/\/www.semente-de-letras.pt\/website\/wp-content\/uploads\/2025\/04\/cer_2-300x282.png 300w, http:\/\/www.semente-de-letras.pt\/website\/wp-content\/uploads\/2025\/04\/cer_2-768x721.png 768w, http:\/\/www.semente-de-letras.pt\/website\/wp-content\/uploads\/2025\/04\/cer_2.png 940w\" sizes=\"auto, (max-width: 100px) 100vw, 100px\" \/><span style=\"font-family: verdana, geneva, sans-serif; color: #808000;\"><strong>CER<br \/>\n<\/strong><\/span><span style=\"font-family: verdana, geneva, sans-serif; font-size: 8pt;\">Esta distin\u00e7\u00e3o \u00e9 atribu\u00edda pela editora a livros que possuem um valor inquestion\u00e1vel para p\u00fablicos em idade escolar.<\/span><\/p>\n<hr>\n<p style=\"text-align: center;\"><span style=\"font-family: verdana, geneva, sans-serif; font-size: 10pt;\"><strong>QUEM SOMOS&#8230;<\/strong><\/span><\/p>\n<p><span style=\"font-size: 8pt; font-family: verdana, geneva, sans-serif;\"><strong>MISS\u00c3O<br \/>\n<\/strong>Somos uma editora orientada para a divulga\u00e7\u00e3o de novos talentos na \u00e1rea da escrita e da ilustra\u00e7\u00e3o, fornecendo produtos de qualidade adequados a diferentes p\u00fablicos e faixas et\u00e1rias.<br \/>\n<\/span><span style=\"font-size: 8pt; font-family: verdana, geneva, sans-serif;\"><strong style=\"font-style: inherit;\">VALORES<br \/>\n<\/strong>Dedica\u00e7\u00e3o, empenho e honestidade, criatividade e inova\u00e7\u00e3o,&nbsp;s\u00e3o os valores que norteiam o trabalho de toda a equipa que constitui a Semente de Letras\u00ae.<br \/>\n<\/span><span style=\"font-size: 8pt; font-family: verdana, geneva, sans-serif;\"><strong style=\"font-style: inherit;\">VIS\u00c3O<br \/>\n<\/strong>Queremos ser uma refer\u00eancia na \u00e1rea da escrita e da ilustra\u00e7\u00e3o, com produtos editoriais de qualidade, criativos e inovadores.<\/span><\/p>\n<hr>\n<p><!-- Inicio codigo Contador --><\/p>\n<div align=\"center\"><span style=\"font-family: verdana, geneva, sans-serif; font-size: 10pt;\">Visitantes<\/span><\/div>\n<div align=\"center\"><a title=\"Semente de Letras\" href=\"https:\/\/www.semente-de-letras.pt\"><img decoding=\"async\" src=\"https:\/\/contador-gratis.com\/contadores-de-visitas\/010625030529999.gif\"><\/a><\/div>\n<p style=\"text-align: center;\"><span style=\"font-family: verdana, geneva, sans-serif; font-size: 8pt;\">Este site utiliza imagens baseadas em Intelig\u00eancia Artificial | Este site cont\u00e9m links para conte\u00fados externos<br \/>\n<\/span><span style=\"font-size: 10pt; font-family: verdana, geneva, sans-serif;\">Semente de Letras<sup>\u00ae<\/sup> no <a href=\"https:\/\/www.facebook.com\/semente.de.letras\/?ref=settings\" target=\"_blank\" rel=\"noopener\">Facebook<\/a> no <a href=\"https:\/\/www.instagram.com\/semente_de_letras\/\" target=\"_blank\" rel=\"noopener\">Instagram<\/a> no <a href=\"https:\/\/www.youtube.com\/@SementeLetras\" target=\"_blank\" rel=\"noopener\">YouTube<\/a><\/span><\/p>\n<table style=\"border-collapse: collapse; width: 100%; height: 103px;\">\n<tbody>\n<tr style=\"height: 103px;\">\n<td style=\"width: 33.3333%; text-align: center; height: 103px;\"><img loading=\"lazy\" decoding=\"async\" class=\"aligncenter wp-image-1179\" style=\"font-family: verdana, geneva, sans-serif; font-size: 13.3333px;\" src=\"https:\/\/www.semente-de-letras.pt\/website\/wp-content\/uploads\/2024\/09\/responsive_website_b.png\" alt=\"\" width=\"100\" height=\"61\"><\/td>\n<td style=\"width: 33.3333%; text-align: center; height: 103px;\"><span style=\"font-size: 8pt;\"><span style=\"font-family: verdana, geneva, sans-serif; text-align: start;\"><strong>Semente de Letras<\/strong><\/span><sup style=\"font-family: verdana, geneva, sans-serif; text-align: start;\"><strong>\u00ae<\/strong><\/sup><\/span><span style=\"font-size: 8pt;\"><span style=\"font-family: verdana, geneva, sans-serif; text-align: start;\"><br \/>\n<\/span><a href=\"https:\/\/servicosonline.inpi.justica.gov.pt\/pesquisas\/main\/marcas.jsp?lang=PT\" target=\"_blank\" rel=\"noopener\"><strong style=\"font-family: verdana, geneva, sans-serif; text-align: start;\">MARCA NACIONAL N\u00ba 499890<\/strong><\/a><\/span><\/td>\n<td style=\"width: 33.3333%; text-align: center; height: 103px;\"><a href=\"https:\/\/www.livroreclamacoes.pt\/inicio\"><img loading=\"lazy\" decoding=\"async\" class=\"aligncenter wp-image-1557\" src=\"https:\/\/www.semente-de-letras.pt\/website\/wp-content\/uploads\/2024\/11\/LIVRO_DE_RECLAMA___ESLO_1_980_2500.png\" alt=\"\" width=\"80\" height=\"33\"><\/a><\/td>\n<\/tr>\n<\/tbody>\n<\/table>\n<p>&nbsp;<\/p>\n","protected":false},"excerpt":{"rendered":"<p>\u201cOs livros s\u00e3o os mais silenciosos e constantes amigos; os mais acess\u00edveis e s\u00e1bios conselheiros; e os mais pacientes professores.\u201d&nbsp;(Charles W. Elliot) nos Caminhos para Compostela 20 de setembro de 2025 &#8211; Centro de Mem\u00f3ria de Vila do Conde 11 de outubro de 2025 &#8211; Museu Municipal da P\u00f3voa de Varzim Data a definir&nbsp;&#8211; Mosteiro &hellip; <\/p>\n<p class=\"link-more\"><a href=\"http:\/\/www.semente-de-letras.pt\/website\/\" class=\"more-link\">Continuar a ler <span class=\"screen-reader-text\">&#8220;&#8221;<\/span><\/a><\/p>\n","protected":false},"author":1,"featured_media":1116,"parent":0,"menu_order":2,"comment_status":"closed","ping_status":"closed","template":"","meta":{"ngg_post_thumbnail":0,"footnotes":""},"class_list":["post-8","page","type-page","status-publish","has-post-thumbnail","hentry"],"_links":{"self":[{"href":"http:\/\/www.semente-de-letras.pt\/website\/wp-json\/wp\/v2\/pages\/8","targetHints":{"allow":["GET"]}}],"collection":[{"href":"http:\/\/www.semente-de-letras.pt\/website\/wp-json\/wp\/v2\/pages"}],"about":[{"href":"http:\/\/www.semente-de-letras.pt\/website\/wp-json\/wp\/v2\/types\/page"}],"author":[{"embeddable":true,"href":"http:\/\/www.semente-de-letras.pt\/website\/wp-json\/wp\/v2\/users\/1"}],"replies":[{"embeddable":true,"href":"http:\/\/www.semente-de-letras.pt\/website\/wp-json\/wp\/v2\/comments?post=8"}],"version-history":[{"count":87,"href":"http:\/\/www.semente-de-letras.pt\/website\/wp-json\/wp\/v2\/pages\/8\/revisions"}],"predecessor-version":[{"id":2250,"href":"http:\/\/www.semente-de-letras.pt\/website\/wp-json\/wp\/v2\/pages\/8\/revisions\/2250"}],"wp:featuredmedia":[{"embeddable":true,"href":"http:\/\/www.semente-de-letras.pt\/website\/wp-json\/wp\/v2\/media\/1116"}],"wp:attachment":[{"href":"http:\/\/www.semente-de-letras.pt\/website\/wp-json\/wp\/v2\/media?parent=8"}],"curies":[{"name":"wp","href":"https:\/\/api.w.org\/{rel}","templated":true}]}}