{"id":1162,"date":"2024-09-03T21:57:48","date_gmt":"2024-09-03T21:57:48","guid":{"rendered":"https:\/\/www.semente-de-letras.pt\/website\/?page_id=1162"},"modified":"2024-12-26T10:54:38","modified_gmt":"2024-12-26T10:54:38","slug":"quem-desenha-quer-pintar-povoa-de-varzim","status":"publish","type":"page","link":"https:\/\/www.semente-de-letras.pt\/website\/quem-desenha-quer-pintar-povoa-de-varzim\/","title":{"rendered":"QUEM DESENHA QUER PINTAR | P\u00f3voa de Varzim"},"content":{"rendered":"<p style=\"text-align: center;\"><span style=\"font-family: verdana, geneva, sans-serif; font-size: 10pt;\"><img loading=\"lazy\" decoding=\"async\" class=\"aligncenter wp-image-1173\" src=\"https:\/\/www.semente-de-letras.pt\/website\/wp-content\/uploads\/2024\/09\/brasao_pvz.png\" alt=\"\" width=\"90\" height=\"90\" srcset=\"https:\/\/www.semente-de-letras.pt\/website\/wp-content\/uploads\/2024\/09\/brasao_pvz.png 300w, https:\/\/www.semente-de-letras.pt\/website\/wp-content\/uploads\/2024\/09\/brasao_pvz-150x150.png 150w, https:\/\/www.semente-de-letras.pt\/website\/wp-content\/uploads\/2024\/09\/brasao_pvz-100x100.png 100w\" sizes=\"auto, (max-width: 90px) 100vw, 90px\" \/><a id=\"A0\"><\/a><\/span><\/p>\n<p><span style=\"font-family: verdana, geneva, sans-serif; font-size: 10pt;\">A cidade da P\u00f3voa de Varzim, localizada no litoral norte de Portugal, \u00e9 detentora de uma longa hist\u00f3ria que remonta \u00e0 Pr\u00e9-hist\u00f3ria, sendo um dos mais antigos assentamentos humanos da regi\u00e3o. Com vest\u00edgios arqueol\u00f3gicos que evidenciam a presen\u00e7a de povos como os castrejos, a sua funda\u00e7\u00e3o formal como cidade moderna ocorre por volta do s\u00e9culo XVIII, quando come\u00e7a a ganhar destaque como um centro piscat\u00f3rio e comercial.<\/span><\/p>\n<p><span style=\"font-family: verdana, geneva, sans-serif; font-size: 10pt;\">Durante a Idade M\u00e9dia, a P\u00f3voa de Varzim era uma importante comunidade ligada ao mar, cujos pescadores abasteciam grande parte da regi\u00e3o do Minho e Douro. Ao longo dos s\u00e9culos, a cidade consolidou-se como um centro pesqueiro de relevo, e o seu porto era uma refer\u00eancia para a pesca do bacalhau, entre outros. Este forte v\u00ednculo com o mar moldou a identidade da cidade e da sua popula\u00e7\u00e3o.<\/span><\/p>\n<p><span style=\"font-family: verdana, geneva, sans-serif; font-size: 10pt;\">Um dos monumentos mais emblem\u00e1ticos da cidade \u00e9 a Igreja Matriz da P\u00f3voa de Varzim, dedicada a S\u00e3o Tiago. Esta igreja, que remonta ao s\u00e9culo XVIII, possui elementos barrocos e neocl\u00e1ssicos, refletindo o esp\u00edrito arquitet\u00f3nico da \u00e9poca. Outro marco importante \u00e9 o Forte de Nossa Senhora da Concei\u00e7\u00e3o, uma fortifica\u00e7\u00e3o constru\u00edda no s\u00e9culo XVIII para defender a costa dos ataques de piratas e cors\u00e1rios. O forte hoje \u00e9 um s\u00edmbolo da resist\u00eancia da cidade e da sua import\u00e2ncia estrat\u00e9gica durante s\u00e9culos.<\/span><\/p>\n<p><span style=\"font-family: verdana, geneva, sans-serif; font-size: 10pt;\">A cidade possui tamb\u00e9m um rico patrim\u00f3nio cultural com destaque para o Museu Municipal de Etnografia e Hist\u00f3ria da P\u00f3voa de Varzim, onde se preservam e exibem artefactos e tradi\u00e7\u00f5es que ilustram a vida mar\u00edtima da popula\u00e7\u00e3o ao longo dos s\u00e9culos.<\/span><\/p>\n<p><span style=\"font-family: verdana, geneva, sans-serif; font-size: 10pt;\">P\u00f3voa de Varzim ganhou ainda maior relev\u00e2ncia nos s\u00e9culos XIX e XX, quando se tornou um destino balnear popular, atraindo visitantes de todo o pa\u00eds. A arquitetura ecl\u00e9tica e Art D\u00e9co dos edif\u00edcios na zona costeira refletem esta \u00e9poca de crescimento e prosperidade.<\/span><\/p>\n<p><span style=\"font-family: verdana, geneva, sans-serif; font-size: 10pt;\">A cidade tem grande valor na Hist\u00f3ria de Portugal, especialmente pela sua liga\u00e7\u00e3o ao mar, \u00e0 pesca e ao com\u00e9rcio. A sua heran\u00e7a mar\u00edtima e cultural continua a ser preservada, tornando a P\u00f3voa de Varzim um local de grande e profundo interesse hist\u00f3rico e cultural no contexto portugu\u00eas.<\/span><\/p>\n<hr \/>\n<ul>\n<li><a id=\"A1\"><\/a><strong><span style=\"font-family: verdana, geneva, sans-serif; font-size: 10pt;\">Aqueduto de Coelheiro<\/span><\/strong><\/li>\n<\/ul>\n<p>&nbsp;<\/p>\n<hr \/>\n<ul>\n<li><a id=\"A2\"><\/a><strong><span style=\"font-family: verdana, geneva, sans-serif; font-size: 10pt;\">Aqueduto da P\u00f3voa de Varzim \/ Vila do Conde<\/span><\/strong><\/li>\n<\/ul>\n<p>&nbsp;<\/p>\n<hr \/>\n<ul>\n<li><a id=\"A3\"><\/a><strong><span style=\"font-family: verdana, geneva, sans-serif; font-size: 10pt;\">Cividade de Terroso<\/span><\/strong><\/li>\n<\/ul>\n<p>&nbsp;<\/p>\n<hr \/>\n<ul>\n<li><a id=\"A4\"><\/a><strong><span style=\"font-family: verdana, geneva, sans-serif; font-size: 10pt;\">C\u00e2mara Municipal<\/span><\/strong><\/li>\n<\/ul>\n<p>&nbsp;<\/p>\n<hr \/>\n<ul>\n<li><a id=\"A5\"><\/a><strong><span style=\"font-family: verdana, geneva, sans-serif; font-size: 10pt;\">Porto de Pesca<\/span><\/strong><\/li>\n<\/ul>\n<p>&nbsp;<\/p>\n<hr \/>\n<ul>\n<li><a id=\"A6\"><\/a><strong><span style=\"font-family: verdana, geneva, sans-serif; font-size: 10pt;\">Igreja Rom\u00e2nica de S. Pedro de Rates<\/span><\/strong><\/li>\n<\/ul>\n<p>&nbsp;<\/p>\n<hr \/>\n<ul>\n<li><a id=\"A7\"><\/a><strong><span style=\"font-family: verdana, geneva, sans-serif; font-size: 10pt;\">Pelourinho<\/span><\/strong><\/li>\n<\/ul>\n<p>&nbsp;<\/p>\n<hr \/>\n<ul>\n<li><a id=\"A8\"><\/a><strong><span style=\"font-family: verdana, geneva, sans-serif; font-size: 10pt;\">Sarga\u00e7o<\/span><\/strong><\/li>\n<\/ul>\n<p>&nbsp;<\/p>\n<hr \/>\n<ul>\n<li><strong><span style=\"font-family: verdana, geneva, sans-serif; font-size: 10pt;\"><a id=\"A9\"><\/a>Ruas hist\u00f3ricas<\/span><\/strong><\/li>\n<\/ul>\n<p>&nbsp;<\/p>\n<hr \/>\n<ul>\n<li><strong><span style=\"font-family: verdana, geneva, sans-serif; font-size: 10pt;\"><a id=\"A10\"><\/a>Farol de Regufe<\/span><\/strong><\/li>\n<\/ul>\n<p>&nbsp;<\/p>\n<hr \/>\n<ul>\n<li><strong><span style=\"font-family: verdana, geneva, sans-serif; font-size: 10pt;\"><a id=\"A11\"><\/a>Moinhos de La\u00fandos<\/span><\/strong><\/li>\n<\/ul>\n<p>&nbsp;<\/p>\n<hr \/>\n<ul>\n<li><strong><span style=\"font-family: verdana, geneva, sans-serif; font-size: 10pt;\"><a id=\"A12\"><\/a>Torre\u00f5es do Mercado<\/span><\/strong><\/li>\n<\/ul>\n<p>&nbsp;<\/p>\n<hr \/>\n<ul>\n<li><strong><span style=\"font-family: verdana, geneva, sans-serif; font-size: 10pt;\"><a id=\"A13\"><\/a>Forte de N.\u00aa S.\u00aa da Concei\u00e7\u00e3o<\/span><\/strong><\/li>\n<\/ul>\n<p>&nbsp;<\/p>\n<hr \/>\n<ul>\n<li><strong><span style=\"font-family: verdana, geneva, sans-serif; font-size: 10pt;\"><a id=\"A14\"><\/a>Marginal<\/span><\/strong><\/li>\n<\/ul>\n<p>&nbsp;<\/p>\n<hr \/>\n<ul>\n<li><span style=\"font-family: verdana, geneva, sans-serif;\"><strong><span style=\"font-size: 10pt;\"><a id=\"A15\"><\/a>Cego do Maio<\/span><\/strong><\/span><\/li>\n<\/ul>\n<p>&nbsp;<\/p>\n<hr \/>\n<p><span style=\"font-family: verdana, geneva, sans-serif; font-size: 10pt;\"><strong>Para mais informa\u00e7\u00f5es:<\/strong><\/span><\/p>\n<p><span style=\"font-family: verdana, geneva, sans-serif; font-size: 10pt;\"><a href=\"https:\/\/www.cm-pvarzim.pt\/territorio\/visite-povoa-de-varzim\/\" target=\"_blank\" rel=\"noopener\">C\u00e2mara Municipal da P\u00f3voa de Varzim | https:\/\/www.cm-pvarzim.pt\/territorio\/visite-povoa-de-varzim\/<\/a><\/span><\/p>\n<hr \/>\n<p style=\"text-align: center;\"><span style=\"font-family: verdana, geneva, sans-serif; font-size: 10pt;\"><strong><a href=\"https:\/\/www.semente-de-letras.pt\/website\/quem-desenha-quer-pintar-vila-do-conde\/\">Vila do Conde<\/a>\u00a0 | P\u00f3voa de Varzim<\/strong><\/span><\/p>\n<p><span style=\"font-family: verdana, geneva, sans-serif; font-size: 8pt;\">[<a href=\"#A0\">para cima<\/a>]<\/span><\/p>\n","protected":false},"excerpt":{"rendered":"<p>A cidade da P\u00f3voa de Varzim, localizada no litoral norte de Portugal, \u00e9 detentora de uma longa hist\u00f3ria que remonta \u00e0 Pr\u00e9-hist\u00f3ria, sendo um dos mais antigos assentamentos humanos da regi\u00e3o. Com vest\u00edgios arqueol\u00f3gicos que evidenciam a presen\u00e7a de povos como os castrejos, a sua funda\u00e7\u00e3o formal como cidade moderna ocorre por volta do s\u00e9culo &hellip; <\/p>\n<p class=\"link-more\"><a href=\"https:\/\/www.semente-de-letras.pt\/website\/quem-desenha-quer-pintar-povoa-de-varzim\/\" class=\"more-link\">Continuar a ler <span class=\"screen-reader-text\">&#8220;QUEM DESENHA QUER PINTAR | P\u00f3voa de Varzim&#8221;<\/span><\/a><\/p>\n","protected":false},"author":1,"featured_media":0,"parent":0,"menu_order":0,"comment_status":"closed","ping_status":"closed","template":"","meta":{"ngg_post_thumbnail":0,"footnotes":""},"class_list":["post-1162","page","type-page","status-publish","hentry"],"_links":{"self":[{"href":"https:\/\/www.semente-de-letras.pt\/website\/wp-json\/wp\/v2\/pages\/1162","targetHints":{"allow":["GET"]}}],"collection":[{"href":"https:\/\/www.semente-de-letras.pt\/website\/wp-json\/wp\/v2\/pages"}],"about":[{"href":"https:\/\/www.semente-de-letras.pt\/website\/wp-json\/wp\/v2\/types\/page"}],"author":[{"embeddable":true,"href":"https:\/\/www.semente-de-letras.pt\/website\/wp-json\/wp\/v2\/users\/1"}],"replies":[{"embeddable":true,"href":"https:\/\/www.semente-de-letras.pt\/website\/wp-json\/wp\/v2\/comments?post=1162"}],"version-history":[{"count":17,"href":"https:\/\/www.semente-de-letras.pt\/website\/wp-json\/wp\/v2\/pages\/1162\/revisions"}],"predecessor-version":[{"id":1582,"href":"https:\/\/www.semente-de-letras.pt\/website\/wp-json\/wp\/v2\/pages\/1162\/revisions\/1582"}],"wp:attachment":[{"href":"https:\/\/www.semente-de-letras.pt\/website\/wp-json\/wp\/v2\/media?parent=1162"}],"curies":[{"name":"wp","href":"https:\/\/api.w.org\/{rel}","templated":true}]}}