{"id":1187,"date":"2024-09-05T18:30:14","date_gmt":"2024-09-05T18:30:14","guid":{"rendered":"https:\/\/www.semente-de-letras.pt\/website\/?page_id=1187"},"modified":"2026-03-14T21:57:01","modified_gmt":"2026-03-14T21:57:01","slug":"novidades-news","status":"publish","type":"page","link":"https:\/\/www.semente-de-letras.pt\/website\/novidades-news\/","title":{"rendered":"novidades"},"content":{"rendered":"<div style=\"text-align: center;\"><div id=\"kgvid_kgvid_0_wrapper\" class=\"kgvid_wrapper\">\n\t\t\t<div id=\"video_kgvid_0_div\" class=\"fitvidsignore kgvid_videodiv\" data-id=\"kgvid_0\" data-kgvid_video_vars=\"{&quot;id&quot;:&quot;kgvid_0&quot;,&quot;attachment_id&quot;:&quot;1984&quot;,&quot;player_type&quot;:&quot;Video.js v8&quot;,&quot;width&quot;:&quot;640&quot;,&quot;height&quot;:&quot;640&quot;,&quot;fullwidth&quot;:&quot;true&quot;,&quot;fixed_aspect&quot;:&quot;vertical&quot;,&quot;countable&quot;:true,&quot;count_views&quot;:&quot;start_complete&quot;,&quot;start&quot;:&quot;&quot;,&quot;autoplay&quot;:&quot;false&quot;,&quot;pauseothervideos&quot;:&quot;true&quot;,&quot;set_volume&quot;:1,&quot;muted&quot;:&quot;false&quot;,&quot;meta&quot;:true,&quot;endofvideooverlay&quot;:false,&quot;resize&quot;:&quot;true&quot;,&quot;auto_res&quot;:&quot;automatic&quot;,&quot;pixel_ratio&quot;:&quot;true&quot;,&quot;right_click&quot;:&quot;on&quot;,&quot;playback_rate&quot;:&quot;false&quot;,&quot;title&quot;:&quot;Zatter&quot;,&quot;skip_buttons&quot;:[],&quot;nativecontrolsfortouch&quot;:&quot;false&quot;,&quot;locale&quot;:&quot;pt-PT&quot;,&quot;enable_resolutions_plugin&quot;:false}\" itemprop=\"video\" itemscope itemtype=\"https:\/\/schema.org\/VideoObject\"><meta itemprop=\"embedUrl\" content=\"https:\/\/www.semente-de-letras.pt\/website\/?attachment_id=1984&#038;videopack%5Benable%5D=true\"><meta itemprop=\"contentUrl\" content=\"https:\/\/www.semente-de-letras.pt\/website\/wp-content\/uploads\/2025\/10\/Zatter.mp4\"><meta itemprop=\"name\" content=\"Zatter\"><meta itemprop=\"description\" content=\"Video\"><meta itemprop=\"uploadDate\" content=\"2025-10-02T17:33:21+00:00\">\n\t\t\t\t<video id=\"video_kgvid_0\" playsinline controls preload=\"metadata\" width=\"640\" height=\"640\" class=\"fitvidsignore video-js kg-video-js-skin\">\n\t\t\t\t\t<source src=\"https:\/\/www.semente-de-letras.pt\/website\/wp-content\/uploads\/2025\/10\/Zatter.mp4?id=0\" type=\"video\/mp4\" data-res=\"720p\">\n\t\t\t\t<\/video>\n\t\t\t<\/div>\n\t\t\t<div style=\"display:none\" id=\"video_kgvid_0_meta\" class=\"kgvid_video_meta kgvid_video_meta_hover \">\n\t\t\t\t<span class='kgvid_meta_icons'><\/span>\n\t\t\t\t<span id='video_kgvid_0_title' class='kgvid_title'>Zatter<\/span>\n<\/div>\n\t\t<\/div><\/div>\n<div>\n<hr>\n<\/div>\n<div style=\"text-align: center;\"><span style=\"font-size: 10pt;\"><span style=\"font-family: verdana, geneva, sans-serif;\"><strong><span class=\"texteditor-inline-fontsize\"><span class=\"bold\"><span class=\"texteditor-inline-color\">O Enigma de Santiago | nos caminhos para Compostela<\/span><\/span><\/span><\/strong><\/span><\/span><\/div>\n<div style=\"text-align: center;\"><span style=\"font-size: 8pt;\"><span class=\"texteditor-inline-color\" style=\"font-family: verdana, geneva, sans-serif;\">Terceiro e \u00faltimo livro da Cole\u00e7\u00e3o &#8220;O Mundo de Ernesto&#8221;, encerra a cole\u00e7\u00e3o com estilo e muitas surpresas! Ser\u00e1 que o vil\u00e3o Zatter continua a fazer as suas malvadezas? Ser\u00e1 que os nossos amigos e em particular o nosso her\u00f3i, Ernesto, conseguem derrotar as for\u00e7as do mal? As respostas est\u00e3o todas l\u00e1!<\/span><\/span><\/div>\n<div style=\"text-align: center;\"><span style=\"font-family: verdana, geneva, sans-serif; font-size: 8pt;\">Este pequeno livro n\u00e3o \u00e9 um Guia dos Caminhos&#8230; tamb\u00e9m n\u00e3o \u00e9 um livro de Hist\u00f3ria&#8230; \u00e9 apenas um livro de hist\u00f3rias, em que a realidade e a fantasia se cruzam a par e passo.<\/span><\/div>\n<div>\n<hr>\n<\/div>\n<div style=\"text-align: center;\"><strong><span style=\"font-family: verdana, geneva, sans-serif; font-size: 10pt;\">Mosteiro de Moreira da Maia &#8211; S\u00e1bado, 25 de abril &#8211; 17.00 horas<\/span><\/strong><\/div>\n<div>&nbsp;<\/div>\n<div><img loading=\"lazy\" decoding=\"async\" class=\"aligncenter wp-image-1922 size-full\" src=\"https:\/\/www.semente-de-letras.pt\/website\/wp-content\/uploads\/2025\/08\/livro_na_mao.png\" alt=\"\" width=\"1024\" height=\"955\" srcset=\"https:\/\/www.semente-de-letras.pt\/website\/wp-content\/uploads\/2025\/08\/livro_na_mao.png 1024w, https:\/\/www.semente-de-letras.pt\/website\/wp-content\/uploads\/2025\/08\/livro_na_mao-300x280.png 300w, https:\/\/www.semente-de-letras.pt\/website\/wp-content\/uploads\/2025\/08\/livro_na_mao-768x716.png 768w\" sizes=\"auto, (max-width: 767px) 89vw, (max-width: 1000px) 54vw, (max-width: 1071px) 543px, 580px\" \/><\/div>\n<div>\n<hr>\n<\/div>\n<div>\n<div>\n<div style=\"text-align: center;\"><span style=\"font-family: verdana, geneva, sans-serif; font-size: 10pt;\">Aconteceu em 11 de outubro de 2025 no Museu Municipal da P\u00f3voa de Varzim<\/span><\/div>\n<div style=\"text-align: center;\"><span style=\"font-family: verdana, geneva, sans-serif; font-size: 10pt;\">o lan\u00e7amento do livro<\/span><\/div>\n<div style=\"text-align: center;\"><span style=\"font-family: verdana, geneva, sans-serif;\"><span style=\"font-size: 10pt;\">&#8220;<strong>O ENIGMA DE SANTIAGO | nos Caminhos para Compostela<\/strong><\/span><span style=\"font-size: 10pt;\"><strong>&#8220;<\/strong> <span style=\"font-family: verdana, geneva, sans-serif; font-size: 10pt;\">de Jorge Bas\u00edlio e Zulmira Lima<\/span><\/span><\/span><\/div>\n<\/div>\n<div><img loading=\"lazy\" decoding=\"async\" class=\"aligncenter wp-image-2032 size-large\" src=\"https:\/\/www.semente-de-letras.pt\/website\/wp-content\/uploads\/2025\/11\/apresenta_povoa-2-1024x768.jpg\" alt=\"\" width=\"525\" height=\"394\" srcset=\"https:\/\/www.semente-de-letras.pt\/website\/wp-content\/uploads\/2025\/11\/apresenta_povoa-2-1024x768.jpg 1024w, https:\/\/www.semente-de-letras.pt\/website\/wp-content\/uploads\/2025\/11\/apresenta_povoa-2-300x225.jpg 300w, https:\/\/www.semente-de-letras.pt\/website\/wp-content\/uploads\/2025\/11\/apresenta_povoa-2-768x576.jpg 768w, https:\/\/www.semente-de-letras.pt\/website\/wp-content\/uploads\/2025\/11\/apresenta_povoa-2-1536x1152.jpg 1536w, https:\/\/www.semente-de-letras.pt\/website\/wp-content\/uploads\/2025\/11\/apresenta_povoa-2.jpg 2048w\" sizes=\"auto, (max-width: 525px) 100vw, 525px\" \/><\/div>\n<div style=\"text-align: center;\"><span style=\"font-family: verdana, geneva, sans-serif; font-size: 8pt;\">[<a href=\"https:\/\/www.semente-de-letras.pt\/website\/galeria-de-imagens\/#enigmaPovoa\">veja aqui as fotos do evento<\/a>] [<a href=\"https:\/\/www.cm-pvarzim.pt\/eventos\/lancamento-do-livro-o-enigma-de-santiago-nos-caminhos-para-compostela\/\" target=\"_blank\" rel=\"noopener\">ver not\u00edcia no site da C\u00e2mara Municipal da P\u00f3voa de Varzim<\/a>]<\/span><\/div>\n<div>\n<hr>\n<\/div>\n<div style=\"text-align: center;\"><span style=\"font-family: verdana, geneva, sans-serif; font-size: 10pt;\">Aconteceu em 20 de setembro de 2025 no Centro de Mem\u00f3ria de Vila do Conde<\/span><\/div>\n<div style=\"text-align: center;\"><span style=\"font-family: verdana, geneva, sans-serif; font-size: 10pt;\">o lan\u00e7amento do livro<\/span><\/div>\n<div style=\"text-align: center;\"><span style=\"font-family: verdana, geneva, sans-serif;\"><span style=\"font-size: 10pt;\">&#8220;<strong>O ENIGMA DE SANTIAGO | nos Caminhos para Compostela<\/strong><\/span><span style=\"font-size: 10pt;\"><strong>&#8220;<\/strong> <span style=\"font-family: verdana, geneva, sans-serif; font-size: 10pt;\">de Jorge Bas\u00edlio e Zulmira Lima<\/span><\/span><\/span><\/div>\n<div style=\"text-align: center;\"><img loading=\"lazy\" decoding=\"async\" class=\"aligncenter wp-image-1956 size-large\" style=\"font-family: verdana, geneva, sans-serif; font-size: 1rem;\" src=\"https:\/\/www.semente-de-letras.pt\/website\/wp-content\/uploads\/2025\/09\/2a-1024x680.jpg\" alt=\"\" width=\"525\" height=\"349\" srcset=\"https:\/\/www.semente-de-letras.pt\/website\/wp-content\/uploads\/2025\/09\/2a-1024x680.jpg 1024w, https:\/\/www.semente-de-letras.pt\/website\/wp-content\/uploads\/2025\/09\/2a-300x199.jpg 300w, https:\/\/www.semente-de-letras.pt\/website\/wp-content\/uploads\/2025\/09\/2a-768x510.jpg 768w, https:\/\/www.semente-de-letras.pt\/website\/wp-content\/uploads\/2025\/09\/2a.jpg 1500w\" sizes=\"auto, (max-width: 525px) 100vw, 525px\" \/><\/div>\n<\/div>\n<div style=\"text-align: center;\"><span style=\"font-family: verdana, geneva, sans-serif; font-size: 8pt;\">[<a href=\"https:\/\/www.semente-de-letras.pt\/website\/galeria-de-imagens\/#enigma\">veja aqui as fotos do evento<\/a>]<\/span><\/div>\n<div>\n<hr>\n<\/div>\n<div style=\"text-align: center;\"><span style=\"font-family: verdana, geneva, sans-serif; font-size: 10pt;\">Aconteceu em 21 de junho de 2025 o lan\u00e7amento do livro<\/span><\/div>\n<div style=\"text-align: center;\"><span style=\"font-family: verdana, geneva, sans-serif; font-size: 10pt;\">&#8220;<strong>QUEM DESENHA QUER PINTAR<\/strong> <\/span><span style=\"font-family: verdana, geneva, sans-serif; font-size: 10pt;\"><strong>VILA DO CONDE&#8221;<\/strong><\/span><\/div>\n<div style=\"text-align: center;\"><span style=\"font-family: verdana, geneva, sans-serif; font-size: 10pt;\">de Jorge Bas\u00edlio e Jos\u00e9 M\u00e1rio Baptista<\/span><\/div>\n<div style=\"text-align: center;\">&nbsp;<\/div>\n<div style=\"text-align: center;\"><span style=\"font-family: verdana, geneva, sans-serif; font-size: 10pt;\">na Biblioteca Municipal Jos\u00e9 R\u00e9gio de Vila do Conde<\/span><\/div>\n<div><img loading=\"lazy\" decoding=\"async\" class=\"aligncenter wp-image-1703 size-large\" src=\"https:\/\/www.semente-de-letras.pt\/website\/wp-content\/uploads\/2025\/01\/img_capa_cor-1024x683.jpg\" alt=\"\" width=\"525\" height=\"350\" srcset=\"https:\/\/www.semente-de-letras.pt\/website\/wp-content\/uploads\/2025\/01\/img_capa_cor-1024x683.jpg 1024w, https:\/\/www.semente-de-letras.pt\/website\/wp-content\/uploads\/2025\/01\/img_capa_cor-300x200.jpg 300w, https:\/\/www.semente-de-letras.pt\/website\/wp-content\/uploads\/2025\/01\/img_capa_cor-768x512.jpg 768w, https:\/\/www.semente-de-letras.pt\/website\/wp-content\/uploads\/2025\/01\/img_capa_cor-1536x1024.jpg 1536w, https:\/\/www.semente-de-letras.pt\/website\/wp-content\/uploads\/2025\/01\/img_capa_cor-2048x1365.jpg 2048w\" sizes=\"auto, (max-width: 525px) 100vw, 525px\" \/><\/div>\n<div style=\"text-align: center;\"><span style=\"font-family: verdana, geneva, sans-serif; font-size: 8pt;\">[<a href=\"https:\/\/www.semente-de-letras.pt\/website\/galeria-de-imagens\/#desenhavcd\">veja aqui as fotos do evento<\/a>]<\/span><\/div>\n<div>&nbsp;<\/div>\n<div style=\"text-align: center;\"><span style=\"font-family: verdana, geneva, sans-serif;\"><img loading=\"lazy\" decoding=\"async\" class=\"aligncenter wp-image-1736\" src=\"https:\/\/www.semente-de-letras.pt\/website\/wp-content\/uploads\/2025\/04\/cer_2-300x282.png\" alt=\"\" width=\"100\" height=\"94\" srcset=\"https:\/\/www.semente-de-letras.pt\/website\/wp-content\/uploads\/2025\/04\/cer_2-300x282.png 300w, https:\/\/www.semente-de-letras.pt\/website\/wp-content\/uploads\/2025\/04\/cer_2-768x721.png 768w, https:\/\/www.semente-de-letras.pt\/website\/wp-content\/uploads\/2025\/04\/cer_2.png 940w\" sizes=\"auto, (max-width: 100px) 100vw, 100px\" \/><\/span><\/div>\n<div>&nbsp;<\/div>\n<div style=\"text-align: center;\"><span style=\"font-family: verdana, geneva, sans-serif; font-size: 10pt;\">\u00c9 um livro de atividades, de <strong>Conte\u00fado Educativo Relevante<\/strong>, direcionado a todos os que gostam de hist\u00f3ria, de pintura e de desenho.<\/span><\/div>\n<div>\n<hr>\n<\/div>\n<div>\n<div><span style=\"font-family: verdana, geneva, sans-serif; font-size: 10pt;\">Os outros t\u00edtulos da cole\u00e7\u00e3o:<\/span><\/div>\n<div style=\"text-align: center;\"><span style=\"font-family: verdana, geneva, sans-serif;\"><a href=\"https:\/\/www.semente-de-letras.pt\/website\/literatura\/publicacoes\/o-enigma-de-garum\/\">O Enigma de Garum<\/a> | <a href=\"https:\/\/www.semente-de-letras.pt\/website\/literatura\/publicacoes\/o-enigma-do-foral\/\">O Enigma do Foral<\/a><\/span><\/div>\n<\/div>\n","protected":false},"excerpt":{"rendered":"<p>O Enigma de Santiago | nos caminhos para Compostela Terceiro e \u00faltimo livro da Cole\u00e7\u00e3o &#8220;O Mundo de Ernesto&#8221;, encerra a cole\u00e7\u00e3o com estilo e muitas surpresas! Ser\u00e1 que o vil\u00e3o Zatter continua a fazer as suas malvadezas? Ser\u00e1 que os nossos amigos e em particular o nosso her\u00f3i, Ernesto, conseguem derrotar as for\u00e7as do &hellip; <\/p>\n<p class=\"link-more\"><a href=\"https:\/\/www.semente-de-letras.pt\/website\/novidades-news\/\" class=\"more-link\">Continuar a ler <span class=\"screen-reader-text\">&#8220;novidades&#8221;<\/span><\/a><\/p>\n","protected":false},"author":1,"featured_media":0,"parent":0,"menu_order":0,"comment_status":"closed","ping_status":"closed","template":"","meta":{"ngg_post_thumbnail":0,"footnotes":""},"class_list":["post-1187","page","type-page","status-publish","hentry"],"_links":{"self":[{"href":"https:\/\/www.semente-de-letras.pt\/website\/wp-json\/wp\/v2\/pages\/1187","targetHints":{"allow":["GET"]}}],"collection":[{"href":"https:\/\/www.semente-de-letras.pt\/website\/wp-json\/wp\/v2\/pages"}],"about":[{"href":"https:\/\/www.semente-de-letras.pt\/website\/wp-json\/wp\/v2\/types\/page"}],"author":[{"embeddable":true,"href":"https:\/\/www.semente-de-letras.pt\/website\/wp-json\/wp\/v2\/users\/1"}],"replies":[{"embeddable":true,"href":"https:\/\/www.semente-de-letras.pt\/website\/wp-json\/wp\/v2\/comments?post=1187"}],"version-history":[{"count":40,"href":"https:\/\/www.semente-de-letras.pt\/website\/wp-json\/wp\/v2\/pages\/1187\/revisions"}],"predecessor-version":[{"id":2247,"href":"https:\/\/www.semente-de-letras.pt\/website\/wp-json\/wp\/v2\/pages\/1187\/revisions\/2247"}],"wp:attachment":[{"href":"https:\/\/www.semente-de-letras.pt\/website\/wp-json\/wp\/v2\/media?parent=1187"}],"curies":[{"name":"wp","href":"https:\/\/api.w.org\/{rel}","templated":true}]}}