{"id":1197,"date":"2024-09-10T16:02:55","date_gmt":"2024-09-10T16:02:55","guid":{"rendered":"https:\/\/www.semente-de-letras.pt\/website\/?page_id=1197"},"modified":"2025-11-27T22:18:31","modified_gmt":"2025-11-27T22:18:31","slug":"quem-desenha-quer-pintar","status":"publish","type":"page","link":"https:\/\/www.semente-de-letras.pt\/website\/quem-desenha-quer-pintar\/","title":{"rendered":"Quem Desenha Quer Pintar"},"content":{"rendered":"<table style=\"border-collapse: collapse; width: 100%;\">\n<tbody>\n<tr>\n<td style=\"width: 33.3333%; text-align: center;\"><img loading=\"lazy\" decoding=\"async\" class=\"wp-image-1213 alignleft\" src=\"https:\/\/www.semente-de-letras.pt\/website\/wp-content\/uploads\/2024\/09\/urban_sketching_3-300x280.png\" alt=\"\" width=\"200\" height=\"187\" srcset=\"https:\/\/www.semente-de-letras.pt\/website\/wp-content\/uploads\/2024\/09\/urban_sketching_3-300x280.png 300w, https:\/\/www.semente-de-letras.pt\/website\/wp-content\/uploads\/2024\/09\/urban_sketching_3-1024x956.png 1024w, https:\/\/www.semente-de-letras.pt\/website\/wp-content\/uploads\/2024\/09\/urban_sketching_3-768x717.png 768w, https:\/\/www.semente-de-letras.pt\/website\/wp-content\/uploads\/2024\/09\/urban_sketching_3.png 1054w\" sizes=\"auto, (max-width: 200px) 100vw, 200px\" \/><\/td>\n<td style=\"width: 33.3333%; text-align: center;\"><img loading=\"lazy\" decoding=\"async\" class=\"aligncenter wp-image-1201\" src=\"https:\/\/www.semente-de-letras.pt\/website\/wp-content\/uploads\/2024\/09\/urban_sketching-300x300.png\" alt=\"\" width=\"200\" height=\"200\" srcset=\"https:\/\/www.semente-de-letras.pt\/website\/wp-content\/uploads\/2024\/09\/urban_sketching-300x300.png 300w, https:\/\/www.semente-de-letras.pt\/website\/wp-content\/uploads\/2024\/09\/urban_sketching-150x150.png 150w, https:\/\/www.semente-de-letras.pt\/website\/wp-content\/uploads\/2024\/09\/urban_sketching-768x768.png 768w, https:\/\/www.semente-de-letras.pt\/website\/wp-content\/uploads\/2024\/09\/urban_sketching-100x100.png 100w, https:\/\/www.semente-de-letras.pt\/website\/wp-content\/uploads\/2024\/09\/urban_sketching.png 1024w\" sizes=\"auto, (max-width: 200px) 100vw, 200px\" \/><\/td>\n<td style=\"width: 33.3333%; text-align: center;\"><img loading=\"lazy\" decoding=\"async\" class=\"aligncenter wp-image-1212\" src=\"https:\/\/www.semente-de-letras.pt\/website\/wp-content\/uploads\/2024\/09\/urban_sketching_2-296x300.png\" alt=\"\" width=\"200\" height=\"203\" srcset=\"https:\/\/www.semente-de-letras.pt\/website\/wp-content\/uploads\/2024\/09\/urban_sketching_2-296x300.png 296w, https:\/\/www.semente-de-letras.pt\/website\/wp-content\/uploads\/2024\/09\/urban_sketching_2-768x779.png 768w, https:\/\/www.semente-de-letras.pt\/website\/wp-content\/uploads\/2024\/09\/urban_sketching_2.png 996w\" sizes=\"auto, (max-width: 200px) 100vw, 200px\" \/><\/td>\n<\/tr>\n<\/tbody>\n<\/table>\n<p><span style=\"font-family: verdana, geneva, sans-serif; font-size: 10pt;\"><a id=\"A0\"><\/a>Este projeto nasceu de uma ideia de dar a conhecer cidades portuguesas, sua arquitetura e sua hist\u00f3ria, tanto a gente crescida como a alunos das escolas.<\/span><\/p>\n<p><span style=\"font-family: verdana, geneva, sans-serif; font-size: 10pt;\">Aliando o desenho, atrav\u00e9s da t\u00e9cnica &#8220;<em>Urban Sketching<\/em>&#8220;, constru\u00e7\u00f5es emblem\u00e1ticas s\u00e3o desenhadas para serem posteriormente coloridas.<\/span><\/p>\n<p><span style=\"font-family: verdana, geneva, sans-serif; font-size: 10pt;\">Este \u00e9 o projeto intitulado &#8220;Quem desenha quer pintar&#8221;, uma cole\u00e7\u00e3o para quem gosta de desenhar e gosta de pintar.<\/span><a href=\"https:\/\/www.semente-de-letras.pt\/website\/lancamento-de-obra\/\"><img loading=\"lazy\" decoding=\"async\" class=\"aligncenter size-medium wp-image-1420\" src=\"https:\/\/www.semente-de-letras.pt\/website\/wp-content\/uploads\/2024\/09\/lapis-300x296.png\" alt=\"\" width=\"300\" height=\"296\" srcset=\"https:\/\/www.semente-de-letras.pt\/website\/wp-content\/uploads\/2024\/09\/lapis-300x296.png 300w, https:\/\/www.semente-de-letras.pt\/website\/wp-content\/uploads\/2024\/09\/lapis-768x757.png 768w, https:\/\/www.semente-de-letras.pt\/website\/wp-content\/uploads\/2024\/09\/lapis-100x100.png 100w, https:\/\/www.semente-de-letras.pt\/website\/wp-content\/uploads\/2024\/09\/lapis.png 888w\" sizes=\"auto, (max-width: 300px) 100vw, 300px\" \/><\/a><\/p>\n<p><span style=\"font-family: verdana, geneva, sans-serif; font-size: 10pt;\"><strong>O que \u00e9 o &#8220;<em>Urban Sketching<\/em>&#8220;?<\/strong><br \/>\nO <em>Urban Sketching<\/em> \u00e9 a pr\u00e1tica de desenhar cenas do quotidiano urbano em locais reais, capturando de forma espont\u00e2nea a paisagem e o ritmo das cidades. Os desenhos s\u00e3o feitos <em>in loco<\/em>, muitas vezes com materiais port\u00e1teis, como cadernos e aquarelas, valorizando a observa\u00e7\u00e3o direta e a autenticidade.<\/span><\/p>\n<p><strong><span style=\"font-family: verdana, geneva, sans-serif; font-size: 10pt;\">Uma experi\u00eancia na primeira pessoa. A vis\u00e3o do <em>Urban Sketcher,<\/em> Jos\u00e9 M\u00e1rio Baptista:<\/span><\/strong><\/p>\n<p><em><span style=\"font-family: verdana, geneva, sans-serif; font-size: 10pt;\">\u201cO Urban Sketching, ou Esbo\u00e7o Urbano, \u00e9 uma forma divertida e criativa de desenhar o que vemos \u00e0 nossa volta, como ruas, casas, pessoas e at\u00e9 os pequenos detalhes que tornam cada lugar especial. Quem o pratica desenha diretamente no local, observando com aten\u00e7\u00e3o o que o rodeia e tentando captar o momento de uma forma \u00fanica e pessoal. Al\u00e9m disso, segue algumas regras simples: desenhar no local, ser fiel ao que se observa e partilhar os desenhos com todos.<\/span><\/em><br \/>\n<em><span style=\"font-family: verdana, geneva, sans-serif; font-size: 10pt;\">As ilustra\u00e7\u00f5es deste livro foram inspiradas em v\u00e1rios locais de Vila do Conde, uma cidade cheia de hist\u00f3ria e beleza. Muitos dos desenhos come\u00e7aram nas ruas e pra\u00e7as, ocupando v\u00e1rias p\u00e1ginas com esbo\u00e7os simples, mas, no geral, foram finalizados no meu atelier, com a ajuda de fotografias e das mem\u00f3rias dos momentos que vivi enquanto desenhava. Assim, consegui dar mais aten\u00e7\u00e3o aos pormenores e criar imagens que mostram o encanto desta cidade.<\/span><\/em><br \/>\n<em><span style=\"font-family: verdana, geneva, sans-serif; font-size: 10pt;\">Desenhar desta forma ajuda-nos a observar melhor o mundo, a perceber como cada lugar \u00e9 \u00fanico e a contar hist\u00f3rias visuais que podemos partilhar com os outros. E porque n\u00e3o experimentas tu tamb\u00e9m?\u201d<\/span><\/em><\/p>\n<p style=\"text-align: center;\"><img loading=\"lazy\" decoding=\"async\" class=\"aligncenter wp-image-1801 size-full\" src=\"https:\/\/www.semente-de-letras.pt\/website\/wp-content\/uploads\/2025\/06\/primeira_ze_mario.png\" alt=\"\" width=\"883\" height=\"432\" srcset=\"https:\/\/www.semente-de-letras.pt\/website\/wp-content\/uploads\/2025\/06\/primeira_ze_mario.png 883w, https:\/\/www.semente-de-letras.pt\/website\/wp-content\/uploads\/2025\/06\/primeira_ze_mario-300x147.png 300w, https:\/\/www.semente-de-letras.pt\/website\/wp-content\/uploads\/2025\/06\/primeira_ze_mario-768x376.png 768w\" sizes=\"auto, (max-width: 767px) 89vw, (max-width: 1000px) 54vw, (max-width: 1071px) 543px, 580px\" \/><\/p>\n<p style=\"text-align: center;\"><span style=\"font-family: verdana, geneva, sans-serif; font-size: 10pt;\">Uma das primeiras obras de Jos\u00e9 M\u00e1rio Baptista, que &#8220;despoletou&#8221;&nbsp; esta prof\u00edcua parceria e que resultou em &#8220;Quem Desenha Quer Pintar Vila do Conde&#8221;.<\/span><\/p>\n<hr>\n<p><span style=\"font-family: verdana, geneva, sans-serif; font-size: 10pt;\"><strong><span style=\"font-family: verdana, geneva, sans-serif;\"><span style=\"font-size: 10pt;\">Como \u00e9 a t\u00e9cnica d<\/span>e colorir a l\u00e1pis<\/span> de cor?<br \/>\n<\/strong><\/span><span style=\"font-family: verdana, geneva, sans-serif; font-size: 10pt;\">A constru\u00e7\u00e3o da cor \u00e9 feita de forma gradual, sobrepondo camadas suaves e transparentes para criar profundidade, nuances e varia\u00e7\u00f5es tonais. <\/span><span style=\"font-family: verdana, geneva, sans-serif; font-size: 10pt;\">A mistura de cores \u00e9 alcan\u00e7ada atrav\u00e9s do uso de sobreposi\u00e7\u00e3o de tons e do esfumado, utilizando movimentos circulares e press\u00f5es variadas.&nbsp;A intensidade da cor varia de acordo com a press\u00e3o exercida pelo artista. Press\u00e3o leve cria camadas transl\u00facidas, enquanto maior press\u00e3o resulta em tons mais saturados e opacos. A dire\u00e7\u00e3o do tra\u00e7o afeta a textura e o movimento do desenho. Tra\u00e7os paralelos criam uniformidade, enquanto tra\u00e7os cruzados (hatching e cross-hatching) adicionam dinamismo e volume. O l\u00e1pis de cor utiliza a mistura, onde a proximidade de diferentes tons cria novas cores percebidas pelo olho humano. \u00c9 poss\u00edvel criar texturas atrav\u00e9s de diferentes t\u00e9cnicas, como o uso de tra\u00e7os sobre superf\u00edcies rugosas ou aplica\u00e7\u00e3o com diferentes angula\u00e7\u00f5es do l\u00e1pis.<\/span><\/p>\n<p><span style=\"font-family: verdana, geneva, sans-serif; font-size: 10pt;\">Estes princ\u00edpios, combinados com a escolha criteriosa de pap\u00e9is e a compreens\u00e3o das propriedades dos l\u00e1pis (dureza, pigmenta\u00e7\u00e3o e resist\u00eancia \u00e0 luz), possibilitam ao artista explorar a t\u00e9cnica de l\u00e1pis de cor de maneira expressiva e vers\u00e1til.<\/span><\/p>\n<p><strong><span style=\"font-size: 10pt; font-family: verdana, geneva, sans-serif;\">A t\u00e9cnica de colorir a l\u00e1pis de cor para quem \u00e9 iniciante, passa por v\u00e1rias indica\u00e7\u00f5es das quais se destacam as seguintes:<\/span><\/strong><\/p>\n<ul>\n<li><span style=\"font-size: 10pt; font-family: verdana, geneva, sans-serif;\">Possuir um (bom) conjunto de l\u00e1pis de cor, com uma variedade de, pelo menos, doze l\u00e1pis;<\/span><\/li>\n<li><span style=\"font-size: 10pt; font-family: verdana, geneva, sans-serif;\">Manter os l\u00e1pis afiados, mas n\u00e3o em demasia (l\u00e1pis com bico muito agu\u00e7ado, apenas risca o suporte papel);<\/span><\/li>\n<li><span style=\"font-family: verdana, geneva, sans-serif; font-size: 10pt;\">N\u00e3o deixar cair os l\u00e1pis, pois a sua fragilidade \u00e9 grande e a mina pode partir interiormente;<\/span><\/li>\n<li><span style=\"font-family: verdana, geneva, sans-serif; font-size: 10pt;\">O movimento deve ser feito apenas em um sentido (pelo menos enquanto n\u00e3o h\u00e1 grande destreza); o movimento cruzado e o circular s\u00e3o mais complexos e s\u00f3 devem ser efetuados quando j\u00e1 houver alguma pr\u00e1tica;<\/span><\/li>\n<li><span style=\"font-family: verdana, geneva, sans-serif; font-size: 10pt;\">A mancha de cor deve ser obtida pela insist\u00eancia e persist\u00eancia e nunca pela pressa;<\/span><\/li>\n<li><span style=\"font-family: verdana, geneva, sans-serif; font-size: 10pt;\">A fus\u00e3o das cores pode ser conseguida. Mas, para alcan\u00e7ar uma boa fus\u00e3o, devem ser utilizados l\u00e1pis de cor aguarel\u00e1veis.<\/span><\/li>\n<\/ul>\n<p><span style=\"font-family: verdana, geneva, sans-serif; font-size: 10pt;\"><strong>Como \u00e9 a t\u00e9cnica de colorir a aguarela?<\/strong><\/span><\/p>\n<p><span style=\"font-family: verdana, geneva, sans-serif; font-size: 10pt;\">A caracter\u00edstica mais marcante da aguarela \u00e9 sua transpar\u00eancia. A tinta, dilu\u00edda em \u00e1gua, permite a passagem de luz atrav\u00e9s das camadas, criando um efeito de luminosidade e leveza. <\/span><span style=\"font-family: verdana, geneva, sans-serif; font-size: 10pt;\">A quantidade de \u00e1gua utilizada influencia diretamente a intensidade da cor e a fluidez da tinta. Controlar a rela\u00e7\u00e3o entre \u00e1gua e pigmento \u00e9 essencial para obter efeitos variados, desde \u00e1reas suaves a \u00e1reas mais densas e saturadas. <\/span><span style=\"font-family: verdana, geneva, sans-serif; font-size: 10pt;\">A constru\u00e7\u00e3o da imagem \u00e9 feita atrav\u00e9s de camadas transl\u00facidas, aplicadas de maneira sequencial. A t\u00e9cnica de \u201cglazing\u201d consiste em aplicar uma camada de cor sobre outra j\u00e1 seca, criando novos tons e profundidade sem perder a transpar\u00eancia. <\/span><span style=\"font-family: verdana, geneva, sans-serif; font-size: 10pt;\">O papel desempenha um papel crucial na aguarela. A sua textura e capacidade de absor\u00e7\u00e3o afetam a forma como o pigmento se espalha e interage com a superf\u00edcie. Pap\u00e9is com alto teor de algod\u00e3o e gramagem elevada s\u00e3o os mais indicados. <\/span><span style=\"font-family: verdana, geneva, sans-serif; font-size: 10pt;\">Na aguarela, a aus\u00eancia de tinta \u00e9 usada para representar luz, brilho e formas. Manter \u00e1reas do papel em branco, sem pintura, \u00e9 uma t\u00e9cnica estrat\u00e9gica para criar contraste e delinear elementos. <\/span><span style=\"font-family: verdana, geneva, sans-serif; font-size: 10pt;\">A natureza fluida da aguarela permite a cria\u00e7\u00e3o de efeitos acidentais, como fus\u00f5es e manchas, que s\u00e3o valorizados pela espontaneidade e expressividade. T\u00e9cnicas como \u201cwet-on-wet\u201d (molhado sobre molhado) criam transi\u00e7\u00f5es suaves e fus\u00f5es inesperadas. <\/span><span style=\"font-family: verdana, geneva, sans-serif; font-size: 10pt;\">Diferentes pigmentos t\u00eam caracter\u00edsticas distintas de opacidade, transpar\u00eancia e granula\u00e7\u00e3o. Compreender as propriedades de cada cor ajuda a explorar suas intera\u00e7\u00f5es, desde efeitos lisos at\u00e9 texturas granuladas. <\/span><span style=\"font-family: verdana, geneva, sans-serif; font-size: 10pt;\">Cada pincelada deve ser precisa e planeada, uma vez que a aguarela n\u00e3o permite grandes corre\u00e7\u00f5es. A simplicidade e a s\u00edntese de detalhes s\u00e3o caracter\u00edsticas essenciais para um bom resultado.<\/span><\/p>\n<p><span style=\"font-family: verdana, geneva, sans-serif; font-size: 10pt;\">Estes princ\u00edpios, aliados a uma compreens\u00e3o profunda da intera\u00e7\u00e3o entre pigmento, \u00e1gua e papel, tornam a t\u00e9cnica de aguarela \u00fanica pela sua capacidade de capturar a luz e transmitir atmosferas et\u00e9reas e evocativas.<\/span><\/p>\n<p><span style=\"font-family: verdana, geneva, sans-serif; font-size: 8pt;\">[<a href=\"#A0\">para cima<\/a>]<\/span><\/p>\n<hr>\n<p style=\"text-align: center;\"><span style=\"font-family: verdana, geneva, sans-serif; font-size: 10pt;\"><strong>QUEM DESENHA QUER PINTAR<\/strong><\/span><\/p>\n<p style=\"text-align: center;\"><span style=\"font-size: 10pt; font-family: verdana, geneva, sans-serif;\"><strong><a href=\"https:\/\/www.semente-de-letras.pt\/website\/quem-desenha-quer-pintar-vila-do-conde\/\">Vila do Conde<\/a> | <a href=\"https:\/\/www.semente-de-letras.pt\/website\/quem-desenha-quer-pintar-povoa-de-varzim\/\">P\u00f3voa de Varzim<\/a><\/strong><\/span><\/p>\n","protected":false},"excerpt":{"rendered":"<p>Este projeto nasceu de uma ideia de dar a conhecer cidades portuguesas, sua arquitetura e sua hist\u00f3ria, tanto a gente crescida como a alunos das escolas. Aliando o desenho, atrav\u00e9s da t\u00e9cnica &#8220;Urban Sketching&#8220;, constru\u00e7\u00f5es emblem\u00e1ticas s\u00e3o desenhadas para serem posteriormente coloridas. Este \u00e9 o projeto intitulado &#8220;Quem desenha quer pintar&#8221;, uma cole\u00e7\u00e3o para quem &hellip; <\/p>\n<p class=\"link-more\"><a href=\"https:\/\/www.semente-de-letras.pt\/website\/quem-desenha-quer-pintar\/\" class=\"more-link\">Continuar a ler <span class=\"screen-reader-text\">&#8220;Quem Desenha Quer Pintar&#8221;<\/span><\/a><\/p>\n","protected":false},"author":1,"featured_media":0,"parent":0,"menu_order":0,"comment_status":"closed","ping_status":"closed","template":"","meta":{"ngg_post_thumbnail":0,"footnotes":""},"class_list":["post-1197","page","type-page","status-publish","hentry"],"_links":{"self":[{"href":"https:\/\/www.semente-de-letras.pt\/website\/wp-json\/wp\/v2\/pages\/1197","targetHints":{"allow":["GET"]}}],"collection":[{"href":"https:\/\/www.semente-de-letras.pt\/website\/wp-json\/wp\/v2\/pages"}],"about":[{"href":"https:\/\/www.semente-de-letras.pt\/website\/wp-json\/wp\/v2\/types\/page"}],"author":[{"embeddable":true,"href":"https:\/\/www.semente-de-letras.pt\/website\/wp-json\/wp\/v2\/users\/1"}],"replies":[{"embeddable":true,"href":"https:\/\/www.semente-de-letras.pt\/website\/wp-json\/wp\/v2\/comments?post=1197"}],"version-history":[{"count":25,"href":"https:\/\/www.semente-de-letras.pt\/website\/wp-json\/wp\/v2\/pages\/1197\/revisions"}],"predecessor-version":[{"id":2043,"href":"https:\/\/www.semente-de-letras.pt\/website\/wp-json\/wp\/v2\/pages\/1197\/revisions\/2043"}],"wp:attachment":[{"href":"https:\/\/www.semente-de-letras.pt\/website\/wp-json\/wp\/v2\/media?parent=1197"}],"curies":[{"name":"wp","href":"https:\/\/api.w.org\/{rel}","templated":true}]}}