{"id":1464,"date":"2024-10-02T12:13:21","date_gmt":"2024-10-02T12:13:21","guid":{"rendered":"https:\/\/www.semente-de-letras.pt\/website\/?page_id=1464"},"modified":"2026-01-11T22:16:04","modified_gmt":"2026-01-11T22:16:04","slug":"noticias","status":"publish","type":"page","link":"https:\/\/www.semente-de-letras.pt\/website\/noticias\/","title":{"rendered":"not\u00edcia escrita &#038; falada"},"content":{"rendered":"<hr>\n<p style=\"text-align: center;\"><span style=\"font-size: 10pt; font-family: verdana, geneva, sans-serif;\">A Semente de Letras esteve na Feira do Livro da P\u00f3voa de Varzim, com a obra<br \/>\n<\/span><span style=\"font-size: 10pt; font-family: verdana, geneva, sans-serif;\">&#8220;<em>Quem Desenha Quer Pintar &#8211; Vila do Conde<\/em>&#8220;, no Stand da LOCUS.<\/span><\/p>\n<p style=\"text-align: center;\"><span style=\"font-size: 8pt; font-family: verdana, geneva, sans-serif;\">[aceder <a href=\"https:\/\/www.cm-pvarzim.pt\/territorio\/povoa-cultural\/pelouro-cultural\/areas-de-accao\/feira-do-livro\/feira-do-livro-2025\/\" target=\"_blank\" rel=\"noopener\">AQUI<\/a>]<\/span><\/p>\n<hr>\n<div id=\"kgvid_kgvid_0_wrapper\" class=\"kgvid_wrapper\">\n\t\t\t<div id=\"video_kgvid_0_div\" class=\"fitvidsignore kgvid_videodiv\" data-id=\"kgvid_0\" data-kgvid_video_vars=\"{&quot;id&quot;:&quot;kgvid_0&quot;,&quot;attachment_id&quot;:&quot;1988&quot;,&quot;player_type&quot;:&quot;Video.js v8&quot;,&quot;width&quot;:&quot;640&quot;,&quot;height&quot;:&quot;640&quot;,&quot;fullwidth&quot;:&quot;true&quot;,&quot;fixed_aspect&quot;:&quot;vertical&quot;,&quot;countable&quot;:true,&quot;count_views&quot;:&quot;start_complete&quot;,&quot;start&quot;:&quot;&quot;,&quot;autoplay&quot;:&quot;false&quot;,&quot;pauseothervideos&quot;:&quot;true&quot;,&quot;set_volume&quot;:1,&quot;muted&quot;:&quot;false&quot;,&quot;meta&quot;:true,&quot;endofvideooverlay&quot;:false,&quot;resize&quot;:&quot;true&quot;,&quot;auto_res&quot;:&quot;automatic&quot;,&quot;pixel_ratio&quot;:&quot;true&quot;,&quot;right_click&quot;:&quot;on&quot;,&quot;playback_rate&quot;:&quot;false&quot;,&quot;title&quot;:&quot;marlene&quot;,&quot;skip_buttons&quot;:[],&quot;nativecontrolsfortouch&quot;:&quot;false&quot;,&quot;locale&quot;:&quot;pt-PT&quot;,&quot;enable_resolutions_plugin&quot;:false}\" itemprop=\"video\" itemscope itemtype=\"https:\/\/schema.org\/VideoObject\"><meta itemprop=\"embedUrl\" content=\"https:\/\/www.semente-de-letras.pt\/website\/?attachment_id=1988&#038;videopack%5Benable%5D=true\"><meta itemprop=\"contentUrl\" content=\"https:\/\/www.semente-de-letras.pt\/website\/wp-content\/uploads\/2025\/10\/marlene.mp4\"><meta itemprop=\"name\" content=\"marlene\"><meta itemprop=\"description\" content=\"Video\"><meta itemprop=\"uploadDate\" content=\"2025-10-04T21:30:29+00:00\">\n\t\t\t\t<video id=\"video_kgvid_0\" playsinline controls preload=\"metadata\" width=\"640\" height=\"640\" class=\"fitvidsignore video-js kg-video-js-skin\">\n\t\t\t\t\t<source src=\"https:\/\/www.semente-de-letras.pt\/website\/wp-content\/uploads\/2025\/10\/marlene.mp4?id=0\" type=\"video\/mp4\" data-res=\"720p\">\n\t\t\t\t<\/video>\n\t\t\t<\/div>\n\t\t\t<div style=\"display:none\" id=\"video_kgvid_0_meta\" class=\"kgvid_video_meta kgvid_video_meta_hover \">\n\t\t\t\t<span class='kgvid_meta_icons'><\/span>\n\t\t\t\t<span id='video_kgvid_0_title' class='kgvid_title'>marlene<\/span>\n<\/div>\n\t\t<\/div>\n<hr>\n<p style=\"text-align: center;\"><span style=\"font-family: verdana, geneva, sans-serif; font-size: 10pt;\"><strong>NOT\u00cdCIA ESCRITA<\/strong><\/span><\/p>\n<p><span style=\"font-family: verdana, geneva, sans-serif;\"><strong><span style=\"font-size: 10pt;\">O Livrinho Vermelho<\/span><\/strong><\/span><\/p>\n<ul>\n<li><span style=\"font-family: verdana, geneva, sans-serif; font-size: 10pt;\"><a href=\"https:\/\/www.semente-de-letras.pt\/website\/wp-content\/uploads\/2024\/10\/jn_23_05_2012.pdf\" target=\"_blank\" rel=\"noopener\">Jornal de Not\u00edcias de 23.05.2012<\/a><\/span><\/li>\n<li><span style=\"font-family: verdana, geneva, sans-serif; font-size: 10pt;\"><a href=\"https:\/\/www.semente-de-letras.pt\/website\/wp-content\/uploads\/2024\/10\/jn_23_05_2012.pdf\" target=\"_blank\" rel=\"noopener\">Jornal &#8220;A Voz da P\u00f3voa&#8221; de 12.12.2012<\/a><\/span><\/li>\n<\/ul>\n<p><strong><span style=\"font-family: verdana, geneva, sans-serif; font-size: 10pt;\">Hist\u00f3rias Improv\u00e1veis | no mundo das artes<\/span><\/strong><\/p>\n<ul>\n<li><span style=\"font-family: verdana, geneva, sans-serif; font-size: 10pt;\"><a href=\"https:\/\/www.semente-de-letras.pt\/website\/wp-content\/uploads\/2024\/10\/noticia_cmpvz.pdf\" target=\"_blank\" rel=\"noopener\">Not\u00edcia do Pelouro da Cultura da C\u00e2mara Municipal da P\u00f3voa de Varzim<\/a><\/span><\/li>\n<li><a href=\"https:\/\/www.semente-de-letras.pt\/website\/wp-content\/uploads\/2024\/10\/jornal_voz_06_02_2013.pdf\" target=\"_blank\" rel=\"noopener\"><span style=\"font-family: verdana, geneva, sans-serif; font-size: 10pt;\">Jornal &#8220;A Voz da P\u00f3voa&#8221; de 06.02.2013<\/span><\/a><\/li>\n<li><span style=\"font-family: verdana, geneva, sans-serif; font-size: 10pt;\"><a href=\"https:\/\/www.semente-de-letras.pt\/website\/wp-content\/uploads\/2024\/10\/noticia_cmpvz.pdf\" target=\"_blank\" rel=\"noopener\">Jornal &#8220;A Voz da P\u00f3voa&#8221; de 13.02.2013<\/a><\/span><\/li>\n<\/ul>\n<p><strong><span style=\"font-family: verdana, geneva, sans-serif; font-size: 10pt;\">Hist\u00f3rias Improv\u00e1veis | no mundo da m\u00fasica<\/span><\/strong><\/p>\n<ul>\n<li><a href=\"https:\/\/www.semente-de-letras.pt\/website\/wp-content\/uploads\/2024\/10\/artes_letras_25_09_2013.pdf\" target=\"_blank\" rel=\"noopener\"><span style=\"font-family: verdana, geneva, sans-serif; font-size: 10pt;\">Jornal &#8220;As Artes entre as Letras&#8221; de 25.09.2013<\/span><\/a><\/li>\n<li><a href=\"https:\/\/www.semente-de-letras.pt\/website\/wp-content\/uploads\/2024\/10\/artes_letras_25_09_2013.pdf\" target=\"_blank\" rel=\"noopener\"><span style=\"font-family: verdana, geneva, sans-serif; font-size: 10pt;\">Folheto da Casa da M\u00fasica<\/span><\/a><\/li>\n<li><a href=\"https:\/\/www.semente-de-letras.pt\/website\/wp-content\/uploads\/2024\/10\/artes_letras_25_09_2013.pdf\" target=\"_blank\" rel=\"noopener\"><span style=\"font-family: verdana, geneva, sans-serif; font-size: 10pt;\">Jornal &#8220;A Voz da P\u00f3voa&#8221; de 09.10.2013<\/span><\/a><\/li>\n<li><a href=\"https:\/\/www.semente-de-letras.pt\/website\/wp-content\/uploads\/2024\/10\/artes_letras_25_09_2013.pdf\" target=\"_blank\" rel=\"noopener\"><span style=\"font-family: verdana, geneva, sans-serif; font-size: 10pt;\">Not\u00edcia &#8220;Metronews&#8221; de 13.08.2013<\/span><\/a><\/li>\n<li><a href=\"https:\/\/www.semente-de-letras.pt\/website\/wp-content\/uploads\/2024\/10\/artes_letras_25_09_2013.pdf\" target=\"_blank\" rel=\"noopener\"><span style=\"font-family: verdana, geneva, sans-serif; font-size: 10pt;\">Jornal de Not\u00edcias de 02.10.2013<\/span><\/a><\/li>\n<li><span style=\"font-family: verdana, geneva, sans-serif; font-size: 10pt;\"><a href=\"https:\/\/www.semente-de-letras.pt\/website\/wp-content\/uploads\/2024\/10\/artes_letras_25_09_2013.pdf\" target=\"_blank\" rel=\"noopener\">Jornal Escolar &#8220;Impress\u00f5es&#8221; da EBJSD de dezembro de 2013<\/a><\/span><\/li>\n<\/ul>\n<p><strong><span style=\"font-family: verdana, geneva, sans-serif; font-size: 10pt;\">O enigma de Garum<\/span><\/strong><\/p>\n<ul>\n<li><a href=\"https:\/\/metronews.pt\/2014\/11\/27\/livro-sobre-antiguidad%E2%80%8Be-classica-na-povoa-de-varzim\/\" target=\"_blank\" rel=\"noopener\"><span style=\"font-family: verdana, geneva, sans-serif; font-size: 10pt;\">Not\u00edcia &#8220;Metronews&#8221; de 27.11.2014<\/span><\/a><\/li>\n<\/ul>\n<p><span style=\"font-family: verdana, geneva, sans-serif; font-size: 10pt;\"><strong>O Enigma do Foral<\/strong><\/span><\/p>\n<ul>\n<li><a href=\"https:\/\/www.cm-viladoconde.pt\/comunicacao\/gabinete-de-comunicacao\/noticias\/arquivo-de-noticias\/noticia\/apresentacao-do-livro-infantojuvenil-o-enigma-do-foral\" target=\"_blank\" rel=\"noopener\"><span style=\"font-family: verdana, geneva, sans-serif; font-size: 10pt;\">Not\u00edcia no site oficial da C\u00e2mara Municipal de Vila do Conde<\/span><\/a><\/li>\n<li><span style=\"font-family: verdana, geneva, sans-serif; font-size: 10pt;\"><a href=\"https:\/\/www.semente-de-letras.pt\/website\/wp-content\/uploads\/2024\/10\/noticia_enigma_foral.pdf\" target=\"_blank\" rel=\"noopener\">Not\u00edcia de jornal local<\/a><\/span><\/li>\n<li><span style=\"font-family: verdana, geneva, sans-serif; font-size: 10pt;\"><a href=\"https:\/\/www.semente-de-letras.pt\/website\/wp-content\/uploads\/2024\/10\/enigma_foral_prefacio.pdf\" target=\"_blank\" rel=\"noopener\">Pref\u00e1cio da obra pela Dr.\u00aa Laura Garrido<\/a><\/span><\/li>\n<li><span style=\"font-family: verdana, geneva, sans-serif; font-size: 10pt;\"><a href=\"https:\/\/www.semente-de-letras.pt\/website\/wp-content\/uploads\/2024\/10\/enigma_foral_artigo_Eliana.pdf\" target=\"_blank\" rel=\"noopener\">Artigo da Historiadora Eliana Miranda de Sousa<\/a><\/span><\/li>\n<\/ul>\n<p><span style=\"font-family: verdana, geneva, sans-serif; font-size: 10pt;\"><strong>O Enigma da Santiago<\/strong> | nos Caminhos para Compostela<\/span><\/p>\n<ul>\n<li><a href=\"https:\/\/protocoloimagem.pt\/blog\/o-enigma-de-santiago-uma-celebracao-da-palavra-da-memoria-e-da-emocao\/\" target=\"_blank\" rel=\"noopener\"><span style=\"font-family: verdana, geneva, sans-serif; font-size: 10pt;\">Not\u00edcia<\/span><\/a><span style=\"font-family: verdana, geneva, sans-serif; font-size: 8pt;\"> (site Protocolo &amp; Imagem)<\/span><\/li>\n<\/ul>\n<hr>\n<p style=\"text-align: center;\"><span style=\"font-family: verdana, geneva, sans-serif; font-size: 10pt;\"><strong>NOT\u00cdCIA FALADA<\/strong><\/span><\/p>\n<p style=\"text-align: center;\"><span style=\"font-family: verdana, geneva, sans-serif; font-size: 8pt;\">[<a title=\"Ouvir no Spotify\" href=\"https:\/\/open.spotify.com\/show\/1w5I0ky5ab1gqgAOO68D8T\" target=\"_blank\" rel=\"noopener\">ouvir no Spotify<\/a>]<\/span><\/p>\n<ul>\n<li><span style=\"font-family: verdana, geneva, sans-serif; font-size: 10pt;\">Pra\u00e7a da Liberdade &#8211; a Grande Entrevista na R\u00e1dio Cinco, um Programa de V\u00edctor Dias com Jorge Bas\u00edlio e a obra &#8220;O Enigma de Garum&#8221; &#8211; 29.11.2014<\/span><\/li>\n<li><span style=\"font-family: verdana, geneva, sans-serif; font-size: 10pt;\">Pra\u00e7a da Liberdade &#8211; a Grande Entrevista na R\u00e1dio Cinco, um Programa de V\u00edctor Dias com Jorge Bas\u00edlio e a obra &#8220;Hist\u00f3rias Improv\u00e1veis no Mundo da M\u00fasica&#8221; &#8211; 28.19.2013 (1\u00aa parte)<\/span><\/li>\n<li><span style=\"font-family: verdana, geneva, sans-serif; font-size: 10pt;\">Pra\u00e7a da Liberdade &#8211; a Grande Entrevista na R\u00e1dio Cinco, um Programa de V\u00edctor Dias com Jorge Bas\u00edlio e a obra &#8220;Hist\u00f3rias Improv\u00e1veis no Mundo da M\u00fasica&#8221; &#8211; 28.19.2013 (2\u00aa parte)<\/span><\/li>\n<li><span style=\"font-family: verdana, geneva, sans-serif; font-size: 10pt;\">Entrevista \u00e0 RTP\/Antena 2 de Jorge Bas\u00edlio sobre a obra &#8220;Hist\u00f3rias Improv\u00e1veis no Mundo da M\u00fasica&#8221; &#8211; 02.01.2010<\/span><\/li>\n<\/ul>\n","protected":false},"excerpt":{"rendered":"<p>A Semente de Letras esteve na Feira do Livro da P\u00f3voa de Varzim, com a obra &#8220;Quem Desenha Quer Pintar &#8211; Vila do Conde&#8220;, no Stand da LOCUS. [aceder AQUI] NOT\u00cdCIA ESCRITA O Livrinho Vermelho Jornal de Not\u00edcias de 23.05.2012 Jornal &#8220;A Voz da P\u00f3voa&#8221; de 12.12.2012 Hist\u00f3rias Improv\u00e1veis | no mundo das artes Not\u00edcia &hellip; <\/p>\n<p class=\"link-more\"><a href=\"https:\/\/www.semente-de-letras.pt\/website\/noticias\/\" class=\"more-link\">Continuar a ler <span class=\"screen-reader-text\">&#8220;not\u00edcia escrita &#038; falada&#8221;<\/span><\/a><\/p>\n","protected":false},"author":1,"featured_media":0,"parent":0,"menu_order":0,"comment_status":"closed","ping_status":"closed","template":"","meta":{"ngg_post_thumbnail":0,"footnotes":""},"class_list":["post-1464","page","type-page","status-publish","hentry"],"_links":{"self":[{"href":"https:\/\/www.semente-de-letras.pt\/website\/wp-json\/wp\/v2\/pages\/1464","targetHints":{"allow":["GET"]}}],"collection":[{"href":"https:\/\/www.semente-de-letras.pt\/website\/wp-json\/wp\/v2\/pages"}],"about":[{"href":"https:\/\/www.semente-de-letras.pt\/website\/wp-json\/wp\/v2\/types\/page"}],"author":[{"embeddable":true,"href":"https:\/\/www.semente-de-letras.pt\/website\/wp-json\/wp\/v2\/users\/1"}],"replies":[{"embeddable":true,"href":"https:\/\/www.semente-de-letras.pt\/website\/wp-json\/wp\/v2\/comments?post=1464"}],"version-history":[{"count":30,"href":"https:\/\/www.semente-de-letras.pt\/website\/wp-json\/wp\/v2\/pages\/1464\/revisions"}],"predecessor-version":[{"id":2230,"href":"https:\/\/www.semente-de-letras.pt\/website\/wp-json\/wp\/v2\/pages\/1464\/revisions\/2230"}],"wp:attachment":[{"href":"https:\/\/www.semente-de-letras.pt\/website\/wp-json\/wp\/v2\/media?parent=1464"}],"curies":[{"name":"wp","href":"https:\/\/api.w.org\/{rel}","templated":true}]}}