{"id":1548,"date":"2024-10-28T21:23:30","date_gmt":"2024-10-28T21:23:30","guid":{"rendered":"https:\/\/www.semente-de-letras.pt\/website\/?page_id=1548"},"modified":"2026-05-08T20:28:26","modified_gmt":"2026-05-08T20:28:26","slug":"ilustracao","status":"publish","type":"page","link":"https:\/\/www.semente-de-letras.pt\/website\/ilustracao\/","title":{"rendered":"ILUSTRA\u00c7\u00c3O"},"content":{"rendered":"<p style=\"text-align: center;\"><a id=\"A0\"><\/a><img loading=\"lazy\" decoding=\"async\" class=\"aligncenter wp-image-1718 size-full\" src=\"https:\/\/www.semente-de-letras.pt\/website\/wp-content\/uploads\/2025\/02\/ilustration_img.png\" alt=\"\" width=\"1456\" height=\"816\" srcset=\"https:\/\/www.semente-de-letras.pt\/website\/wp-content\/uploads\/2025\/02\/ilustration_img.png 1456w, https:\/\/www.semente-de-letras.pt\/website\/wp-content\/uploads\/2025\/02\/ilustration_img-300x168.png 300w, https:\/\/www.semente-de-letras.pt\/website\/wp-content\/uploads\/2025\/02\/ilustration_img-1024x574.png 1024w, https:\/\/www.semente-de-letras.pt\/website\/wp-content\/uploads\/2025\/02\/ilustration_img-768x430.png 768w\" sizes=\"auto, (max-width: 767px) 89vw, (max-width: 1000px) 54vw, (max-width: 1071px) 543px, 580px\" \/><\/p>\n<p style=\"text-align: center;\">&nbsp;<\/p>\n<hr>\n<p><span style=\"font-family: verdana, geneva, sans-serif; font-size: 10pt;\">A arte da ilustra\u00e7\u00e3o \u00e9 um dos pilares fundamentais da comunica\u00e7\u00e3o humana. Desde os tempos pr\u00e9-hist\u00f3ricos, a ilustra\u00e7\u00e3o tem servido como um meio vital para transmitir ideias, contar hist\u00f3rias e expressar emo\u00e7\u00f5es. Nas cavernas, o Homem utilizava desenhos para contar suas ca\u00e7adas e rituais, um precursor das narrativas visuais que hoje dominam o mundo, desde livros infantis at\u00e9 complexas instru\u00e7\u00f5es t\u00e9cnicas&#8230;<\/span><\/p>\n        <div class=\"rmwr-wrapper\" \n             data-id=\"rmwr-6a031cc03cc67\"\n             data-mode=\"normal\"\n             data-animation=\"fade\"\n             data-duration=\"300\"\n             data-smooth-scroll=\"true\"\n             data-scroll-offset=\"0\">\n            <button \n                type=\"button\"\n                class=\"read-link\" \n                id=\"readlinkrmwr-6a031cc03cc67\"\n                data-open-text=\"Ler +\"\n                data-close-text=\"Ler -\"\n                aria-expanded=\"false\"\n                aria-controls=\"readrmwr-6a031cc03cc67\"\n                aria-label=\"Ler +\"\n            >\n                <span class=\"rmwr-text\">Ler +<\/span>\n            <\/button>\n            <div \n                class=\"read_div\" \n                id=\"readrmwr-6a031cc03cc67\"\n                aria-hidden=\"true\"\n                data-animation=\"fade\"\n                data-duration=\"300\"\n                style=\"display: none;\"\n            >\n                <\/p>\n<p><span style=\"font-family: verdana, geneva, sans-serif;font-size: 10pt\">A ilustra\u00e7\u00e3o n\u00e3o apenas enriquece o texto, dando-lhe vida e contexto, mas tamb\u00e9m transcende as barreiras lingu\u00edsticas e culturais. Uma imagem pode muitas vezes comunicar o que palavras n\u00e3o podem, atingindo diretamente o cora\u00e7\u00e3o e a mente do observador. Por exemplo, em contextos educacionais, as ilustra\u00e7\u00f5es s\u00e3o ferramentas indispens\u00e1veis na explica\u00e7\u00e3o de conceitos complexos de maneira simples e visualmente atraente.<\/span><\/p>\n<p><span style=\"font-family: verdana, geneva, sans-serif;font-size: 10pt\">No \u00e2mbito da comunica\u00e7\u00e3o moderna, a ilustra\u00e7\u00e3o continua a expandir suas fronteiras, integrando-se a tecnologias digitais e realidades aumentadas, o que amplia ainda mais seu alcance e impacto. Portanto, pode-se argumentar que a ilustra\u00e7\u00e3o \u00e9 mais relevante do que nunca, funcionando n\u00e3o s\u00f3 como uma ferramenta de comunica\u00e7\u00e3o, mas tamb\u00e9m como uma express\u00e3o art\u00edstica que desafia constantemente os seus pr\u00f3prios limites, explorando novas t\u00e9cnicas e meios.<\/span><\/p>\n<p><span style=\"font-family: verdana, geneva, sans-serif;font-size: 10pt\">Essencialmente, a ilustra\u00e7\u00e3o \u00e9 uma forma de linguagem universal que continua a evoluir e a adaptar-se, mantendo-se como um componente essencial da comunica\u00e7\u00e3o humana atrav\u00e9s dos tempos.<\/span><\/p>\n<p>            <\/div>\n        <\/div>\n        \n<p style=\"text-align: center;\"><span style=\"font-family: verdana, geneva, sans-serif; font-size: 8pt;\">[<a title=\"ilustra\u00e7\u00e3o digital\" href=\"https:\/\/www.semente-de-letras.pt\/website\/ilustracao-digital\/\" rel=\"\">ilustra\u00e7\u00e3o digital<\/a>] [<a title=\"ilustra\u00e7\u00e3o tradicional\" href=\"https:\/\/www.semente-de-letras.pt\/website\/ilustracao-tradicional\/\" rel=\"\">ilustra\u00e7\u00e3o tradicional<\/a>]<\/span><\/p>\n<p style=\"text-align: right;\"><span style=\"font-family: verdana, geneva, sans-serif; font-size: 8pt;\">[<a href=\"#A0\">para cima<\/a>]<\/span><\/p>\n","protected":false},"excerpt":{"rendered":"<p>&nbsp; A arte da ilustra\u00e7\u00e3o \u00e9 um dos pilares fundamentais da comunica\u00e7\u00e3o humana. Desde os tempos pr\u00e9-hist\u00f3ricos, a ilustra\u00e7\u00e3o tem servido como um meio vital para transmitir ideias, contar hist\u00f3rias e expressar emo\u00e7\u00f5es. Nas cavernas, o Homem utilizava desenhos para contar suas ca\u00e7adas e rituais, um precursor das narrativas visuais que hoje dominam o mundo, &hellip; <\/p>\n<p class=\"link-more\"><a href=\"https:\/\/www.semente-de-letras.pt\/website\/ilustracao\/\" class=\"more-link\">Continuar a ler <span class=\"screen-reader-text\">&#8220;ILUSTRA\u00c7\u00c3O&#8221;<\/span><\/a><\/p>\n","protected":false},"author":1,"featured_media":0,"parent":0,"menu_order":0,"comment_status":"closed","ping_status":"closed","template":"","meta":{"ngg_post_thumbnail":0,"footnotes":""},"class_list":["post-1548","page","type-page","status-publish","hentry"],"_links":{"self":[{"href":"https:\/\/www.semente-de-letras.pt\/website\/wp-json\/wp\/v2\/pages\/1548","targetHints":{"allow":["GET"]}}],"collection":[{"href":"https:\/\/www.semente-de-letras.pt\/website\/wp-json\/wp\/v2\/pages"}],"about":[{"href":"https:\/\/www.semente-de-letras.pt\/website\/wp-json\/wp\/v2\/types\/page"}],"author":[{"embeddable":true,"href":"https:\/\/www.semente-de-letras.pt\/website\/wp-json\/wp\/v2\/users\/1"}],"replies":[{"embeddable":true,"href":"https:\/\/www.semente-de-letras.pt\/website\/wp-json\/wp\/v2\/comments?post=1548"}],"version-history":[{"count":15,"href":"https:\/\/www.semente-de-letras.pt\/website\/wp-json\/wp\/v2\/pages\/1548\/revisions"}],"predecessor-version":[{"id":2285,"href":"https:\/\/www.semente-de-letras.pt\/website\/wp-json\/wp\/v2\/pages\/1548\/revisions\/2285"}],"wp:attachment":[{"href":"https:\/\/www.semente-de-letras.pt\/website\/wp-json\/wp\/v2\/media?parent=1548"}],"curies":[{"name":"wp","href":"https:\/\/api.w.org\/{rel}","templated":true}]}}