{"id":1708,"date":"2025-02-16T21:19:27","date_gmt":"2025-02-16T21:19:27","guid":{"rendered":"https:\/\/www.semente-de-letras.pt\/website\/?page_id=1708"},"modified":"2026-01-03T17:46:01","modified_gmt":"2026-01-03T17:46:01","slug":"podcasts","status":"publish","type":"page","link":"https:\/\/www.semente-de-letras.pt\/website\/podcasts\/","title":{"rendered":"PODCASTS"},"content":{"rendered":"<p style=\"text-align: center;\"><img loading=\"lazy\" decoding=\"async\" class=\"aligncenter wp-image-1720 size-full\" src=\"https:\/\/www.semente-de-letras.pt\/website\/wp-content\/uploads\/2025\/02\/podcast2_img.png\" alt=\"\" width=\"1456\" height=\"816\" srcset=\"https:\/\/www.semente-de-letras.pt\/website\/wp-content\/uploads\/2025\/02\/podcast2_img.png 1456w, https:\/\/www.semente-de-letras.pt\/website\/wp-content\/uploads\/2025\/02\/podcast2_img-300x168.png 300w, https:\/\/www.semente-de-letras.pt\/website\/wp-content\/uploads\/2025\/02\/podcast2_img-1024x574.png 1024w, https:\/\/www.semente-de-letras.pt\/website\/wp-content\/uploads\/2025\/02\/podcast2_img-768x430.png 768w\" sizes=\"auto, (max-width: 767px) 89vw, (max-width: 1000px) 54vw, (max-width: 1071px) 543px, 580px\" \/><\/p>\n<hr>\n<p style=\"text-align: center;\"><span style=\"font-family: verdana, geneva, sans-serif; font-size: 8pt;\"><span style=\"font-family: verdana, geneva, sans-serif; font-size: 10pt;\">Acesse a conte\u00fados \u00e1udio atrav\u00e9s do <strong>Spotify<\/strong> | <\/span>[<a title=\"Ouvir no Spotify\" href=\"https:\/\/open.spotify.com\/show\/1w5I0ky5ab1gqgAOO68D8T\" target=\"_blank\" rel=\"noopener\">ouvir no Spotify<\/a>]<\/span><\/p>\n<hr>\n<p style=\"text-align: center;\"><span style=\"font-family: verdana, geneva, sans-serif; font-size: 10pt;\">Acesse a conte\u00fados v\u00eddeo atrav\u00e9s do <strong>Youtube<\/strong> | <span style=\"font-size: 8pt;\">[ver no Youtube]<\/span><\/span><\/p>\n<hr>\n<p style=\"text-align: center;\"><span style=\"font-family: verdana, geneva, sans-serif; font-size: 8pt;\">[<a href=\"https:\/\/www.semente-de-letras.pt\/website\/\" rel=\"\">voltar<\/a>]<\/span><\/p>\n","protected":false},"excerpt":{"rendered":"<p>Acesse a conte\u00fados \u00e1udio atrav\u00e9s do Spotify | [ouvir no Spotify] Acesse a conte\u00fados v\u00eddeo atrav\u00e9s do Youtube | [ver no Youtube] [voltar]<\/p>\n","protected":false},"author":1,"featured_media":0,"parent":0,"menu_order":0,"comment_status":"closed","ping_status":"closed","template":"","meta":{"ngg_post_thumbnail":0,"footnotes":""},"class_list":["post-1708","page","type-page","status-publish","hentry"],"_links":{"self":[{"href":"https:\/\/www.semente-de-letras.pt\/website\/wp-json\/wp\/v2\/pages\/1708","targetHints":{"allow":["GET"]}}],"collection":[{"href":"https:\/\/www.semente-de-letras.pt\/website\/wp-json\/wp\/v2\/pages"}],"about":[{"href":"https:\/\/www.semente-de-letras.pt\/website\/wp-json\/wp\/v2\/types\/page"}],"author":[{"embeddable":true,"href":"https:\/\/www.semente-de-letras.pt\/website\/wp-json\/wp\/v2\/users\/1"}],"replies":[{"embeddable":true,"href":"https:\/\/www.semente-de-letras.pt\/website\/wp-json\/wp\/v2\/comments?post=1708"}],"version-history":[{"count":29,"href":"https:\/\/www.semente-de-letras.pt\/website\/wp-json\/wp\/v2\/pages\/1708\/revisions"}],"predecessor-version":[{"id":2193,"href":"https:\/\/www.semente-de-letras.pt\/website\/wp-json\/wp\/v2\/pages\/1708\/revisions\/2193"}],"wp:attachment":[{"href":"https:\/\/www.semente-de-letras.pt\/website\/wp-json\/wp\/v2\/media?parent=1708"}],"curies":[{"name":"wp","href":"https:\/\/api.w.org\/{rel}","templated":true}]}}