{"id":201,"date":"2020-04-02T17:27:59","date_gmt":"2020-04-02T17:27:59","guid":{"rendered":"http:\/\/www.semente-de-letras.pt\/website\/?page_id=201"},"modified":"2025-11-14T21:43:41","modified_gmt":"2025-11-14T21:43:41","slug":"o-livrinho-vermelho","status":"publish","type":"page","link":"https:\/\/www.semente-de-letras.pt\/website\/literatura\/publicacoes\/o-livrinho-vermelho\/","title":{"rendered":"O Livrinho Vermelho"},"content":{"rendered":"<table style=\"border-collapse: collapse; width: 100%;\">\n<tbody>\n<tr>\n<td style=\"width: 33.3333%; text-align: center;\"><img loading=\"lazy\" decoding=\"async\" class=\"aligncenter wp-image-1426 size-medium\" src=\"https:\/\/www.semente-de-letras.pt\/website\/wp-content\/uploads\/2024\/09\/livrinho_4-e1727720249612-114x300.png\" alt=\"\" width=\"114\" height=\"300\" srcset=\"https:\/\/www.semente-de-letras.pt\/website\/wp-content\/uploads\/2024\/09\/livrinho_4-e1727720249612-114x300.png 114w, https:\/\/www.semente-de-letras.pt\/website\/wp-content\/uploads\/2024\/09\/livrinho_4-e1727720249612-389x1024.png 389w, https:\/\/www.semente-de-letras.pt\/website\/wp-content\/uploads\/2024\/09\/livrinho_4-e1727720249612-768x2020.png 768w, https:\/\/www.semente-de-letras.pt\/website\/wp-content\/uploads\/2024\/09\/livrinho_4-e1727720249612-584x1536.png 584w, https:\/\/www.semente-de-letras.pt\/website\/wp-content\/uploads\/2024\/09\/livrinho_4-e1727720249612-779x2048.png 779w, https:\/\/www.semente-de-letras.pt\/website\/wp-content\/uploads\/2024\/09\/livrinho_4-e1727720249612.png 1000w\" sizes=\"auto, (max-width: 114px) 100vw, 114px\" \/><\/td>\n<td style=\"width: 33.3333%; text-align: center;\"><img loading=\"lazy\" decoding=\"async\" class=\"aligncenter size-medium wp-image-1103\" src=\"https:\/\/www.semente-de-letras.pt\/website\/wp-content\/uploads\/2024\/03\/capa_livrinho_vermelho-207x300.jpg\" alt=\"\" width=\"207\" height=\"300\" srcset=\"https:\/\/www.semente-de-letras.pt\/website\/wp-content\/uploads\/2024\/03\/capa_livrinho_vermelho-207x300.jpg 207w, https:\/\/www.semente-de-letras.pt\/website\/wp-content\/uploads\/2024\/03\/capa_livrinho_vermelho-768x1114.jpg 768w, https:\/\/www.semente-de-letras.pt\/website\/wp-content\/uploads\/2024\/03\/capa_livrinho_vermelho-706x1024.jpg 706w, https:\/\/www.semente-de-letras.pt\/website\/wp-content\/uploads\/2024\/03\/capa_livrinho_vermelho.jpg 1735w\" sizes=\"auto, (max-width: 207px) 100vw, 207px\" \/><\/td>\n<td style=\"width: 33.3333%; text-align: center;\"><img loading=\"lazy\" decoding=\"async\" class=\"aligncenter size-medium wp-image-1426\" src=\"https:\/\/www.semente-de-letras.pt\/website\/wp-content\/uploads\/2024\/09\/livrinho_4-114x300.png\" alt=\"\" width=\"114\" height=\"300\"><\/td>\n<\/tr>\n<\/tbody>\n<\/table>\n<p><span style=\"font-family: verdana, geneva, sans-serif; font-size: 10pt;\">2011 \u2013 73 p\u00e1ginas ISBN 978-989-697-121-2<\/span><br \/>\n<span style=\"font-family: verdana, geneva, sans-serif; font-size: 10pt;\">Autor:&nbsp;<strong>Jorge Bas\u00edlio<\/strong>&nbsp;| ilustrado por&nbsp;<strong>Sofia Linhares<br \/>\n<\/strong>Edi\u00e7\u00e3o:&nbsp;Chiado Editora<\/span><\/p>\n<hr>\n<table style=\"border-collapse: collapse; width: 100%;\">\n<tbody>\n<tr>\n<td style=\"width: 33.3333%; text-align: center;\"><img loading=\"lazy\" decoding=\"async\" class=\"aligncenter size-medium wp-image-1424\" src=\"https:\/\/www.semente-de-letras.pt\/website\/wp-content\/uploads\/2024\/09\/livrinho_2-300x215.png\" alt=\"\" width=\"300\" height=\"215\" srcset=\"https:\/\/www.semente-de-letras.pt\/website\/wp-content\/uploads\/2024\/09\/livrinho_2-300x215.png 300w, https:\/\/www.semente-de-letras.pt\/website\/wp-content\/uploads\/2024\/09\/livrinho_2-768x550.png 768w, https:\/\/www.semente-de-letras.pt\/website\/wp-content\/uploads\/2024\/09\/livrinho_2.png 960w\" sizes=\"auto, (max-width: 300px) 100vw, 300px\" \/><\/td>\n<td style=\"width: 33.3333%; text-align: center;\"><img loading=\"lazy\" decoding=\"async\" class=\"aligncenter size-medium wp-image-1422\" src=\"https:\/\/www.semente-de-letras.pt\/website\/wp-content\/uploads\/2024\/09\/livrinho_1-300x156.png\" alt=\"\" width=\"300\" height=\"156\" srcset=\"https:\/\/www.semente-de-letras.pt\/website\/wp-content\/uploads\/2024\/09\/livrinho_1-300x156.png 300w, https:\/\/www.semente-de-letras.pt\/website\/wp-content\/uploads\/2024\/09\/livrinho_1-768x399.png 768w, https:\/\/www.semente-de-letras.pt\/website\/wp-content\/uploads\/2024\/09\/livrinho_1.png 942w\" sizes=\"auto, (max-width: 300px) 100vw, 300px\" \/><\/td>\n<td style=\"width: 33.3333%; text-align: center;\"><img loading=\"lazy\" decoding=\"async\" class=\"aligncenter size-medium wp-image-1423\" src=\"https:\/\/www.semente-de-letras.pt\/website\/wp-content\/uploads\/2024\/09\/livrinho_3-300x235.png\" alt=\"\" width=\"300\" height=\"235\" srcset=\"https:\/\/www.semente-de-letras.pt\/website\/wp-content\/uploads\/2024\/09\/livrinho_3-300x235.png 300w, https:\/\/www.semente-de-letras.pt\/website\/wp-content\/uploads\/2024\/09\/livrinho_3-768x602.png 768w, https:\/\/www.semente-de-letras.pt\/website\/wp-content\/uploads\/2024\/09\/livrinho_3.png 969w\" sizes=\"auto, (max-width: 300px) 100vw, 300px\" \/><\/td>\n<\/tr>\n<\/tbody>\n<\/table>\n<p><em style=\"font-family: verdana, geneva, sans-serif; font-size: 10pt; font-weight: 800;\"><strong>sinopse<\/strong><\/em><\/p>\n<p><span style=\"font-family: verdana, geneva, sans-serif; font-size: 10pt;\"><em>&#8220;Esta \u00e9 a hist\u00f3ria de uma biblioteca e das rela\u00e7\u00f5es entre os seus habitantes, os livros, rela\u00e7\u00f5es ditadas pelo temor infundado \u00e0 CDU, que um belo dia se alteram, quando a ela chega um pequeno livro de capa encarnada, o Livrinho Vermelho\u2026&#8221;<\/em><\/span><\/p>\n<p><span style=\"font-family: verdana, geneva, sans-serif; font-size: 8pt;\">NOTA: Esta obra foi alvo de uma recens\u00e3o cr\u00edtica por parte da Professora Doutora Isabel Ponce de Le\u00e3o e publicada no Jornal \u201c<a title=\"Jornal &quot;As Artes entre as Letras&quot;\" href=\"http:\/\/www.artesentreasletras.com.pt\/index.php\/home\/index\/20\" target=\"_blank\" rel=\"noopener noreferrer\"><em>As Artes entre as Letras<\/em><\/a>\u201c. Ver o artigo <a href=\"https:\/\/www.semente-de-letras.pt\/website\/wp-content\/uploads\/2024\/09\/livrinho_vermelho_artes_letras.pdf\" target=\"_blank\" rel=\"noopener\">AQUI<\/a>.<\/span><\/p>\n","protected":false},"excerpt":{"rendered":"<p>2011 \u2013 73 p\u00e1ginas ISBN 978-989-697-121-2 Autor:&nbsp;Jorge Bas\u00edlio&nbsp;| ilustrado por&nbsp;Sofia Linhares Edi\u00e7\u00e3o:&nbsp;Chiado Editora sinopse &#8220;Esta \u00e9 a hist\u00f3ria de uma biblioteca e das rela\u00e7\u00f5es entre os seus habitantes, os livros, rela\u00e7\u00f5es ditadas pelo temor infundado \u00e0 CDU, que um belo dia se alteram, quando a ela chega um pequeno livro de capa encarnada, o Livrinho &hellip; <\/p>\n<p class=\"link-more\"><a href=\"https:\/\/www.semente-de-letras.pt\/website\/literatura\/publicacoes\/o-livrinho-vermelho\/\" class=\"more-link\">Continuar a ler <span class=\"screen-reader-text\">&#8220;O Livrinho Vermelho&#8221;<\/span><\/a><\/p>\n","protected":false},"author":1,"featured_media":0,"parent":89,"menu_order":1,"comment_status":"closed","ping_status":"closed","template":"","meta":{"ngg_post_thumbnail":0,"footnotes":""},"class_list":["post-201","page","type-page","status-publish","hentry"],"_links":{"self":[{"href":"https:\/\/www.semente-de-letras.pt\/website\/wp-json\/wp\/v2\/pages\/201","targetHints":{"allow":["GET"]}}],"collection":[{"href":"https:\/\/www.semente-de-letras.pt\/website\/wp-json\/wp\/v2\/pages"}],"about":[{"href":"https:\/\/www.semente-de-letras.pt\/website\/wp-json\/wp\/v2\/types\/page"}],"author":[{"embeddable":true,"href":"https:\/\/www.semente-de-letras.pt\/website\/wp-json\/wp\/v2\/users\/1"}],"replies":[{"embeddable":true,"href":"https:\/\/www.semente-de-letras.pt\/website\/wp-json\/wp\/v2\/comments?post=201"}],"version-history":[{"count":30,"href":"https:\/\/www.semente-de-letras.pt\/website\/wp-json\/wp\/v2\/pages\/201\/revisions"}],"predecessor-version":[{"id":2016,"href":"https:\/\/www.semente-de-letras.pt\/website\/wp-json\/wp\/v2\/pages\/201\/revisions\/2016"}],"up":[{"embeddable":true,"href":"https:\/\/www.semente-de-letras.pt\/website\/wp-json\/wp\/v2\/pages\/89"}],"wp:attachment":[{"href":"https:\/\/www.semente-de-letras.pt\/website\/wp-json\/wp\/v2\/media?parent=201"}],"curies":[{"name":"wp","href":"https:\/\/api.w.org\/{rel}","templated":true}]}}