{"id":2038,"date":"2025-11-27T22:12:20","date_gmt":"2025-11-27T22:12:20","guid":{"rendered":"https:\/\/www.semente-de-letras.pt\/website\/?page_id=2038"},"modified":"2026-01-10T11:53:06","modified_gmt":"2026-01-10T11:53:06","slug":"proximas-publicacoes","status":"publish","type":"page","link":"https:\/\/www.semente-de-letras.pt\/website\/proximas-publicacoes\/","title":{"rendered":"Pr\u00f3ximas Publica\u00e7\u00f5es"},"content":{"rendered":"<p style=\"text-align: center;\"><a id=\"A0\"><\/a><img loading=\"lazy\" decoding=\"async\" class=\"aligncenter wp-image-2045 size-full\" src=\"https:\/\/www.semente-de-letras.pt\/website\/wp-content\/uploads\/2025\/11\/jb_2224_Books_books_and_more_books_hyperrealistic_detailed_qual_73438296-1727-4f48-a111-3db8af242083.png\" alt=\"\" width=\"1456\" height=\"816\" srcset=\"https:\/\/www.semente-de-letras.pt\/website\/wp-content\/uploads\/2025\/11\/jb_2224_Books_books_and_more_books_hyperrealistic_detailed_qual_73438296-1727-4f48-a111-3db8af242083.png 1456w, https:\/\/www.semente-de-letras.pt\/website\/wp-content\/uploads\/2025\/11\/jb_2224_Books_books_and_more_books_hyperrealistic_detailed_qual_73438296-1727-4f48-a111-3db8af242083-300x168.png 300w, https:\/\/www.semente-de-letras.pt\/website\/wp-content\/uploads\/2025\/11\/jb_2224_Books_books_and_more_books_hyperrealistic_detailed_qual_73438296-1727-4f48-a111-3db8af242083-1024x574.png 1024w, https:\/\/www.semente-de-letras.pt\/website\/wp-content\/uploads\/2025\/11\/jb_2224_Books_books_and_more_books_hyperrealistic_detailed_qual_73438296-1727-4f48-a111-3db8af242083-768x430.png 768w\" sizes=\"auto, (max-width: 767px) 89vw, (max-width: 1000px) 54vw, (max-width: 1071px) 543px, 580px\" \/><\/p>\n<hr>\n<p><span style=\"font-size: 10pt;\"><strong><span style=\"font-family: verdana, geneva, sans-serif;\">Eis as pr\u00f3ximas publica\u00e7\u00f5es da Semente de Letras\u00ae, para este ano de 2026 e 2027:<\/span><\/strong><\/span><\/p>\n<ul>\n<li style=\"text-align: left;\"><span style=\"font-family: verdana, geneva, sans-serif; font-size: 10pt;\"><strong>Hist\u00f3rias Improv\u00e1veis no Mundo do Teatro<\/strong> &#8211; Mais uma hist\u00f3ria improv\u00e1vel e absurda que acontece nas ruas de Paris com um pequeno grupo de jovens no dealbar do s\u00e9culo XX.<\/span><\/li>\n<\/ul>\n<p style=\"text-align: center;\"><img loading=\"lazy\" decoding=\"async\" class=\"aligncenter wp-image-2123 size-thumbnail\" src=\"https:\/\/www.semente-de-letras.pt\/website\/wp-content\/uploads\/2025\/12\/mascaras_teatro_2-150x150.png\" alt=\"\" width=\"150\" height=\"150\" srcset=\"https:\/\/www.semente-de-letras.pt\/website\/wp-content\/uploads\/2025\/12\/mascaras_teatro_2-150x150.png 150w, https:\/\/www.semente-de-letras.pt\/website\/wp-content\/uploads\/2025\/12\/mascaras_teatro_2-300x300.png 300w, https:\/\/www.semente-de-letras.pt\/website\/wp-content\/uploads\/2025\/12\/mascaras_teatro_2-768x768.png 768w, https:\/\/www.semente-de-letras.pt\/website\/wp-content\/uploads\/2025\/12\/mascaras_teatro_2-100x100.png 100w, https:\/\/www.semente-de-letras.pt\/website\/wp-content\/uploads\/2025\/12\/mascaras_teatro_2.png 1024w\" sizes=\"auto, (max-width: 150px) 100vw, 150px\" \/><\/p>\n<ul>\n<li><span style=\"font-size: 8pt; font-family: verdana, geneva, sans-serif;\">Autor e Ilustrador &#8211; Jorge Bas\u00edlio<\/span><\/li>\n<li><span style=\"font-size: 8pt; font-family: verdana, geneva, sans-serif;\">Ano previsto de lan\u00e7amento &#8211; 2026<\/span><\/li>\n<\/ul>\n<p style=\"text-align: right;\"><span style=\"font-size: 8pt; font-family: verdana, geneva, sans-serif;\">[<a href=\"#A0\" rel=\"\">para cima<\/a>]<\/span><\/p>\n<hr>\n<ul>\n<li><span style=\"font-family: verdana, geneva, sans-serif; font-size: 10pt;\"><strong>Kaleb, o menino que queria ser cor<\/strong> &#8211; Uma hist\u00f3ria negra. Um jovem que se revolta. Um mundo estranho e cinzento, p\u00f3s apocal\u00edtico que, por a\u00e7\u00e3o desse jovem, se torna colorido e cheio de vida.<\/span><\/li>\n<\/ul>\n<p style=\"text-align: center;\"><img loading=\"lazy\" decoding=\"async\" class=\"aligncenter wp-image-2125 size-thumbnail\" src=\"https:\/\/www.semente-de-letras.pt\/website\/wp-content\/uploads\/2025\/12\/brasao_1_effects_2-150x150.png\" alt=\"\" width=\"150\" height=\"150\" srcset=\"https:\/\/www.semente-de-letras.pt\/website\/wp-content\/uploads\/2025\/12\/brasao_1_effects_2-150x150.png 150w, https:\/\/www.semente-de-letras.pt\/website\/wp-content\/uploads\/2025\/12\/brasao_1_effects_2-300x300.png 300w, https:\/\/www.semente-de-letras.pt\/website\/wp-content\/uploads\/2025\/12\/brasao_1_effects_2-768x767.png 768w, https:\/\/www.semente-de-letras.pt\/website\/wp-content\/uploads\/2025\/12\/brasao_1_effects_2-100x100.png 100w, https:\/\/www.semente-de-letras.pt\/website\/wp-content\/uploads\/2025\/12\/brasao_1_effects_2.png 933w\" sizes=\"auto, (max-width: 150px) 100vw, 150px\" \/><\/p>\n<ul>\n<li><span style=\"font-family: verdana, geneva, sans-serif; font-size: 8pt;\">Autor e Ilustrador &#8211; Jorge Bas\u00edlio<\/span><\/li>\n<li><span style=\"font-family: verdana, geneva, sans-serif; font-size: 8pt;\">Ano previsto de lan\u00e7amento &#8211; 2026<\/span><\/li>\n<\/ul>\n<p style=\"text-align: right;\"><span style=\"font-size: 8pt; font-family: verdana, geneva, sans-serif;\">[<a href=\"#A0\" rel=\"\">para cima<\/a>]<\/span><\/p>\n<hr>\n<ul>\n<li><span style=\"font-family: verdana, geneva, sans-serif; font-size: 10pt;\"><strong>Hist\u00f3rias Improv\u00e1veis no Mundo das Letras e dos N\u00fameros<\/strong> &#8211; Uma hist\u00f3ria improv\u00e1vel de uma letra atrevida que quebra as regras do Mundo das Letras e do Mundo dos N\u00fameros&#8230;<\/span><\/li>\n<\/ul>\n<p style=\"text-align: center;\"><img loading=\"lazy\" decoding=\"async\" class=\"aligncenter wp-image-2127 size-thumbnail\" src=\"https:\/\/www.semente-de-letras.pt\/website\/wp-content\/uploads\/2025\/12\/anoes_1a-150x150.png\" alt=\"\" width=\"150\" height=\"150\" srcset=\"https:\/\/www.semente-de-letras.pt\/website\/wp-content\/uploads\/2025\/12\/anoes_1a-150x150.png 150w, https:\/\/www.semente-de-letras.pt\/website\/wp-content\/uploads\/2025\/12\/anoes_1a-300x298.png 300w, https:\/\/www.semente-de-letras.pt\/website\/wp-content\/uploads\/2025\/12\/anoes_1a-768x762.png 768w, https:\/\/www.semente-de-letras.pt\/website\/wp-content\/uploads\/2025\/12\/anoes_1a-100x100.png 100w, https:\/\/www.semente-de-letras.pt\/website\/wp-content\/uploads\/2025\/12\/anoes_1a.png 1013w\" sizes=\"auto, (max-width: 150px) 100vw, 150px\" \/><\/p>\n<ul>\n<li><span style=\"font-family: verdana, geneva, sans-serif; font-size: 8pt;\">Autor e Ilustrador &#8211; Jorge Bas\u00edlio<\/span><\/li>\n<li><span style=\"font-family: verdana, geneva, sans-serif; font-size: 8pt;\">Ano previsto de lan\u00e7amento &#8211; 2027<\/span><\/li>\n<\/ul>\n<p style=\"text-align: right;\"><span style=\"font-size: 8pt; font-family: verdana, geneva, sans-serif;\">[<a href=\"#A0\" rel=\"\">para cima<\/a>]<\/span><\/p>\n<hr>\n<ul>\n<li><span style=\"font-family: verdana, geneva, sans-serif; font-size: 10pt;\"><strong>O Tri\u00e2ngulo C\u00f3smico<\/strong> &#8211; Uma hist\u00f3ria passada em meados do s\u00e9culo XX, com personagens reais, com realidades paralelas, com um pouco de fic\u00e7\u00e3o cient\u00edfica \u00e0 mistura e que envolve quatro personagens muito carism\u00e1ticos.<\/span><\/li>\n<\/ul>\n<p style=\"text-align: center;\"><img loading=\"lazy\" decoding=\"async\" class=\"aligncenter wp-image-2182\" src=\"https:\/\/www.semente-de-letras.pt\/website\/wp-content\/uploads\/2026\/01\/protagonistas-268x300.png\" alt=\"\" width=\"150\" height=\"168\" srcset=\"https:\/\/www.semente-de-letras.pt\/website\/wp-content\/uploads\/2026\/01\/protagonistas-268x300.png 268w, https:\/\/www.semente-de-letras.pt\/website\/wp-content\/uploads\/2026\/01\/protagonistas-915x1024.png 915w, https:\/\/www.semente-de-letras.pt\/website\/wp-content\/uploads\/2026\/01\/protagonistas-768x859.png 768w, https:\/\/www.semente-de-letras.pt\/website\/wp-content\/uploads\/2026\/01\/protagonistas-1373x1536.png 1373w, https:\/\/www.semente-de-letras.pt\/website\/wp-content\/uploads\/2026\/01\/protagonistas.png 1464w\" sizes=\"auto, (max-width: 150px) 100vw, 150px\" \/><\/p>\n<ul>\n<li><span style=\"font-size: 8pt; font-family: verdana, geneva, sans-serif;\">Autor e Ilustrador &#8211; Jorge Bas\u00edlio<\/span><\/li>\n<li><span style=\"font-size: 8pt; font-family: verdana, geneva, sans-serif;\">Ano previsto de lan\u00e7amento &#8211; 2027<\/span><\/li>\n<\/ul>\n<p style=\"text-align: right;\"><span style=\"font-size: 8pt; font-family: verdana, geneva, sans-serif;\">[<a href=\"#A0\" rel=\"\">para cima<\/a>]<\/span><\/p>\n<hr>\n<ul>\n<li><span style=\"font-family: verdana, geneva, sans-serif; font-size: 10pt;\"><strong>Hist\u00f3rias Para Ler de Frente com Gente de Lado<\/strong> &#8211; Uma hist\u00f3ria peculiar passada entre o Antigo Egito e os tempos atuais.<\/span><\/li>\n<\/ul>\n<p style=\"text-align: center;\"><img loading=\"lazy\" decoding=\"async\" class=\"aligncenter wp-image-2129 size-thumbnail\" src=\"https:\/\/www.semente-de-letras.pt\/website\/wp-content\/uploads\/2025\/12\/elijah_scott_1-150x150.png\" alt=\"\" width=\"150\" height=\"150\" srcset=\"https:\/\/www.semente-de-letras.pt\/website\/wp-content\/uploads\/2025\/12\/elijah_scott_1-150x150.png 150w, https:\/\/www.semente-de-letras.pt\/website\/wp-content\/uploads\/2025\/12\/elijah_scott_1-300x300.png 300w, https:\/\/www.semente-de-letras.pt\/website\/wp-content\/uploads\/2025\/12\/elijah_scott_1-768x768.png 768w, https:\/\/www.semente-de-letras.pt\/website\/wp-content\/uploads\/2025\/12\/elijah_scott_1-100x100.png 100w, https:\/\/www.semente-de-letras.pt\/website\/wp-content\/uploads\/2025\/12\/elijah_scott_1.png 1024w\" sizes=\"auto, (max-width: 150px) 100vw, 150px\" \/><\/p>\n<ul>\n<li><span style=\"font-size: 8pt; font-family: verdana, geneva, sans-serif;\">Autor e Ilustrador &#8211; Jorge Bas\u00edlio<\/span><\/li>\n<li><span style=\"font-size: 8pt; font-family: verdana, geneva, sans-serif;\">Ano previsto de lan\u00e7amento &#8211; Sem previs\u00e3o<\/span><\/li>\n<\/ul>\n<p style=\"text-align: right;\"><span style=\"font-size: 8pt; font-family: verdana, geneva, sans-serif;\">[<a href=\"#A0\" rel=\"\">para cima<\/a>]<\/span><\/p>\n","protected":false},"excerpt":{"rendered":"<p>Eis as pr\u00f3ximas publica\u00e7\u00f5es da Semente de Letras\u00ae, para este ano de 2026 e 2027: Hist\u00f3rias Improv\u00e1veis no Mundo do Teatro &#8211; Mais uma hist\u00f3ria improv\u00e1vel e absurda que acontece nas ruas de Paris com um pequeno grupo de jovens no dealbar do s\u00e9culo XX. Autor e Ilustrador &#8211; Jorge Bas\u00edlio Ano previsto de lan\u00e7amento &hellip; <\/p>\n<p class=\"link-more\"><a href=\"https:\/\/www.semente-de-letras.pt\/website\/proximas-publicacoes\/\" class=\"more-link\">Continuar a ler <span class=\"screen-reader-text\">&#8220;Pr\u00f3ximas Publica\u00e7\u00f5es&#8221;<\/span><\/a><\/p>\n","protected":false},"author":1,"featured_media":0,"parent":0,"menu_order":0,"comment_status":"closed","ping_status":"closed","template":"","meta":{"ngg_post_thumbnail":0,"footnotes":""},"class_list":["post-2038","page","type-page","status-publish","hentry"],"_links":{"self":[{"href":"https:\/\/www.semente-de-letras.pt\/website\/wp-json\/wp\/v2\/pages\/2038","targetHints":{"allow":["GET"]}}],"collection":[{"href":"https:\/\/www.semente-de-letras.pt\/website\/wp-json\/wp\/v2\/pages"}],"about":[{"href":"https:\/\/www.semente-de-letras.pt\/website\/wp-json\/wp\/v2\/types\/page"}],"author":[{"embeddable":true,"href":"https:\/\/www.semente-de-letras.pt\/website\/wp-json\/wp\/v2\/users\/1"}],"replies":[{"embeddable":true,"href":"https:\/\/www.semente-de-letras.pt\/website\/wp-json\/wp\/v2\/comments?post=2038"}],"version-history":[{"count":23,"href":"https:\/\/www.semente-de-letras.pt\/website\/wp-json\/wp\/v2\/pages\/2038\/revisions"}],"predecessor-version":[{"id":2227,"href":"https:\/\/www.semente-de-letras.pt\/website\/wp-json\/wp\/v2\/pages\/2038\/revisions\/2227"}],"wp:attachment":[{"href":"https:\/\/www.semente-de-letras.pt\/website\/wp-json\/wp\/v2\/media?parent=2038"}],"curies":[{"name":"wp","href":"https:\/\/api.w.org\/{rel}","templated":true}]}}