{"id":206,"date":"2020-04-02T17:29:13","date_gmt":"2020-04-02T17:29:13","guid":{"rendered":"http:\/\/www.semente-de-letras.pt\/website\/?page_id=206"},"modified":"2025-11-14T21:53:49","modified_gmt":"2025-11-14T21:53:49","slug":"historias-improvaveis-no-mundo-da-musica","status":"publish","type":"page","link":"https:\/\/www.semente-de-letras.pt\/website\/literatura\/publicacoes\/historias-improvaveis-no-mundo-da-musica\/","title":{"rendered":"Hist\u00f3rias Improv\u00e1veis | no mundo da m\u00fasica"},"content":{"rendered":"<table style=\"border-collapse: collapse; width: 100%;\">\n<tbody>\n<tr>\n<td style=\"width: 33.3333%; text-align: center;\"><img loading=\"lazy\" decoding=\"async\" class=\"size-medium wp-image-1364 alignright\" src=\"https:\/\/www.semente-de-letras.pt\/website\/wp-content\/uploads\/2024\/09\/musica_1-263x300.png\" alt=\"\" width=\"263\" height=\"300\" srcset=\"https:\/\/www.semente-de-letras.pt\/website\/wp-content\/uploads\/2024\/09\/musica_1-263x300.png 263w, https:\/\/www.semente-de-letras.pt\/website\/wp-content\/uploads\/2024\/09\/musica_1.png 625w\" sizes=\"auto, (max-width: 263px) 100vw, 263px\" \/><\/td>\n<td style=\"width: 33.3333%; text-align: center;\"><img loading=\"lazy\" decoding=\"async\" class=\"aligncenter size-medium wp-image-1105\" src=\"https:\/\/www.semente-de-letras.pt\/website\/wp-content\/uploads\/2024\/03\/capa_musica-300x297.jpg\" alt=\"\" width=\"300\" height=\"297\" srcset=\"https:\/\/www.semente-de-letras.pt\/website\/wp-content\/uploads\/2024\/03\/capa_musica-300x297.jpg 300w, https:\/\/www.semente-de-letras.pt\/website\/wp-content\/uploads\/2024\/03\/capa_musica-150x150.jpg 150w, https:\/\/www.semente-de-letras.pt\/website\/wp-content\/uploads\/2024\/03\/capa_musica-768x761.jpg 768w, https:\/\/www.semente-de-letras.pt\/website\/wp-content\/uploads\/2024\/03\/capa_musica-1024x1015.jpg 1024w, https:\/\/www.semente-de-letras.pt\/website\/wp-content\/uploads\/2024\/03\/capa_musica-100x100.jpg 100w\" sizes=\"auto, (max-width: 300px) 100vw, 300px\" \/><\/td>\n<td style=\"width: 33.3333%; text-align: center;\"><img loading=\"lazy\" decoding=\"async\" class=\"size-medium wp-image-1365 alignleft\" src=\"https:\/\/www.semente-de-letras.pt\/website\/wp-content\/uploads\/2024\/09\/musica_2-287x300.png\" alt=\"\" width=\"287\" height=\"300\" srcset=\"https:\/\/www.semente-de-letras.pt\/website\/wp-content\/uploads\/2024\/09\/musica_2-287x300.png 287w, https:\/\/www.semente-de-letras.pt\/website\/wp-content\/uploads\/2024\/09\/musica_2.png 625w\" sizes=\"auto, (max-width: 287px) 100vw, 287px\" \/><\/td>\n<\/tr>\n<\/tbody>\n<\/table>\n<p><span style=\"font-family: verdana, geneva, sans-serif; font-size: 10pt;\">2013 \u2013 70 p\u00e1ginas ISBN 978-989-98133-1-1 \/ Dep\u00f3sito Legal n.\u00ba 364180\/13<br \/>\nAutor:&nbsp;<strong>Jorge Bas\u00edlio<\/strong>&nbsp;| ilustrado por&nbsp;<strong>Sofia Linhares<br \/>\n<\/strong>Edi\u00e7\u00e3o: <a href=\"https:\/\/www.semente-de-letras.pt\/website\/\">Semente de Letras<sup>\u00ae<\/sup><\/a><br \/>\nPref\u00e1cio de V\u00edctor Dias, Maestro<br \/>\n<\/span><span style=\"font-family: verdana, geneva, sans-serif; font-size: 10pt;\">Guia comentado de audi\u00e7\u00e3o por Jo\u00e3o Almeida<\/span><\/p>\n<hr>\n<table style=\"border-collapse: collapse; width: 100%;\">\n<tbody>\n<tr>\n<td style=\"width: 50%; text-align: center;\"><img loading=\"lazy\" decoding=\"async\" class=\"aligncenter size-medium wp-image-1406\" src=\"https:\/\/www.semente-de-letras.pt\/website\/wp-content\/uploads\/2024\/09\/acorde_perfeito_5-223x300.png\" alt=\"\" width=\"223\" height=\"300\" srcset=\"https:\/\/www.semente-de-letras.pt\/website\/wp-content\/uploads\/2024\/09\/acorde_perfeito_5-223x300.png 223w, https:\/\/www.semente-de-letras.pt\/website\/wp-content\/uploads\/2024\/09\/acorde_perfeito_5-761x1024.png 761w, https:\/\/www.semente-de-letras.pt\/website\/wp-content\/uploads\/2024\/09\/acorde_perfeito_5-768x1033.png 768w, https:\/\/www.semente-de-letras.pt\/website\/wp-content\/uploads\/2024\/09\/acorde_perfeito_5.png 925w\" sizes=\"auto, (max-width: 223px) 100vw, 223px\" \/><\/td>\n<td style=\"width: 50%; text-align: center;\"><img loading=\"lazy\" decoding=\"async\" class=\"aligncenter size-medium wp-image-1407\" src=\"https:\/\/www.semente-de-letras.pt\/website\/wp-content\/uploads\/2024\/09\/acorde_perfeito_6-191x300.png\" alt=\"\" width=\"191\" height=\"300\" srcset=\"https:\/\/www.semente-de-letras.pt\/website\/wp-content\/uploads\/2024\/09\/acorde_perfeito_6-191x300.png 191w, https:\/\/www.semente-de-letras.pt\/website\/wp-content\/uploads\/2024\/09\/acorde_perfeito_6-651x1024.png 651w, https:\/\/www.semente-de-letras.pt\/website\/wp-content\/uploads\/2024\/09\/acorde_perfeito_6.png 750w\" sizes=\"auto, (max-width: 191px) 100vw, 191px\" \/><\/td>\n<\/tr>\n<\/tbody>\n<\/table>\n<p><span style=\"font-family: verdana, geneva, sans-serif; font-size: 10pt;\"><i><strong>Sinopse<\/strong><br \/>\n&#8220;Esta obra leva-nos a um mundo imagin\u00e1rio, onde a realidade, os factos hist\u00f3ricos e a fic\u00e7\u00e3o, se entrela\u00e7am, rumo a uma extraordin\u00e1ria aventura, repleta de improv\u00e1veis acontecimentos, nos quais participam, de uma forma surpreendente, os instrumentos de uma orquestra. A imagina\u00e7\u00e3o de cada leitor encarregar-se-\u00e1, ao longo da leitura deste livro, de fazer soar na sua mente, os timbres, os tons e o colorido pr\u00f3prio de cada fam\u00edlia de instrumentos que nele tomam parte.\u201d<\/i><\/span><\/p>\n<hr>\n<p><span style=\"font-family: verdana, geneva, sans-serif; font-size: 8pt;\">Este livro contou com o apoio:<\/span><\/p>\n<p><a href=\"https:\/\/antena2.rtp.pt\/\" target=\"_blank\" rel=\"noopener\"><span style=\"font-family: verdana, geneva, sans-serif; font-size: 8pt;\"><img loading=\"lazy\" decoding=\"async\" class=\"aligncenter wp-image-1939\" src=\"https:\/\/www.semente-de-letras.pt\/website\/wp-content\/uploads\/2025\/08\/antena_2_logo-300x84.jpg\" alt=\"\" width=\"132\" height=\"37\" srcset=\"https:\/\/www.semente-de-letras.pt\/website\/wp-content\/uploads\/2025\/08\/antena_2_logo-300x84.jpg 300w, https:\/\/www.semente-de-letras.pt\/website\/wp-content\/uploads\/2025\/08\/antena_2_logo-1024x286.jpg 1024w, https:\/\/www.semente-de-letras.pt\/website\/wp-content\/uploads\/2025\/08\/antena_2_logo-768x215.jpg 768w, https:\/\/www.semente-de-letras.pt\/website\/wp-content\/uploads\/2025\/08\/antena_2_logo-1536x429.jpg 1536w, https:\/\/www.semente-de-letras.pt\/website\/wp-content\/uploads\/2025\/08\/antena_2_logo.jpg 1600w\" sizes=\"auto, (max-width: 132px) 100vw, 132px\" \/><\/span><\/a><\/p>\n<p style=\"text-align: right;\"><span style=\"font-family: verdana, geneva, sans-serif; font-size: 8pt;\">[<a href=\"https:\/\/www.semente-de-letras.pt\/website\/playlists\/#A1\">aceder \u00e0 playlist<\/a>]<\/span><\/p>\n","protected":false},"excerpt":{"rendered":"<p>2013 \u2013 70 p\u00e1ginas ISBN 978-989-98133-1-1 \/ Dep\u00f3sito Legal n.\u00ba 364180\/13 Autor:&nbsp;Jorge Bas\u00edlio&nbsp;| ilustrado por&nbsp;Sofia Linhares Edi\u00e7\u00e3o: Semente de Letras\u00ae Pref\u00e1cio de V\u00edctor Dias, Maestro Guia comentado de audi\u00e7\u00e3o por Jo\u00e3o Almeida Sinopse &#8220;Esta obra leva-nos a um mundo imagin\u00e1rio, onde a realidade, os factos hist\u00f3ricos e a fic\u00e7\u00e3o, se entrela\u00e7am, rumo a uma extraordin\u00e1ria &hellip; <\/p>\n<p class=\"link-more\"><a href=\"https:\/\/www.semente-de-letras.pt\/website\/literatura\/publicacoes\/historias-improvaveis-no-mundo-da-musica\/\" class=\"more-link\">Continuar a ler <span class=\"screen-reader-text\">&#8220;Hist\u00f3rias Improv\u00e1veis | no mundo da m\u00fasica&#8221;<\/span><\/a><\/p>\n","protected":false},"author":1,"featured_media":0,"parent":89,"menu_order":3,"comment_status":"closed","ping_status":"closed","template":"","meta":{"ngg_post_thumbnail":0,"footnotes":""},"class_list":["post-206","page","type-page","status-publish","hentry"],"_links":{"self":[{"href":"https:\/\/www.semente-de-letras.pt\/website\/wp-json\/wp\/v2\/pages\/206","targetHints":{"allow":["GET"]}}],"collection":[{"href":"https:\/\/www.semente-de-letras.pt\/website\/wp-json\/wp\/v2\/pages"}],"about":[{"href":"https:\/\/www.semente-de-letras.pt\/website\/wp-json\/wp\/v2\/types\/page"}],"author":[{"embeddable":true,"href":"https:\/\/www.semente-de-letras.pt\/website\/wp-json\/wp\/v2\/users\/1"}],"replies":[{"embeddable":true,"href":"https:\/\/www.semente-de-letras.pt\/website\/wp-json\/wp\/v2\/comments?post=206"}],"version-history":[{"count":23,"href":"https:\/\/www.semente-de-letras.pt\/website\/wp-json\/wp\/v2\/pages\/206\/revisions"}],"predecessor-version":[{"id":2020,"href":"https:\/\/www.semente-de-letras.pt\/website\/wp-json\/wp\/v2\/pages\/206\/revisions\/2020"}],"up":[{"embeddable":true,"href":"https:\/\/www.semente-de-letras.pt\/website\/wp-json\/wp\/v2\/pages\/89"}],"wp:attachment":[{"href":"https:\/\/www.semente-de-letras.pt\/website\/wp-json\/wp\/v2\/media?parent=206"}],"curies":[{"name":"wp","href":"https:\/\/api.w.org\/{rel}","templated":true}]}}