{"id":209,"date":"2020-04-02T17:29:30","date_gmt":"2020-04-02T17:29:30","guid":{"rendered":"http:\/\/www.semente-de-letras.pt\/website\/?page_id=209"},"modified":"2025-11-14T21:58:34","modified_gmt":"2025-11-14T21:58:34","slug":"o-enigma-de-garum","status":"publish","type":"page","link":"https:\/\/www.semente-de-letras.pt\/website\/literatura\/publicacoes\/o-enigma-de-garum\/","title":{"rendered":"O Enigma de Garum"},"content":{"rendered":"<table style=\"border-collapse: collapse; width: 100%;\">\n<tbody>\n<tr>\n<td style=\"width: 33.3333%; text-align: center;\"><img loading=\"lazy\" decoding=\"async\" class=\"aligncenter wp-image-1389 size-medium\" src=\"https:\/\/www.semente-de-letras.pt\/website\/wp-content\/uploads\/2024\/09\/garum_net_13-e1727635200815-108x300.png\" alt=\"\" width=\"108\" height=\"300\" srcset=\"https:\/\/www.semente-de-letras.pt\/website\/wp-content\/uploads\/2024\/09\/garum_net_13-e1727635200815-108x300.png 108w, https:\/\/www.semente-de-letras.pt\/website\/wp-content\/uploads\/2024\/09\/garum_net_13-e1727635200815.png 270w\" sizes=\"auto, (max-width: 108px) 100vw, 108px\" \/><\/td>\n<td style=\"width: 33.3333%; text-align: center;\"><img loading=\"lazy\" decoding=\"async\" class=\"aligncenter size-medium wp-image-1094\" src=\"https:\/\/www.semente-de-letras.pt\/website\/wp-content\/uploads\/2024\/03\/capa_enigma_garum-215x300.png\" alt=\"\" width=\"215\" height=\"300\" srcset=\"https:\/\/www.semente-de-letras.pt\/website\/wp-content\/uploads\/2024\/03\/capa_enigma_garum-215x300.png 215w, https:\/\/www.semente-de-letras.pt\/website\/wp-content\/uploads\/2024\/03\/capa_enigma_garum-768x1071.png 768w, https:\/\/www.semente-de-letras.pt\/website\/wp-content\/uploads\/2024\/03\/capa_enigma_garum-735x1024.png 735w, https:\/\/www.semente-de-letras.pt\/website\/wp-content\/uploads\/2024\/03\/capa_enigma_garum.png 1957w\" sizes=\"auto, (max-width: 215px) 100vw, 215px\" \/><\/td>\n<td style=\"width: 33.3333%; text-align: center;\"><img loading=\"lazy\" decoding=\"async\" class=\"aligncenter size-medium wp-image-1388\" src=\"https:\/\/www.semente-de-letras.pt\/website\/wp-content\/uploads\/2024\/09\/garum_net-_17-98x300.png\" alt=\"\" width=\"98\" height=\"300\" srcset=\"https:\/\/www.semente-de-letras.pt\/website\/wp-content\/uploads\/2024\/09\/garum_net-_17-98x300.png 98w, https:\/\/www.semente-de-letras.pt\/website\/wp-content\/uploads\/2024\/09\/garum_net-_17.png 245w\" sizes=\"auto, (max-width: 98px) 100vw, 98px\" \/><\/td>\n<\/tr>\n<\/tbody>\n<\/table>\n<p><span style=\"font-family: verdana, geneva, sans-serif; font-size: 10pt;\">2014 \u2013 103 p\u00e1ginas ISBN 978-989-20-5227-4 \/ Dep\u00f3sito Legal n.\u00ba 383997\/14<br \/>\n<\/span><span style=\"font-family: verdana, geneva, sans-serif; font-size: 10pt;\">Autores:&nbsp;<strong>Jorge Bas\u00edlio<\/strong> e <strong>Zulmira Lima<\/strong>&nbsp;| ilustrado por&nbsp;<strong>Sofia Linhares<br \/>\n<\/strong><\/span><span style=\"font-family: verdana, geneva, sans-serif; font-size: 10pt;\">Edi\u00e7\u00e3o:&nbsp;<a href=\"https:\/\/www.semente-de-letras.pt\/website\/\">Semente de Letras<sup>\u00ae<\/sup><\/a><\/span><\/p>\n<hr>\n<p>&nbsp;<\/p>\n<table style=\"border-collapse: collapse; width: 100%;\">\n<tbody>\n<tr>\n<td style=\"width: 33.3333%; text-align: center;\"><img loading=\"lazy\" decoding=\"async\" class=\"aligncenter wp-image-1362\" src=\"https:\/\/www.semente-de-letras.pt\/website\/wp-content\/uploads\/2024\/09\/garum_net-6-121x300.png\" alt=\"\" width=\"103\" height=\"255\" srcset=\"https:\/\/www.semente-de-letras.pt\/website\/wp-content\/uploads\/2024\/09\/garum_net-6-121x300.png 121w, https:\/\/www.semente-de-letras.pt\/website\/wp-content\/uploads\/2024\/09\/garum_net-6-412x1024.png 412w, https:\/\/www.semente-de-letras.pt\/website\/wp-content\/uploads\/2024\/09\/garum_net-6.png 500w\" sizes=\"auto, (max-width: 103px) 100vw, 103px\" \/><\/td>\n<td style=\"width: 33.3333%; text-align: center;\"><img loading=\"lazy\" decoding=\"async\" class=\"aligncenter size-medium wp-image-1409\" src=\"https:\/\/www.semente-de-letras.pt\/website\/wp-content\/uploads\/2024\/09\/anforas-273x300.png\" alt=\"\" width=\"273\" height=\"300\" srcset=\"https:\/\/www.semente-de-letras.pt\/website\/wp-content\/uploads\/2024\/09\/anforas-273x300.png 273w, https:\/\/www.semente-de-letras.pt\/website\/wp-content\/uploads\/2024\/09\/anforas-931x1024.png 931w, https:\/\/www.semente-de-letras.pt\/website\/wp-content\/uploads\/2024\/09\/anforas-768x845.png 768w, https:\/\/www.semente-de-letras.pt\/website\/wp-content\/uploads\/2024\/09\/anforas.png 1000w\" sizes=\"auto, (max-width: 273px) 100vw, 273px\" \/><\/td>\n<td style=\"width: 33.3333%; text-align: center;\"><img loading=\"lazy\" decoding=\"async\" class=\"aligncenter wp-image-1386\" src=\"https:\/\/www.semente-de-letras.pt\/website\/wp-content\/uploads\/2024\/09\/garum_net_4-155x300.png\" alt=\"\" width=\"131\" height=\"254\" srcset=\"https:\/\/www.semente-de-letras.pt\/website\/wp-content\/uploads\/2024\/09\/garum_net_4-155x300.png 155w, https:\/\/www.semente-de-letras.pt\/website\/wp-content\/uploads\/2024\/09\/garum_net_4.png 500w\" sizes=\"auto, (max-width: 131px) 100vw, 131px\" \/><\/td>\n<\/tr>\n<\/tbody>\n<\/table>\n<p><strong style=\"font-family: verdana, geneva, sans-serif; font-size: 10pt;\"><em>Sinopse<\/em><\/strong><\/p>\n<p><span style=\"font-family: verdana, geneva, sans-serif; font-size: 10pt;\"><em>&#8220;Esta obra remete-nos para a Antiguidade Cl\u00e1ssica de uma forma empolgante e cheia de a\u00e7\u00e3o. \u00c1ugures, druidas, legi\u00f5es romanas e um grupo destemido e aventureiro, chefiado por Ernesto, levam-nos numa viagem, onde a realidade e a fic\u00e7\u00e3o se confundem\u2026&#8221;<\/em><\/span><\/p>\n","protected":false},"excerpt":{"rendered":"<p>2014 \u2013 103 p\u00e1ginas ISBN 978-989-20-5227-4 \/ Dep\u00f3sito Legal n.\u00ba 383997\/14 Autores:&nbsp;Jorge Bas\u00edlio e Zulmira Lima&nbsp;| ilustrado por&nbsp;Sofia Linhares Edi\u00e7\u00e3o:&nbsp;Semente de Letras\u00ae &nbsp; Sinopse &#8220;Esta obra remete-nos para a Antiguidade Cl\u00e1ssica de uma forma empolgante e cheia de a\u00e7\u00e3o. \u00c1ugures, druidas, legi\u00f5es romanas e um grupo destemido e aventureiro, chefiado por Ernesto, levam-nos numa viagem, &hellip; <\/p>\n<p class=\"link-more\"><a href=\"https:\/\/www.semente-de-letras.pt\/website\/literatura\/publicacoes\/o-enigma-de-garum\/\" class=\"more-link\">Continuar a ler <span class=\"screen-reader-text\">&#8220;O Enigma de Garum&#8221;<\/span><\/a><\/p>\n","protected":false},"author":1,"featured_media":0,"parent":89,"menu_order":4,"comment_status":"closed","ping_status":"closed","template":"","meta":{"ngg_post_thumbnail":0,"footnotes":""},"class_list":["post-209","page","type-page","status-publish","hentry"],"_links":{"self":[{"href":"https:\/\/www.semente-de-letras.pt\/website\/wp-json\/wp\/v2\/pages\/209","targetHints":{"allow":["GET"]}}],"collection":[{"href":"https:\/\/www.semente-de-letras.pt\/website\/wp-json\/wp\/v2\/pages"}],"about":[{"href":"https:\/\/www.semente-de-letras.pt\/website\/wp-json\/wp\/v2\/types\/page"}],"author":[{"embeddable":true,"href":"https:\/\/www.semente-de-letras.pt\/website\/wp-json\/wp\/v2\/users\/1"}],"replies":[{"embeddable":true,"href":"https:\/\/www.semente-de-letras.pt\/website\/wp-json\/wp\/v2\/comments?post=209"}],"version-history":[{"count":23,"href":"https:\/\/www.semente-de-letras.pt\/website\/wp-json\/wp\/v2\/pages\/209\/revisions"}],"predecessor-version":[{"id":2023,"href":"https:\/\/www.semente-de-letras.pt\/website\/wp-json\/wp\/v2\/pages\/209\/revisions\/2023"}],"up":[{"embeddable":true,"href":"https:\/\/www.semente-de-letras.pt\/website\/wp-json\/wp\/v2\/pages\/89"}],"wp:attachment":[{"href":"https:\/\/www.semente-de-letras.pt\/website\/wp-json\/wp\/v2\/media?parent=209"}],"curies":[{"name":"wp","href":"https:\/\/api.w.org\/{rel}","templated":true}]}}