{"id":2096,"date":"2025-12-31T14:57:07","date_gmt":"2025-12-31T14:57:07","guid":{"rendered":"https:\/\/www.semente-de-letras.pt\/website\/?page_id=2096"},"modified":"2026-02-11T11:04:42","modified_gmt":"2026-02-11T11:04:42","slug":"a-criacao-de-uma-obra-literaria","status":"publish","type":"page","link":"https:\/\/www.semente-de-letras.pt\/website\/a-criacao-de-uma-obra-literaria\/","title":{"rendered":"cria\u00e7\u00e3o de uma obra liter\u00e1ria"},"content":{"rendered":"<h2 style=\"text-align: center;\" data-start=\"222\" data-end=\"258\"><span style=\"font-size: 8pt;\"><strong><span style=\"font-family: verdana, geneva, sans-serif;\"><a id=\"A0\"><\/a><a href=\"#A1\" rel=\"\">Crit\u00e9rios para a cria\u00e7\u00e3o de uma obra liter\u00e1ria<\/a>&nbsp; | <a href=\"#A2\" rel=\"\">Crit\u00e9rios para a inclus\u00e3o de ilustra\u00e7\u00f5es ou imagens num texto liter\u00e1ri<\/a><span style=\"font-size: 8pt;\"><a href=\"#A2\" rel=\"\">o<\/a> | <a href=\"#A3\" rel=\"\">O valor dos arqu\u00e9tipos na constru\u00e7\u00e3o de uma obra liter\u00e1ria<\/a> | <a href=\"#A4\" rel=\"\">Utiliza\u00e7\u00e3o de planifica\u00e7\u00e3o<\/a><\/span><\/span><\/strong><\/span><\/h2>\n<hr>\n<p><span style=\"font-family: verdana, geneva, sans-serif;\"><strong><a id=\"A1\"><\/a>I &#8211; Crit\u00e9rios para a cria\u00e7\u00e3o de uma obra liter\u00e1ria<\/strong><\/span><\/p>\n<p><span style=\"font-family: verdana, geneva, sans-serif; font-size: 8pt;\">Conjunto estruturado de <strong data-start=\"63\" data-end=\"121\">dicas e sugest\u00f5es para a cria\u00e7\u00e3o de uma obra liter\u00e1ria<\/strong>, com enfoque est\u00e9tico, narrativo e editorial. Escrever bem \u00e9 um ato simultaneamente intuitivo e rigoroso.<\/span><\/p>\n<h2 data-start=\"246\" data-end=\"293\"><strong><span style=\"font-family: verdana, geneva, sans-serif; font-size: 10pt;\">1. Cuidados iniciais: inten\u00e7\u00e3o e coer\u00eancia<\/span><\/strong><\/h2>\n<p><span style=\"font-family: verdana, geneva, sans-serif; font-size: 8pt;\">Antes de escrever, \u00e9 essencial definir <strong data-start=\"333\" data-end=\"355\">a inten\u00e7\u00e3o da obra<\/strong>. O que se pretende dizer, a quem e porqu\u00ea. A coer\u00eancia tem\u00e1tica deve acompanhar todo o texto. Uma obra liter\u00e1ria perde for\u00e7a quando hesita entre vozes, g\u00e9neros ou prop\u00f3sitos.<\/span><\/p>\n<h2 data-start=\"542\" data-end=\"596\"><strong><span style=\"font-family: verdana, geneva, sans-serif; font-size: 10pt;\">2. Cria\u00e7\u00e3o de personagens e os arqu\u00e9tipos de Jung<\/span><\/strong><\/h2>\n<p><span style=\"font-family: verdana, geneva, sans-serif; font-size: 8pt;\">As personagens devem ser psicologicamente veross\u00edmeis e simb\u00f3licas. Os arqu\u00e9tipos descritos por <strong data-start=\"692\" data-end=\"733\"><span class=\"hover:entity-accent entity-underline inline cursor-pointer align-baseline\"><span class=\"whitespace-normal\">Carl Gustav Jung<\/span><\/span><\/strong><span class=\"hover:entity-accent entity-underline inline cursor-pointer align-baseline\"><span class=\"whitespace-normal\">, <\/span><\/span>s\u00e3o ferramentas poderosas para estruturar conflitos internos e externos.<\/span><\/p>\n<p><span style=\"font-family: verdana, geneva, sans-serif; font-size: 8pt;\"><strong data-start=\"887\" data-end=\"975\">Uma boa personagem n\u00e3o \u00e9 original por ser estranha, mas por ser profundamente humana<\/strong>. O arqu\u00e9tipo d\u00e1 solidez, a singularidade nasce dos detalhes, contradi\u00e7\u00f5es e escolhas morais.<\/span><\/p>\n<h2 data-start=\"1075\" data-end=\"1109\"><span style=\"font-size: 10pt; font-family: verdana, geneva, sans-serif;\"><strong>3. O fio condutor da hist\u00f3ria<\/strong><\/span><\/h2>\n<p><span style=\"font-family: verdana, geneva, sans-serif; font-size: 8pt;\">O fio condutor \u00e9 a <strong data-start=\"1129\" data-end=\"1157\">espinha dorsal narrativa<\/strong>. O conflito central, a pergunta dram\u00e1tica que sustenta a obra. Tudo, personagens, epis\u00f3dios, s\u00edmbolos, deve dialogar com esse n\u00facleo. Sem ele, o texto fragmenta-se e perde tens\u00e3o.<\/span><\/p>\n<h2 data-start=\"1346\" data-end=\"1402\"><span style=\"font-size: 10pt; font-family: verdana, geneva, sans-serif;\"><strong>4. Estrutura: cap\u00edtulos, introdu\u00e7\u00e3o e encerramentos<\/strong><\/span><\/h2>\n<ul>\n<li><span style=\"font-family: verdana, geneva, sans-serif; font-size: 8pt;\"><strong data-start=\"1405\" data-end=\"1418\">Cap\u00edtulos<\/strong>: devem ter unidade interna e ritmo pr\u00f3prio, cap\u00edtulos excessivamente longos cansam e demasiado curtos empobrecem;<\/span><\/li>\n<li><span style=\"font-family: verdana, geneva, sans-serif; font-size: 8pt;\"><strong data-start=\"1536\" data-end=\"1550\">Introdu\u00e7\u00e3o<\/strong>: apresenta o tom, o universo e desperta curiosidade, n\u00e3o devendo explicar demais;<\/span><\/li>\n<li><span style=\"font-family: verdana, geneva, sans-serif; font-size: 8pt;\"><strong data-start=\"1634\" data-end=\"1645\">Ep\u00edlogo<\/strong>: acrescenta sentido, consequ\u00eancia ou distanciamento temporal, s\u00f3 devendo existir se trouxer valor real;<\/span><\/li>\n<li><span style=\"font-family: verdana, geneva, sans-serif; font-size: 8pt;\"><strong data-start=\"1751\" data-end=\"1763\">Pref\u00e1cio<\/strong>: contextualiza a obra, idealmente escrito por outrem, n\u00e3o pelo autor;<\/span><\/li>\n<li><span style=\"font-family: verdana, geneva, sans-serif; font-size: 8pt;\"><strong data-start=\"1841\" data-end=\"1853\">Posf\u00e1cio<\/strong>: espa\u00e7o reflexivo, onde o autor pode dialogar com o leitor ap\u00f3s a experi\u00eancia narrativa.<\/span><\/li>\n<\/ul>\n<h2 data-start=\"2065\" data-end=\"2112\"><strong><span style=\"font-family: verdana, geneva, sans-serif; font-size: 10pt;\">5. A capa do livro: s\u00edntese visual da obra<\/span><\/strong><\/h2>\n<p><span style=\"font-size: 8pt;\"><span style=\"font-family: verdana, geneva, sans-serif;\">A capa \u00e9 o primeiro pacto com o leitor. Deve refletir o <strong data-start=\"2169\" data-end=\"2208\">tom, o g\u00e9nero e o esp\u00edrito do livro<\/strong>, sem revelar em demasia. Uma boa capa sugere, n\u00e3o explica. Texto e imagem devem dialogar com eleg\u00e2ncia e conten\u00e7\u00e3o. U<\/span><span style=\"font-family: verdana, geneva, sans-serif;\">ma capa mal pensada pode afastar leitores de um excelente livro.<\/span><\/span><\/p>\n<p><span style=\"font-family: verdana, geneva, sans-serif; font-size: 8pt;\">Criar uma obra liter\u00e1ria exige disciplina, escuta interior e respeito pelo leitor. T\u00e9cnica sem alma gera textos frios. A inspira\u00e7\u00e3o sem estrutura resulta em dispers\u00e3o. O equil\u00edbrio entre ambos \u00e9 o verdadeiro trabalho do escritor.<\/span><\/p>\n<p style=\"text-align: right;\"><span style=\"font-family: verdana, geneva, sans-serif; font-size: 8pt;\">[<a href=\"#A0\" rel=\"\">para cima<\/a>]<\/span><\/p>\n<hr>\n<h2 data-start=\"222\" data-end=\"258\"><strong><span style=\"font-family: verdana, geneva, sans-serif; font-size: 12pt;\"><a id=\"A2\"><\/a>II &#8211; Crit\u00e9rios para a inclus\u00e3o de ilustra\u00e7\u00f5es ou imagens num texto liter\u00e1rio<\/span><\/strong><\/h2>\n<h2 data-start=\"222\" data-end=\"258\"><strong><span style=\"font-family: verdana, geneva, sans-serif; font-size: 10pt;\">1. Rela\u00e7\u00e3o entre texto e imagem<\/span><\/strong><\/h2>\n<p><span style=\"font-family: verdana, geneva, sans-serif; font-size: 8pt;\">A ilustra\u00e7\u00e3o n\u00e3o deve repetir literalmente o que o texto j\u00e1 descreve. O seu papel \u00e9 <strong data-start=\"343\" data-end=\"379\">expandir, sugerir ou interpretar<\/strong>. Uma boa imagem acrescenta camadas simb\u00f3licas e convida o leitor a uma leitura mais profunda.<\/span><\/p>\n<h2 data-start=\"480\" data-end=\"519\"><strong><span style=\"font-family: verdana, geneva, sans-serif; font-size: 10pt;\">2. Coer\u00eancia est\u00e9tica e conceptual<\/span><\/strong><\/h2>\n<p><span style=\"font-size: 8pt;\"><span style=\"font-family: verdana, geneva, sans-serif;\">\u00c9 fundamental manter uma <strong data-start=\"545\" data-end=\"563\">unidade visual<\/strong> ao longo da obra, atrav\u00e9s do<\/span><span style=\"font-family: verdana, geneva, sans-serif;\">&nbsp;estilo gr\u00e1fico, t\u00e9cnica, paleta crom\u00e1tica e linguagem simb\u00f3lica. A incoer\u00eancia visual quebra a imers\u00e3o narrativa e fragiliza o objeto livro.<\/span><\/span><\/p>\n<h2 data-start=\"729\" data-end=\"763\"><strong><span style=\"font-family: verdana, geneva, sans-serif; font-size: 10pt;\">3. Fun\u00e7\u00e3o narrativa da imagem<\/span><\/strong><\/h2>\n<p><span style=\"font-family: verdana, geneva, sans-serif; font-size: 8pt;\">Cada imagem deve ter uma fun\u00e7\u00e3o clara:<\/span><\/p>\n<ul>\n<li data-start=\"805\" data-end=\"827\"><span style=\"font-family: verdana, geneva, sans-serif; font-size: 8pt;\">Introduzir atmosfera;<\/span><\/li>\n<li data-start=\"830\" data-end=\"853\"><span style=\"font-family: verdana, geneva, sans-serif; font-size: 8pt;\">Marcar momentos chave;<\/span><\/li>\n<li data-start=\"856\" data-end=\"882\"><span style=\"font-family: verdana, geneva, sans-serif; font-size: 8pt;\">Caracterizar personagens;<\/span><\/li>\n<li data-start=\"885\" data-end=\"927\"><span style=\"font-family: verdana, geneva, sans-serif; font-size: 8pt;\">Criar pausas visuais no ritmo da leitura;<\/span><\/li>\n<li><span style=\"font-size: 8pt; font-family: verdana, geneva, sans-serif;\">Imagens decorativas, sem fun\u00e7\u00e3o narrativa, devem ser evitadas.<\/span><\/li>\n<\/ul>\n<h2 data-start=\"1024\" data-end=\"1056\"><strong><span style=\"font-family: verdana, geneva, sans-serif; font-size: 10pt;\">4. Personagens e simbologia<\/span><\/strong><\/h2>\n<p><span style=\"font-family: verdana, geneva, sans-serif; font-size: 8pt;\">As personagens ilustradas devem respeitar a sua <strong data-start=\"1105\" data-end=\"1141\">dimens\u00e3o psicol\u00f3gica <\/strong>e<strong data-start=\"1105\" data-end=\"1141\"> simb\u00f3lica<\/strong>, n\u00e3o apenas a apar\u00eancia f\u00edsica. A ilustra\u00e7\u00e3o pode dialogar com arqu\u00e9tipos, estados emocionais ou conflitos internos, refor\u00e7ando a profundidade da narrativa.<\/span><\/p>\n<h2 data-start=\"1305\" data-end=\"1344\"><strong><span style=\"font-family: verdana, geneva, sans-serif; font-size: 10pt;\">5. Grau de defini\u00e7\u00e3o e ambiguidade<\/span><\/strong><\/h2>\n<p><span style=\"font-family: verdana, geneva, sans-serif; font-size: 8pt;\">A imagem liter\u00e1ria beneficia da <strong data-start=\"1377\" data-end=\"1403\">ambiguidade controlada<\/strong>. Ilustra\u00e7\u00f5es demasiado expl\u00edcitas limitam a imagina\u00e7\u00e3o do leitor. Sugerir \u00e9, quase sempre, mais eficaz do que mostrar em excesso.<\/span><\/p>\n<h2 data-start=\"1540\" data-end=\"1580\"><strong><span style=\"font-family: verdana, geneva, sans-serif; font-size: 10pt;\">6. Ritmo e distribui\u00e7\u00e3o das imagens<\/span><\/strong><\/h2>\n<p><span style=\"font-family: verdana, geneva, sans-serif; font-size: 8pt;\">A coloca\u00e7\u00e3o das ilustra\u00e7\u00f5es deve respeitar o ritmo da obra. Demasiadas imagens quebram a continuidade da leitura. Poucas, mal posicionadas, perdem impacto. A distribui\u00e7\u00e3o deve ser pensada como parte da arquitetura do livro.<\/span><\/p>\n<h2 data-start=\"1811\" data-end=\"1842\"><strong><span style=\"font-family: verdana, geneva, sans-serif; font-size: 10pt;\">7. T\u00e9cnica e materialidade<\/span><\/strong><\/h2>\n<p><span style=\"font-family: verdana, geneva, sans-serif; font-size: 8pt;\">A t\u00e9cnica escolhida (desenho, gravura, colagem, fotografia ou meios digitais) deve dialogar com o <strong data-start=\"1943\" data-end=\"1960\">tom liter\u00e1rio<\/strong> e o p\u00fablico-alvo. A materialidade da imagem (textura, tra\u00e7o, densidade) influencia a experi\u00eancia sensorial do leitor.<\/span><\/p>\n<h2 data-start=\"2085\" data-end=\"2123\"><strong><span style=\"font-family: verdana, geneva, sans-serif; font-size: 10pt;\">8. Di\u00e1logo com o design editorial<\/span><\/strong><\/h2>\n<p><span style=\"font-family: verdana, geneva, sans-serif; font-size: 8pt;\">Ilustra\u00e7\u00e3o, tipografia e pagina\u00e7\u00e3o devem formar um conjunto coeso. A imagem n\u00e3o vive isolada. As margens, os brancos e a rela\u00e7\u00e3o com o texto s\u00e3o decisivos para a legibilidade e eleg\u00e2ncia do livro.<\/span><\/p>\n<h3 data-start=\"2319\" data-end=\"2343\"><span style=\"font-family: verdana, geneva, sans-serif; font-size: 8pt;\">A ilustra\u00e7\u00e3o liter\u00e1ria \u00e9 um <strong data-start=\"2384\" data-end=\"2418\">ato de interpreta\u00e7\u00e3o art\u00edstica<\/strong>, n\u00e3o de mera tradu\u00e7\u00e3o visual. Quando bem concebida, transforma o livro num objeto est\u00e9tico completo, onde palavra e imagem se elevam mutuamente.<\/span><\/h3>\n<p style=\"text-align: right;\"><span style=\"font-family: verdana, geneva, sans-serif; font-size: 8pt;\">[<a href=\"#A0\" rel=\"\">para cima<\/a>]<\/span><\/p>\n<hr>\n<p><span style=\"font-size: 12pt;\"><span style=\"font-family: verdana, geneva, sans-serif;\"><strong><a id=\"A3\"><\/a>III &#8211; <\/strong><\/span><span style=\"font-family: verdana, geneva, sans-serif;\"><strong>O valor dos arqu\u00e9tipos na constru\u00e7\u00e3o de uma obra liter\u00e1ria<\/strong><\/span><\/span><\/p>\n<p><span style=\"font-family: verdana, geneva, sans-serif; font-size: 8pt;\"><strong>Carl Gustav Jung<\/strong>, psicoterapeuta su\u00ed\u00e7o, \u00e9 conhecido pela comunidade da psicologia como o fundador da psicologia anal\u00edtica. Contempor\u00e2neo de&nbsp;<strong>Sigmund Freud<\/strong>, chegou a trocar correspond\u00eancia e ideias com o austr\u00edaco, acabando por se afastar deste por algumas diverg\u00eancias conceptuais (enquanto Freud conduzia as suas ideias \u00e0 luz da sexualidade, Jung acreditava no peso dos fen\u00f3menos espirituais). Assim, construiu conceitos originais e abriu novas perspetivas de entendimento da mente humana, desdobrando-se da sombra de Freud a partir de ideias como os arqu\u00e9tipos e o inconsciente coletivo.<\/span><\/p>\n<p><span style=\"font-family: verdana, geneva, sans-serif; font-size: 8pt;\"><strong>O que \u00e9 um arqu\u00e9tipo<\/strong>&nbsp;\u2013 Um arqu\u00e9tipo&nbsp;\u00e9 um modelo original ou prot\u00f3tipo, uma representa\u00e7\u00e3o de um padr\u00e3o universal de comportamento, emo\u00e7\u00e3o e imagem que existe no inconsciente coletivo humano.&nbsp;Popularizado pelo psic\u00f3logo Carl Jung, os arqu\u00e9tipos s\u00e3o figuras, s\u00edmbolos e narrativas que se manifestam em mitos, lendas e arte, influenciando o nosso comportamento, sentimentos e modo de ver o mundo de forma independente da cultura ou \u00e9poca.&nbsp;Eles s\u00e3o frequentemente usados em psicologia, marketing e narrativas para criar identifica\u00e7\u00e3o e comunicar emo\u00e7\u00f5es profundas de forma eficaz.<\/span><\/p>\n<p><span style=\"font-family: verdana, geneva, sans-serif; font-size: 8pt;\">Os arqu\u00e9tipos de Carl Gustav Jung t\u00eam um valor profundo na constru\u00e7\u00e3o de uma hist\u00f3ria, pois s\u00e3o&nbsp;<strong>modelos universais <\/strong>do<strong> inconsciente coletivo<\/strong>, s\u00edmbolos que refletem experi\u00eancias e emo\u00e7\u00f5es partilhadas por toda a humanidade. Na narrativa, funcionam como&nbsp;<strong>estruturas psicol\u00f3gicas <\/strong>e<strong> simb\u00f3licas<\/strong>&nbsp;que d\u00e3o coer\u00eancia, profundidade e resson\u00e2ncia emocional \u00e0s personagens e aos enredos.<\/span><\/p>\n<p><span style=\"font-family: verdana, geneva, sans-serif; font-size: 8pt;\">Em termos pr\u00e1ticos, Jung identificou arqu\u00e9tipos fundamentais, como o <strong>Her\u00f3i<\/strong>, o&nbsp;<strong>Mentor<\/strong>, a&nbsp;<strong>Sombra<\/strong>, a&nbsp;<strong>M\u00e3e<\/strong>, o&nbsp;<strong>Velho S\u00e1bio<\/strong>, o&nbsp;<strong>Trickster<\/strong>&nbsp;(ou P\u00edcaro), entre outros. Cada um representa for\u00e7as internas e externas que moldam o percurso do indiv\u00edduo. Quando aplicados \u00e0 escrita, esses arqu\u00e9tipos permitem ao autor criar personagens&nbsp;<strong>ricas e universais<\/strong>, com motiva\u00e7\u00f5es compreens\u00edveis em qualquer cultura.<\/span><\/p>\n<p><span style=\"font-family: verdana, geneva, sans-serif; font-size: 8pt;\">Por exemplo, o&nbsp;<strong>Her\u00f3i<\/strong> representa a jornada de autodescoberta e supera\u00e7\u00e3o. O <strong>Mentor<\/strong> simboliza a sabedoria e a orienta\u00e7\u00e3o espiritual. A <strong>Sombra<\/strong> encarna o lado reprimido e obscuro do ser, cuja integra\u00e7\u00e3o \u00e9 essencial para o crescimento. A intera\u00e7\u00e3o entre esses arqu\u00e9tipos produz tens\u00e3o dram\u00e1tica e transforma\u00e7\u00e3o, o cerne de toda boa narrativa.<\/span><\/p>\n<p><span style=\"font-family: verdana, geneva, sans-serif; font-size: 8pt;\">Portanto, utilizar arqu\u00e9tipos n\u00e3o \u00e9 seguir f\u00f3rmulas, mas&nbsp;<strong>invocar estruturas simb\u00f3licas ancestrais<\/strong>&nbsp;que conectam o leitor \u00e0 dimens\u00e3o m\u00edtica e psicol\u00f3gica da experi\u00eancia humana. \u00c9 escrever n\u00e3o apenas uma hist\u00f3ria, mas um&nbsp;<strong>espelho da alma coletiva<\/strong>.<\/span><\/p>\n<p style=\"text-align: right;\"><span style=\"font-family: verdana, geneva, sans-serif; font-size: 8pt;\">[<a href=\"#A0\" rel=\"\">para cima<\/a>]<\/span><\/p>\n<hr>\n<p><strong><span style=\"font-family: verdana, geneva, sans-serif; font-size: 10pt;\"><a id=\"A4\"><\/a>IV &#8211; Utiliza\u00e7\u00e3o de planifica\u00e7\u00e3o<\/span><\/strong><\/p>\n<p data-start=\"26\" data-end=\"181\"><span style=\"font-family: verdana, geneva, sans-serif; font-size: 8pt;\">A <strong data-start=\"71\" data-end=\"87\">planifica\u00e7\u00e3o<\/strong> \u00e9 uma ferramenta de grande valor na cria\u00e7\u00e3o de uma obra liter\u00e1ria, embora n\u00e3o isenta de riscos.<\/span><\/p>\n<p data-start=\"183\" data-end=\"632\"><span style=\"font-family: verdana, geneva, sans-serif; font-size: 10pt;\"><strong data-start=\"183\" data-end=\"204\">Valor e interesse<\/strong><\/span><\/p>\n<p data-start=\"183\" data-end=\"632\"><span style=\"font-family: verdana, geneva, sans-serif; font-size: 8pt;\">A planifica\u00e7\u00e3o permite ao autor dominar a arquitetura da obra antes da escrita propriamente dita. Favorece a coer\u00eancia interna, o controlo do ritmo narrativo e a evolu\u00e7\u00e3o consistente das personagens. \u00c9 particularmente \u00fatil em romances longos, sagas ou narrativas com m\u00faltiplas linhas temporais, onde a improvisa\u00e7\u00e3o pura tende a gerar falhas estruturais. A planifica\u00e7\u00e3o n\u00e3o mata a criatividade, mas disciplina-a.<\/span><\/p>\n<p data-start=\"634\" data-end=\"649\"><span style=\"font-family: verdana, geneva, sans-serif; font-size: 10pt;\"><strong data-start=\"634\" data-end=\"647\">Vantagens<\/strong><\/span><\/p>\n<ul>\n<li data-start=\"652\" data-end=\"706\"><span style=\"font-family: verdana, geneva, sans-serif; font-size: 8pt;\">Clarifica\u00e7\u00e3o do enredo, dos conflitos e do desfecho;<\/span><\/li>\n<li data-start=\"709\" data-end=\"778\"><span style=\"font-family: verdana, geneva, sans-serif; font-size: 8pt;\">Melhor gest\u00e3o do tempo de escrita e redu\u00e7\u00e3o de bloqueios criativos;<\/span><\/li>\n<li data-start=\"781\" data-end=\"830\"><span style=\"font-family: verdana, geneva, sans-serif; font-size: 8pt;\">Maior consist\u00eancia psicol\u00f3gica das personagens;<\/span><\/li>\n<li data-start=\"833\" data-end=\"902\"><span style=\"font-family: verdana, geneva, sans-serif; font-size: 8pt;\">Facilidade na revis\u00e3o e reescrita, pois a estrutura j\u00e1 est\u00e1 definida.<\/span><\/li>\n<\/ul>\n<p data-start=\"904\" data-end=\"922\"><span style=\"font-family: verdana, geneva, sans-serif; font-size: 10pt;\"><strong data-start=\"904\" data-end=\"920\">Desvantagens<\/strong><\/span><\/p>\n<ul>\n<li data-start=\"925\" data-end=\"1011\"><span style=\"font-family: verdana, geneva, sans-serif; font-size: 8pt;\">Pode induzir rigidez excessiva, limitando descobertas espont\u00e2neas durante a escrita;<\/span><\/li>\n<li data-start=\"1014\" data-end=\"1079\"><span style=\"font-family: verdana, geneva, sans-serif; font-size: 8pt;\">Alguns autores sentem perda de frescura e de surpresa criativa;<\/span><\/li>\n<li data-start=\"1082\" data-end=\"1156\"><span style=\"font-family: verdana, geneva, sans-serif; font-size: 8pt;\">Exige tempo e esfor\u00e7o pr\u00e9vios que nem sempre resultam numa obra conclu\u00edda.<\/span><\/li>\n<\/ul>\n<p data-start=\"1158\" data-end=\"1500\" data-is-last-node=\"\" data-is-only-node=\"\"><span style=\"font-family: verdana, geneva, sans-serif; font-size: 10pt;\"><strong data-start=\"1158\" data-end=\"1177\">Posi\u00e7\u00e3o cr\u00edtica<\/strong><\/span><\/p>\n<p data-start=\"1158\" data-end=\"1500\" data-is-last-node=\"\" data-is-only-node=\"\"><span style=\"font-family: verdana, geneva, sans-serif; font-size: 8pt;\">A planifica\u00e7\u00e3o deve ser <strong data-start=\"1205\" data-end=\"1217\">flex\u00edvel<\/strong>. Deve ser entendida como mapa e n\u00e3o como pris\u00e3o. Os grandes textos liter\u00e1rios nascem do equil\u00edbrio entre estrutura e intui\u00e7\u00e3o. Quem escreve sem qualquer plano arrisca-se ao caos, quem escreve preso a ele, \u00e0 esterilidade. O m\u00e9rito est\u00e1 em saber quando seguir o plano e quando ousar tra\u00ed-lo.<\/span><\/p>\n<hr>\n<p style=\"text-align: center;\" data-start=\"1158\" data-end=\"1500\" data-is-last-node=\"\" data-is-only-node=\"\"><span style=\"font-size: 8pt; font-family: verdana, geneva, sans-serif;\">[<a title=\"como planificar uma obra liter\u00e1ria\" href=\"https:\/\/www.semente-de-letras.pt\/website\/wp-content\/uploads\/2026\/01\/planifica_obra_literaria_r.pdf\" target=\"_blank\" rel=\"noopener\">exemplo de planifica\u00e7\u00e3o<\/a>]<\/span><\/p>\n<p style=\"text-align: right;\" data-start=\"1158\" data-end=\"1500\" data-is-last-node=\"\" data-is-only-node=\"\"><span style=\"font-family: verdana, geneva, sans-serif; font-size: 8pt;\">[<a href=\"#A0\" rel=\"\">para cima<\/a>]<\/span><\/p>\n","protected":false},"excerpt":{"rendered":"<p>Crit\u00e9rios para a cria\u00e7\u00e3o de uma obra liter\u00e1ria&nbsp; | Crit\u00e9rios para a inclus\u00e3o de ilustra\u00e7\u00f5es ou imagens num texto liter\u00e1rio | O valor dos arqu\u00e9tipos na constru\u00e7\u00e3o de uma obra liter\u00e1ria | Utiliza\u00e7\u00e3o de planifica\u00e7\u00e3o I &#8211; Crit\u00e9rios para a cria\u00e7\u00e3o de uma obra liter\u00e1ria Conjunto estruturado de dicas e sugest\u00f5es para a cria\u00e7\u00e3o de &hellip; <\/p>\n<p class=\"link-more\"><a href=\"https:\/\/www.semente-de-letras.pt\/website\/a-criacao-de-uma-obra-literaria\/\" class=\"more-link\">Continuar a ler <span class=\"screen-reader-text\">&#8220;cria\u00e7\u00e3o de uma obra liter\u00e1ria&#8221;<\/span><\/a><\/p>\n","protected":false},"author":1,"featured_media":0,"parent":0,"menu_order":0,"comment_status":"closed","ping_status":"closed","template":"","meta":{"ngg_post_thumbnail":0,"footnotes":""},"class_list":["post-2096","page","type-page","status-publish","hentry"],"_links":{"self":[{"href":"https:\/\/www.semente-de-letras.pt\/website\/wp-json\/wp\/v2\/pages\/2096","targetHints":{"allow":["GET"]}}],"collection":[{"href":"https:\/\/www.semente-de-letras.pt\/website\/wp-json\/wp\/v2\/pages"}],"about":[{"href":"https:\/\/www.semente-de-letras.pt\/website\/wp-json\/wp\/v2\/types\/page"}],"author":[{"embeddable":true,"href":"https:\/\/www.semente-de-letras.pt\/website\/wp-json\/wp\/v2\/users\/1"}],"replies":[{"embeddable":true,"href":"https:\/\/www.semente-de-letras.pt\/website\/wp-json\/wp\/v2\/comments?post=2096"}],"version-history":[{"count":26,"href":"https:\/\/www.semente-de-letras.pt\/website\/wp-json\/wp\/v2\/pages\/2096\/revisions"}],"predecessor-version":[{"id":2237,"href":"https:\/\/www.semente-de-letras.pt\/website\/wp-json\/wp\/v2\/pages\/2096\/revisions\/2237"}],"wp:attachment":[{"href":"https:\/\/www.semente-de-letras.pt\/website\/wp-json\/wp\/v2\/media?parent=2096"}],"curies":[{"name":"wp","href":"https:\/\/api.w.org\/{rel}","templated":true}]}}