{"id":213,"date":"2020-04-02T17:29:57","date_gmt":"2020-04-02T17:29:57","guid":{"rendered":"http:\/\/www.semente-de-letras.pt\/website\/?page_id=213"},"modified":"2025-11-14T22:11:48","modified_gmt":"2025-11-14T22:11:48","slug":"o-enigma-do-foral","status":"publish","type":"page","link":"https:\/\/www.semente-de-letras.pt\/website\/literatura\/publicacoes\/o-enigma-do-foral\/","title":{"rendered":"O Enigma do Foral"},"content":{"rendered":"<table style=\"border-collapse: collapse; width: 100%;\">\n<tbody>\n<tr>\n<td style=\"width: 33.3333%; text-align: center;\"><img loading=\"lazy\" decoding=\"async\" class=\"alignright wp-image-1411\" src=\"https:\/\/www.semente-de-letras.pt\/website\/wp-content\/uploads\/2024\/09\/20_alt-210x300.jpg\" alt=\"\" width=\"196\" height=\"280\" srcset=\"https:\/\/www.semente-de-letras.pt\/website\/wp-content\/uploads\/2024\/09\/20_alt-210x300.jpg 210w, https:\/\/www.semente-de-letras.pt\/website\/wp-content\/uploads\/2024\/09\/20_alt-715x1024.jpg 715w, https:\/\/www.semente-de-letras.pt\/website\/wp-content\/uploads\/2024\/09\/20_alt-768x1099.jpg 768w, https:\/\/www.semente-de-letras.pt\/website\/wp-content\/uploads\/2024\/09\/20_alt-1073x1536.jpg 1073w, https:\/\/www.semente-de-letras.pt\/website\/wp-content\/uploads\/2024\/09\/20_alt.jpg 1250w\" sizes=\"auto, (max-width: 196px) 100vw, 196px\" \/><\/td>\n<td style=\"width: 33.3333%; text-align: center;\"><img loading=\"lazy\" decoding=\"async\" class=\"aligncenter wp-image-1093\" src=\"https:\/\/www.semente-de-letras.pt\/website\/wp-content\/uploads\/2024\/03\/capa_enigma_foral-215x300.png\" alt=\"\" width=\"189\" height=\"264\" srcset=\"https:\/\/www.semente-de-letras.pt\/website\/wp-content\/uploads\/2024\/03\/capa_enigma_foral-215x300.png 215w, https:\/\/www.semente-de-letras.pt\/website\/wp-content\/uploads\/2024\/03\/capa_enigma_foral-768x1071.png 768w, https:\/\/www.semente-de-letras.pt\/website\/wp-content\/uploads\/2024\/03\/capa_enigma_foral-735x1024.png 735w, https:\/\/www.semente-de-letras.pt\/website\/wp-content\/uploads\/2024\/03\/capa_enigma_foral.png 1957w\" sizes=\"auto, (max-width: 189px) 100vw, 189px\" \/><\/td>\n<td style=\"width: 33.3333%; text-align: center;\"><img loading=\"lazy\" decoding=\"async\" class=\"alignleft wp-image-1413\" src=\"https:\/\/www.semente-de-letras.pt\/website\/wp-content\/uploads\/2024\/09\/12_cs6-165x300.jpg\" alt=\"\" width=\"154\" height=\"280\" srcset=\"https:\/\/www.semente-de-letras.pt\/website\/wp-content\/uploads\/2024\/09\/12_cs6-165x300.jpg 165w, https:\/\/www.semente-de-letras.pt\/website\/wp-content\/uploads\/2024\/09\/12_cs6-563x1024.jpg 563w, https:\/\/www.semente-de-letras.pt\/website\/wp-content\/uploads\/2024\/09\/12_cs6-768x1396.jpg 768w, https:\/\/www.semente-de-letras.pt\/website\/wp-content\/uploads\/2024\/09\/12_cs6-845x1536.jpg 845w, https:\/\/www.semente-de-letras.pt\/website\/wp-content\/uploads\/2024\/09\/12_cs6-1127x2048.jpg 1127w, https:\/\/www.semente-de-letras.pt\/website\/wp-content\/uploads\/2024\/09\/12_cs6.jpg 1228w\" sizes=\"auto, (max-width: 154px) 100vw, 154px\" \/><\/td>\n<\/tr>\n<\/tbody>\n<\/table>\n<p><span style=\"font-family: verdana, geneva, sans-serif; font-size: 10pt;\">2017 \u2013 95 p\u00e1ginas ISBN 978-989-20-7099-5 \/ Dep\u00f3sito Legal n.\u00ba 417138\/16<\/span><br \/>\n<span style=\"font-family: verdana, geneva, sans-serif; font-size: 10pt;\">Autores:&nbsp;<strong>Jorge Bas\u00edlio<\/strong>&nbsp;e&nbsp;<strong>Zulmira Lima<\/strong>&nbsp;| ilustrado por&nbsp;<strong>Sofia Linhares&nbsp;<\/strong>e&nbsp;<strong>Diogo Linhares<\/strong><strong><br \/>\n<\/strong>Edi\u00e7\u00e3o:&nbsp;<a href=\"https:\/\/www.semente-de-letras.pt\/website\/\">Semente de Letras<sup>\u00ae<\/sup><\/a><br \/>\n<\/span><span style=\"font-family: verdana, geneva, sans-serif; font-size: 10pt;\">Obra lan\u00e7ada no \u00e2mbito dos 500 anos do Foral de Vila do Conde<\/span><img loading=\"lazy\" decoding=\"async\" class=\"aligncenter  wp-image-2025\" src=\"https:\/\/www.semente-de-letras.pt\/website\/wp-content\/uploads\/2025\/11\/500_anos_foral_vcd.png\" alt=\"\" width=\"109\" height=\"54\" data-wp-editing=\"1\"><\/p>\n<hr>\n<p style=\"text-align: center;\"><img loading=\"lazy\" decoding=\"async\" class=\"aligncenter wp-image-1355 size-full\" src=\"https:\/\/www.semente-de-letras.pt\/website\/wp-content\/uploads\/2024\/09\/ilustra_inicial_b.png\" alt=\"\" width=\"750\" height=\"510\" srcset=\"https:\/\/www.semente-de-letras.pt\/website\/wp-content\/uploads\/2024\/09\/ilustra_inicial_b.png 750w, https:\/\/www.semente-de-letras.pt\/website\/wp-content\/uploads\/2024\/09\/ilustra_inicial_b-300x204.png 300w\" sizes=\"auto, (max-width: 706px) 89vw, (max-width: 767px) 82vw, 740px\" \/><\/p>\n<p><span style=\"font-family: verdana, geneva, sans-serif; font-size: 10pt;\"><strong><em>Sinopse<br \/>\n<\/em><\/strong><em>&#8220;Este novo t\u00edtulo da cole\u00e7\u00e3o \u201cO mundo de Ernesto\u201d leva-nos at\u00e9 Vila do Conde, no virar do s\u00e9culo XV. O foral, a visita do rei D. Manuel I, o Mosteiro de Santa Clara e a Igreja Matriz, s\u00e3o as raz\u00f5es que levam Ernesto e o seu grupo a envolverem-se numa nova e empolgante aventura na \u00e9poca dos descobrimentos. Inevitavelmente, Zatter, o personagem diab\u00f3lico e o c\u00e9lebre \u201cmurag\u201d, contribuem para que este enigma se torne numa aventura cheia de perip\u00e9cias e, ao mesmo tempo, num desvendar de factos cruciais para a hist\u00f3ria de Vila do Conde, contados de uma forma divertida.&#8221;<\/em><\/span><\/p>\n","protected":false},"excerpt":{"rendered":"<p>2017 \u2013 95 p\u00e1ginas ISBN 978-989-20-7099-5 \/ Dep\u00f3sito Legal n.\u00ba 417138\/16 Autores:&nbsp;Jorge Bas\u00edlio&nbsp;e&nbsp;Zulmira Lima&nbsp;| ilustrado por&nbsp;Sofia Linhares&nbsp;e&nbsp;Diogo Linhares Edi\u00e7\u00e3o:&nbsp;Semente de Letras\u00ae Obra lan\u00e7ada no \u00e2mbito dos 500 anos do Foral de Vila do Conde Sinopse &#8220;Este novo t\u00edtulo da cole\u00e7\u00e3o \u201cO mundo de Ernesto\u201d leva-nos at\u00e9 Vila do Conde, no virar do s\u00e9culo XV. O &hellip; <\/p>\n<p class=\"link-more\"><a href=\"https:\/\/www.semente-de-letras.pt\/website\/literatura\/publicacoes\/o-enigma-do-foral\/\" class=\"more-link\">Continuar a ler <span class=\"screen-reader-text\">&#8220;O Enigma do Foral&#8221;<\/span><\/a><\/p>\n","protected":false},"author":1,"featured_media":0,"parent":89,"menu_order":5,"comment_status":"closed","ping_status":"closed","template":"","meta":{"ngg_post_thumbnail":0,"footnotes":""},"class_list":["post-213","page","type-page","status-publish","hentry"],"_links":{"self":[{"href":"https:\/\/www.semente-de-letras.pt\/website\/wp-json\/wp\/v2\/pages\/213","targetHints":{"allow":["GET"]}}],"collection":[{"href":"https:\/\/www.semente-de-letras.pt\/website\/wp-json\/wp\/v2\/pages"}],"about":[{"href":"https:\/\/www.semente-de-letras.pt\/website\/wp-json\/wp\/v2\/types\/page"}],"author":[{"embeddable":true,"href":"https:\/\/www.semente-de-letras.pt\/website\/wp-json\/wp\/v2\/users\/1"}],"replies":[{"embeddable":true,"href":"https:\/\/www.semente-de-letras.pt\/website\/wp-json\/wp\/v2\/comments?post=213"}],"version-history":[{"count":30,"href":"https:\/\/www.semente-de-letras.pt\/website\/wp-json\/wp\/v2\/pages\/213\/revisions"}],"predecessor-version":[{"id":2026,"href":"https:\/\/www.semente-de-letras.pt\/website\/wp-json\/wp\/v2\/pages\/213\/revisions\/2026"}],"up":[{"embeddable":true,"href":"https:\/\/www.semente-de-letras.pt\/website\/wp-json\/wp\/v2\/pages\/89"}],"wp:attachment":[{"href":"https:\/\/www.semente-de-letras.pt\/website\/wp-json\/wp\/v2\/media?parent=213"}],"curies":[{"name":"wp","href":"https:\/\/api.w.org\/{rel}","templated":true}]}}