{"id":800,"date":"2020-04-30T10:27:25","date_gmt":"2020-04-30T10:27:25","guid":{"rendered":"http:\/\/www.semente-de-letras.pt\/website\/?page_id=800"},"modified":"2026-01-01T22:09:27","modified_gmt":"2026-01-01T22:09:27","slug":"cookie-policy","status":"publish","type":"page","link":"https:\/\/www.semente-de-letras.pt\/website\/cookie-policy\/","title":{"rendered":"pol\u00edtica de cookies"},"content":{"rendered":"<p style=\"text-align: right;\"><a href=\"https:\/\/www.semente-de-letras.pt\/website\/privacy-policy\/\"><span style=\"font-family: verdana, geneva, sans-serif; font-size: 10pt;\">ver pol\u00edtica de privacidade<\/span><\/a><\/p>\n<div>\n<hr>\n<\/div>\n<div>\n<p><span style=\"font-family: verdana, geneva, sans-serif; font-size: 10pt;\"><strong><a id=\"A0\"><\/a>Pol\u00edtica de Cookies<\/strong><span style=\"font-size: 8pt;\"> (atualizada em 01 de janeiro de 2026)<\/span><\/span><\/p>\n<p><span style=\"font-family: verdana, geneva, sans-serif; font-size: 8pt;\"><strong>Este website utiliza cookies para melhorar o seu servi\u00e7o<\/strong><\/span><\/p>\n<p><span style=\"font-family: verdana, geneva, sans-serif; font-size: 8pt;\"><strong><span style=\"font-size: 10pt;\">O que s\u00e3o cookies?<\/span><br \/>\n<\/strong>Os cookies s\u00e3o pequenos ficheiros de texto que um website, ao ser visitado pelo utilizador, coloca no seu computador ou no seu dispositivo m\u00f3vel atrav\u00e9s do navegador de internet (browser). A coloca\u00e7\u00e3o de cookies ajudar\u00e1 o site a reconhecer o seu dispositivo na pr\u00f3xima vez que o utilizador o visita. Usamos o termo cookies nesta pol\u00edtica para referir todos os ficheiros que recolhem informa\u00e7\u00f5es desta forma. Alguns cookies s\u00e3o essenciais para garantir as funcionalidades disponibilizadas, enquanto outros s\u00e3o destinadas a melhorar o desempenho e a experi\u00eancia do utilizador. N\u00e3o dever\u00e1 continuar a aceder ao nosso website ap\u00f3s o alerta sobre os cookies, se n\u00e3o concordar com a sua utiliza\u00e7\u00e3o.<\/span><\/p>\n<p><span style=\"font-family: verdana, geneva, sans-serif; font-size: 8pt;\"><strong><span style=\"font-size: 10pt;\">Que tipo de cookies utilizamos?<\/span><br \/>\n<\/strong>Utilizamos cookies que armazenam informa\u00e7\u00f5es sobre como os visitantes utilizam um website, ao mesmo tempo em que cria um relat\u00f3rio anal\u00edtico sobre o desempenho do website. Alguns dos dados que s\u00e3o coletados incluem o n\u00famero de visitantes, sua fonte e as p\u00e1ginas que visitam anonimamente (24 horas). Este cookie armazena informa\u00e7\u00f5es em n\u00edvel de sess\u00e3o (30 minutos).<\/span><\/p>\n<p><span style=\"font-family: verdana, geneva, sans-serif; font-size: 8pt;\"><strong><span style=\"font-size: 10pt;\">Aceitar\/Recusar cookies<\/span><br \/>\n<\/strong>Poder\u00e1 a qualquer momento optar por aceitar ou recusar a instala\u00e7\u00e3o de cookies no seu terminal, configurando o software de navega\u00e7\u00e3o.&nbsp;<\/span><\/p>\n<p><span style=\"font-family: verdana, geneva, sans-serif; font-size: 8pt;\"><strong>Se aceitar cookies<br \/>\n<\/strong>O registo de uma cookie no seu terminal depende da sua vontade. Em qualquer momento, poder\u00e1 exprimir e modificar a sua escolha gratuitamente atrav\u00e9s das op\u00e7\u00f5es disponibilizadas pelo seu software de navega\u00e7\u00e3o. <\/span><span style=\"font-family: verdana, geneva, sans-serif; font-size: 8pt;\">Se no software de navega\u00e7\u00e3o que utiliza tiver aceitado a grava\u00e7\u00e3o de cookies no seu terminal, as cookies integradas nas p\u00e1ginas e conte\u00fados que tiver consultado poder\u00e3o ficar temporariamente armazenadas num espa\u00e7o espec\u00edfico do seu terminal. Nesse local, ser\u00e3o leg\u00edveis apenas pelo emissor das mesmas.&nbsp;<\/span><\/p>\n<p><span style=\"font-family: verdana, geneva, sans-serif; font-size: 8pt;\"><strong>Qual \u00e9 o interesse de aceitar cookies?<br \/>\n<\/strong>Quando visitar www.semente-de-letras.pt site de Semente de Letras<sup>\u00ae<\/sup>, estas cookies registar\u00e3o determinadas informa\u00e7\u00f5es que est\u00e3o armazenadas no seu terminal. Estas informa\u00e7\u00f5es servem, nomeadamente, para lhe propor produtos em fun\u00e7\u00e3o dos artigos que j\u00e1 selecionou aquando de suas visitas anteriores, e permitem-lhe assim beneficiar de uma melhor navega\u00e7\u00e3o no nosso Site.&nbsp;<\/span><\/p>\n<p><span style=\"font-family: verdana, geneva, sans-serif; font-size: 8pt;\"><strong>Se recusar cookies<br \/>\n<\/strong>Quando recusa cookies, n\u00f3s instalamos, contudo, uma cookie de &#8220;recusa&#8221;. Esta cookie permite-nos memorizar a sua escolha, de modo a evitar que lhe perguntemos a cada visita se deseja aceitar ou recusar cookies.<\/span><\/p>\n<p><span style=\"font-family: verdana, geneva, sans-serif; font-size: 8pt;\"><strong><span style=\"font-size: 10pt;\">Configura\u00e7\u00e3o do seu navegador<\/span><br \/>\n<\/strong>A configura\u00e7\u00e3o da gest\u00e3o das cookies depende de cada navegador e est\u00e1 presente no menu de ajuda do seu navegador.<\/span><\/p>\n<p><span style=\"font-family: verdana, geneva, sans-serif; font-size: 8pt;\"><u><span style=\"font-size: 10pt;\">No Internet Explorer<\/span><br \/>\n<\/u>Para personalizar as defini\u00e7\u00f5es relativas \u00e0s cookies para uma p\u00e1gina web, no Internet Explorer:<br \/>\n&#8211; Clique no bot\u00e3o Ferramentas e depois em Op\u00e7\u00f5es da Internet;<br \/>\n<\/span><span style=\"font-family: verdana, geneva, sans-serif; font-size: 8pt;\">&#8211; Clique no separador Privacidade e depois em Sites;<br \/>\n&#8211; No espa\u00e7o Endere\u00e7o do Web site, insira o endere\u00e7o completo (URL) da p\u00e1gina web cujas defini\u00e7\u00f5es de privacidade deseja personalizar.&nbsp; Por exemplo, http:\/\/www.microsoft.com;<br \/>\n&#8211; Para autorizar o registo de cookies da p\u00e1gina web especificada no seu computador, clique em Permitir;<br \/>\n&#8211; Para proibir o registo de cookies da p\u00e1gina web especificada no seu computador, clique em Bloquear;<br \/>\n&#8211; Repita as etapas 3 e 4 para cada p\u00e1gina web que queira bloquear ou permitir;<br \/>\n&#8211; Quando terminar, clique em OK duas vezes.<\/span><\/p>\n<p><span style=\"font-family: verdana, geneva, sans-serif; font-size: 8pt;\"><u><span style=\"font-size: 10pt;\">No Safari<\/span><br \/>\n<\/u>&#8211; V\u00e1 a Prefer\u00eancias, clique no painel Privacidade e, de seguida, gerir as Cookies.<\/span><\/p>\n<p><span style=\"font-family: verdana, geneva, sans-serif; font-size: 8pt;\"><u><span style=\"font-size: 10pt;\">No Chrome<\/span><br \/>\n<\/u>&#8211; Clique no menu do Chrome que est\u00e1 situado na barra de ferramentas do navegador. Selecione Defini\u00e7\u00f5es. &#8211; Clique em Mostrar defini\u00e7\u00f5es avan\u00e7adas. Na sec\u00e7\u00e3o &#8220;Privacidade&#8221;, clique no bot\u00e3o Defini\u00e7\u00f5es de conte\u00fado. Na sec\u00e7\u00e3o &#8220;Cookies&#8221; poder\u00e1 modificar as defini\u00e7\u00f5es seguintes:<\/span><br \/>\n<span style=\"font-family: verdana, geneva, sans-serif; font-size: 8pt;\">&#8211; Eliminar cookies;<\/span><br \/>\n<span style=\"font-family: verdana, geneva, sans-serif; font-size: 8pt;\">&#8211; Bloquear cookies por predefini\u00e7\u00e3o;<\/span><br \/>\n<span style=\"font-family: verdana, geneva, sans-serif; font-size: 8pt;\">&#8211; Permitir cookies por predefini\u00e7\u00e3o;<\/span><br \/>\n<span style=\"font-family: verdana, geneva, sans-serif; font-size: 8pt;\">&#8211; Criar exce\u00e7\u00f5es para cookies de Websites ou dom\u00ednios espec\u00edficos.<\/span><\/p>\n<p><span style=\"font-family: verdana, geneva, sans-serif; font-size: 8pt;\"><u><span style=\"font-size: 10pt;\">No Firefox<\/span><br \/>\n<\/u>&#8211; Clique no bot\u00e3o Ferramentas e depois em Op\u00e7\u00f5es;<\/span><br \/>\n<span style=\"font-family: verdana, geneva, sans-serif; font-size: 8pt;\">&#8211; Clique no separador Privacidade;<\/span><br \/>\n<span style=\"font-family: verdana, geneva, sans-serif; font-size: 8pt;\">&#8211; No Hist\u00f3rico, selecione &#8220;Usar defini\u00e7\u00f5es personalizadas para o hist\u00f3rico&#8221;;<\/span><br \/>\n<span style=\"font-family: verdana, geneva, sans-serif; font-size: 8pt;\">&#8211; Assinalar a quadr\u00edcula &#8220;aceitar cookies&#8221; e clicar em exce\u00e7\u00f5es para escolher os s\u00edtios web que ter\u00e3o ou n\u00e3o ter\u00e3o permiss\u00e3o para instalar cookies no seu terminal.<\/span><\/p>\n<p><span style=\"font-family: verdana, geneva, sans-serif; font-size: 8pt;\"><u><span style=\"font-size: 10pt;\">No Opera<\/span><br \/>\n<\/u>&#8211; Prefer\u00eancias &gt; Avan\u00e7ado&gt; Cookies;<\/span><br \/>\n<span style=\"font-family: verdana, geneva, sans-serif; font-size: 8pt;\">&#8211; As prefer\u00eancias de cookies permitem-lhe controlar a forma como o Opera gere as cookies. A configura\u00e7\u00e3o por defeito \u00e9 aceitar todas as cookies.<\/span><\/p>\n<p><span style=\"font-family: verdana, geneva, sans-serif; font-size: 10pt;\"><strong>Aceitar cookies<\/strong><\/span><br \/>\n<span style=\"font-family: verdana, geneva, sans-serif; font-size: 8pt;\">&#8211; Todas as cookies s\u00e3o aceites (por defeito);<\/span><br \/>\n<span style=\"font-family: verdana, geneva, sans-serif; font-size: 8pt;\">&#8211; Aceitar cookies apenas do site que visito;<\/span><br \/>\n<span style=\"font-family: verdana, geneva, sans-serif; font-size: 8pt;\">&#8211; As cookies de terceiros, de um dom\u00ednio exterior \u00e0quele que est\u00e1 a visitar, ser\u00e3o recusadas.<\/span><\/p>\n<p><span style=\"font-family: verdana, geneva, sans-serif; font-size: 10pt;\"><strong>Nunca aceitar cookies<\/strong><\/span><br \/>\n<span style=\"font-family: verdana, geneva, sans-serif; font-size: 8pt;\">&#8211; Todas as cookies ser\u00e3o recusadas.<\/span><\/p>\n<p><span style=\"font-family: verdana, geneva, sans-serif; font-size: 8pt;\"><strong><span style=\"font-size: 10pt;\">Atualiza\u00e7\u00e3o da Notifica\u00e7\u00e3o Legal<\/span><br \/>\n<\/strong>A Semente de Letras<sup>\u00ae<\/sup>, reserva-se o direito de fazer quaisquer altera\u00e7\u00f5es ou corre\u00e7\u00f5es a esta notifica\u00e7\u00e3o de cookies. Por favor consulte esta p\u00e1gina regularmente de modo a rever a informa\u00e7\u00e3o e verificar se existe alguma atualiza\u00e7\u00e3o.<\/span><\/p>\n<p><span style=\"font-family: verdana, geneva, sans-serif; font-size: 8pt;\"><strong><span style=\"font-size: 10pt;\">Atualiza\u00e7\u00f5es da Presente Pol\u00edtica de Cookies<\/span><br \/>\n<\/strong>Esta Pol\u00edtica de Cookies est\u00e1 sujeita a altera\u00e7\u00f5es. A indica\u00e7\u00e3o da data da \u00faltima atualiza\u00e7\u00e3o a este documento consta da legenda \u201c<a href=\"#A0\">Atualizada em<\/a>\u201d, no cabe\u00e7alho deste documento. As altera\u00e7\u00f5es a esta Pol\u00edtica de Cookies entrar\u00e3o em vigor no momento da sua publica\u00e7\u00e3o no website.<\/span><\/p>\n<\/div>\n<div>\n<hr>\n<\/div>\n<div style=\"text-align: left;\"><span style=\"font-family: verdana, geneva, sans-serif; font-size: 8pt;\">[<a href=\"#A0\">para cima<\/a>]<\/span><\/div>\n","protected":false},"excerpt":{"rendered":"<p>ver pol\u00edtica de privacidade Pol\u00edtica de Cookies (atualizada em 01 de janeiro de 2026) Este website utiliza cookies para melhorar o seu servi\u00e7o O que s\u00e3o cookies? Os cookies s\u00e3o pequenos ficheiros de texto que um website, ao ser visitado pelo utilizador, coloca no seu computador ou no seu dispositivo m\u00f3vel atrav\u00e9s do navegador de &hellip; <\/p>\n<p class=\"link-more\"><a href=\"https:\/\/www.semente-de-letras.pt\/website\/cookie-policy\/\" class=\"more-link\">Continuar a ler <span class=\"screen-reader-text\">&#8220;pol\u00edtica de cookies&#8221;<\/span><\/a><\/p>\n","protected":false},"author":1,"featured_media":0,"parent":0,"menu_order":0,"comment_status":"closed","ping_status":"closed","template":"","meta":{"ngg_post_thumbnail":0,"footnotes":""},"class_list":["post-800","page","type-page","status-publish","hentry"],"_links":{"self":[{"href":"https:\/\/www.semente-de-letras.pt\/website\/wp-json\/wp\/v2\/pages\/800","targetHints":{"allow":["GET"]}}],"collection":[{"href":"https:\/\/www.semente-de-letras.pt\/website\/wp-json\/wp\/v2\/pages"}],"about":[{"href":"https:\/\/www.semente-de-letras.pt\/website\/wp-json\/wp\/v2\/types\/page"}],"author":[{"embeddable":true,"href":"https:\/\/www.semente-de-letras.pt\/website\/wp-json\/wp\/v2\/users\/1"}],"replies":[{"embeddable":true,"href":"https:\/\/www.semente-de-letras.pt\/website\/wp-json\/wp\/v2\/comments?post=800"}],"version-history":[{"count":21,"href":"https:\/\/www.semente-de-letras.pt\/website\/wp-json\/wp\/v2\/pages\/800\/revisions"}],"predecessor-version":[{"id":2149,"href":"https:\/\/www.semente-de-letras.pt\/website\/wp-json\/wp\/v2\/pages\/800\/revisions\/2149"}],"wp:attachment":[{"href":"https:\/\/www.semente-de-letras.pt\/website\/wp-json\/wp\/v2\/media?parent=800"}],"curies":[{"name":"wp","href":"https:\/\/api.w.org\/{rel}","templated":true}]}}