{"id":95,"date":"2020-04-01T14:31:02","date_gmt":"2020-04-01T14:31:02","guid":{"rendered":"http:\/\/www.semente-de-letras.pt\/website\/?page_id=95"},"modified":"2026-02-13T23:33:58","modified_gmt":"2026-02-13T23:33:58","slug":"consignacao","status":"publish","type":"page","link":"https:\/\/www.semente-de-letras.pt\/website\/literatura\/consignacao\/","title":{"rendered":"consigna\u00e7\u00e3o"},"content":{"rendered":"<p><span style=\"font-size: 10pt; font-family: verdana, geneva, sans-serif;\"><a id=\"A0\"><\/a>O regime de&nbsp;<b>consigna\u00e7\u00e3o<\/b> \u00e9 um tipo de procedimento de venda no qual o risco \u00e9 do fornecedor, que disponibiliza ao empres\u00e1rio vendedor (livraria) uma determinada quantidade de produtos, com margem percentual previamente definida e realizado em data acordada. <\/span><span style=\"font-size: 10pt; font-family: verdana, geneva, sans-serif;\">Neste procedimento a Semente de Letras<sup>\u00ae<\/sup> garante&nbsp;\u00e0 livraria:<\/span><\/p>\n<ul>\n<li><span style=\"font-size: 10pt; font-family: verdana, geneva, sans-serif;\">um lote de exemplares da(s) obra(s) pretendida(s), a acordar entre as partes;<\/span><\/li>\n<li><span style=\"font-size: 10pt; font-family: verdana, geneva, sans-serif;\">apresenta\u00e7\u00e3o da(s) obra(s) consignada(s), a marcar de acordo com a disponibilidade do(s) autor(es) e interesses m\u00fatuos;<\/span><\/li>\n<li><span style=\"font-size: 10pt; font-family: verdana, geneva, sans-serif;\">divulga\u00e7\u00e3o no website oficial da editora (https:\/\/www.semente-de-letras.pt\/website\/)<\/span><\/li>\n<\/ul>\n<p><span style=\"font-size: 10pt; font-family: verdana, geneva, sans-serif;\">Se pretender aderir \u00e0 nossa rede de distribui\u00e7\u00e3o, por favor, contacte-nos pelo seguinte endere\u00e7o eletr\u00f3nico:&nbsp;<a href=\"mailto:geral@semente-de-letras.pt\">geral@semente-de-letras.pt<\/a><\/span><\/p>\n<p style=\"text-align: center;\"><span style=\"font-family: verdana, geneva, sans-serif; font-size: 8pt;\">[<a title=\"Modelo de Contrato de Consigna\u00e7\u00e3o a estabelecer entre as partes\" href=\"https:\/\/www.semente-de-letras.pt\/website\/wp-content\/uploads\/2026\/02\/contrato_consignacao.pdf\" target=\"_blank\" rel=\"noopener\">modelo de contrato de consigna\u00e7\u00e3o<\/a>]<\/span><\/p>\n<hr>\n<p><span style=\"font-size: 8pt; font-family: verdana, geneva, sans-serif;\">[<a href=\"#A0\">para cima<\/a>]<\/span><\/p>\n","protected":false},"excerpt":{"rendered":"<p>O regime de&nbsp;consigna\u00e7\u00e3o \u00e9 um tipo de procedimento de venda no qual o risco \u00e9 do fornecedor, que disponibiliza ao empres\u00e1rio vendedor (livraria) uma determinada quantidade de produtos, com margem percentual previamente definida e realizado em data acordada. Neste procedimento a Semente de Letras\u00ae garante&nbsp;\u00e0 livraria: um lote de exemplares da(s) obra(s) pretendida(s), a acordar &hellip; <\/p>\n<p class=\"link-more\"><a href=\"https:\/\/www.semente-de-letras.pt\/website\/literatura\/consignacao\/\" class=\"more-link\">Continuar a ler <span class=\"screen-reader-text\">&#8220;consigna\u00e7\u00e3o&#8221;<\/span><\/a><\/p>\n","protected":false},"author":1,"featured_media":0,"parent":8,"menu_order":5,"comment_status":"closed","ping_status":"closed","template":"","meta":{"ngg_post_thumbnail":0,"footnotes":""},"class_list":["post-95","page","type-page","status-publish","hentry"],"_links":{"self":[{"href":"https:\/\/www.semente-de-letras.pt\/website\/wp-json\/wp\/v2\/pages\/95","targetHints":{"allow":["GET"]}}],"collection":[{"href":"https:\/\/www.semente-de-letras.pt\/website\/wp-json\/wp\/v2\/pages"}],"about":[{"href":"https:\/\/www.semente-de-letras.pt\/website\/wp-json\/wp\/v2\/types\/page"}],"author":[{"embeddable":true,"href":"https:\/\/www.semente-de-letras.pt\/website\/wp-json\/wp\/v2\/users\/1"}],"replies":[{"embeddable":true,"href":"https:\/\/www.semente-de-letras.pt\/website\/wp-json\/wp\/v2\/comments?post=95"}],"version-history":[{"count":16,"href":"https:\/\/www.semente-de-letras.pt\/website\/wp-json\/wp\/v2\/pages\/95\/revisions"}],"predecessor-version":[{"id":2240,"href":"https:\/\/www.semente-de-letras.pt\/website\/wp-json\/wp\/v2\/pages\/95\/revisions\/2240"}],"up":[{"embeddable":true,"href":"https:\/\/www.semente-de-letras.pt\/website\/wp-json\/wp\/v2\/pages\/8"}],"wp:attachment":[{"href":"https:\/\/www.semente-de-letras.pt\/website\/wp-json\/wp\/v2\/media?parent=95"}],"curies":[{"name":"wp","href":"https:\/\/api.w.org\/{rel}","templated":true}]}}